{"id":50560,"date":"2026-01-16T15:47:49","date_gmt":"2026-01-16T07:47:49","guid":{"rendered":"https:\/\/ww2.teamretro.com\/divulgacao-responsavel\/"},"modified":"2026-01-16T15:47:49","modified_gmt":"2026-01-16T07:47:49","slug":"divulgacao-responsavel","status":"publish","type":"page","link":"https:\/\/ww2.teamretro.com\/pt-br\/divulgacao-responsavel\/","title":{"rendered":"Divulga\u00e7\u00e3o Respons\u00e1vel"},"content":{"rendered":"<p><div class=\"fusion-fullwidth fullwidth-box fusion-builder-row-1 fusion-flex-container fusion-parallax-none nonhundred-percent-fullwidth non-hundred-percent-height-scrolling lazyload hero-container\" style=\"--awb-border-radius-top-left:0px;--awb-border-radius-top-right:0px;--awb-border-radius-bottom-right:0px;--awb-border-radius-bottom-left:0px;--awb-padding-top:140px;--awb-padding-bottom:100px;--awb-background-color:#6e8792;--awb-background-size:cover;--awb-flex-wrap:wrap;\" data-bg=\"\/wp-content\/uploads\/2018\/06\/TopBackgroundGray-1.svg\" ><div class=\"fusion-builder-row fusion-row fusion-flex-align-items-flex-start fusion-flex-content-wrap\" style=\"max-width:1248px;margin-left: calc(-4% \/ 2 );margin-right: calc(-4% \/ 2 );\"><div class=\"fusion-layout-column fusion_builder_column fusion-builder-column-0 fusion_builder_column_1_1 1_1 fusion-flex-column\" style=\"--awb-bg-blend:overlay;--awb-bg-size:cover;--awb-width-large:100%;--awb-margin-top-large:0px;--awb-spacing-right-large:1.92%;--awb-margin-bottom-large:20px;--awb-spacing-left-large:1.92%;--awb-width-medium:100%;--awb-spacing-right-medium:1.92%;--awb-spacing-left-medium:1.92%;--awb-width-small:100%;--awb-spacing-right-small:1.92%;--awb-spacing-left-small:1.92%;\"><div class=\"fusion-column-wrapper fusion-flex-justify-content-flex-start fusion-content-layout-column\"><div class=\"fusion-image-element \" style=\"text-align:center;--awb-max-width:100px;--awb-caption-title-font-family:var(--h2_typography-font-family);--awb-caption-title-font-weight:var(--h2_typography-font-weight);--awb-caption-title-font-style:var(--h2_typography-font-style);--awb-caption-title-size:var(--h2_typography-font-size);--awb-caption-title-transform:var(--h2_typography-text-transform);--awb-caption-title-line-height:var(--h2_typography-line-height);--awb-caption-title-letter-spacing:var(--h2_typography-letter-spacing);\"><span class=\" fusion-imageframe imageframe-none imageframe-1 hover-type-none\"><img decoding=\"async\" width=\"265\" height=\"300\" alt=\"Seguran\u00e7a SSL\" title=\"Seguran\u00e7a SSL\" src=\"https:\/\/ww2.teamretro.com\/wp-content\/uploads\/2018\/06\/security-ssl.png\" data-orig-src=\"\/wp-content\/uploads\/2018\/06\/security-ssl-265x300.png\" class=\"lazyload img-responsive wp-image-42713\" srcset=\"data:image\/svg+xml,%3Csvg%20xmlns%3D%27http%3A%2F%2Fwww.w3.org%2F2000%2Fsvg%27%20width%3D%27300%27%20height%3D%27340%27%20viewBox%3D%270%200%20300%20340%27%3E%3Crect%20width%3D%27300%27%20height%3D%27340%27%20fill-opacity%3D%220%22%2F%3E%3C%2Fsvg%3E\" data-srcset=\"https:\/\/ww2.teamretro.com\/wp-content\/uploads\/2018\/06\/security-ssl-200x227.png 200w, https:\/\/ww2.teamretro.com\/wp-content\/uploads\/2018\/06\/security-ssl.png 300w\" data-sizes=\"auto\" data-orig-sizes=\"(max-width: 1024px) 100vw, (max-width: 640px) 100vw, 265px\" \/><\/span><\/div><div class=\"fusion-text fusion-text-1\" style=\"--awb-content-alignment:center;\"><h1>Divulga\u00e7\u00e3o Respons\u00e1vel<\/h1>\n<\/div><div class=\"fusion-text fusion-text-2\" style=\"--awb-content-alignment:center;--awb-margin-top:18px;\"><h2 style=\"text-align: center;\">Nossos clientes confiam em n\u00f3s para manter seus dados seguros e confidenciais. Levamos a seguran\u00e7a a s\u00e9rio e trabalhamos constantemente para garantir que essa confian\u00e7a seja bem fundamentada. Tem algo para relatar? Entre em contato conosco em <a style=\"color: white; text-decoration: underline;\" href=\"mailto:security@teamretro.com\">security@teamretro.com<\/a>   <\/h2>\n<\/div><\/div><\/div><\/div><\/div><div class=\"fusion-fullwidth fullwidth-box fusion-builder-row-2 fusion-flex-container nonhundred-percent-fullwidth non-hundred-percent-height-scrolling\" style=\"--awb-border-radius-top-left:0px;--awb-border-radius-top-right:0px;--awb-border-radius-bottom-right:0px;--awb-border-radius-bottom-left:0px;--awb-padding-top:5rem;--awb-padding-bottom:5rem;--awb-background-color:#ffffff;--awb-flex-wrap:wrap;\" ><div class=\"fusion-builder-row fusion-row fusion-flex-align-items-flex-start fusion-flex-content-wrap\" style=\"max-width:1248px;margin-left: calc(-4% \/ 2 );margin-right: calc(-4% \/ 2 );\"><div class=\"fusion-layout-column fusion_builder_column fusion-builder-column-1 fusion_builder_column_1_1 1_1 fusion-flex-column\" style=\"--awb-bg-blend:overlay;--awb-bg-size:cover;--awb-width-large:100%;--awb-margin-top-large:0px;--awb-spacing-right-large:1.92%;--awb-margin-bottom-large:20px;--awb-spacing-left-large:1.92%;--awb-width-medium:100%;--awb-spacing-right-medium:1.92%;--awb-spacing-left-medium:1.92%;--awb-width-small:100%;--awb-spacing-right-small:1.92%;--awb-spacing-left-small:1.92%;\"><div class=\"fusion-column-wrapper fusion-flex-justify-content-flex-start fusion-content-layout-column\"><div class=\"fusion-text fusion-text-3\"><h2>Divulga\u00e7\u00e3o respons\u00e1vel<\/h2>\n<p>Incentivamos todos que praticam a divulga\u00e7\u00e3o respons\u00e1vel e cumprem nossas pol\u00edticas e termos de servi\u00e7o a participar do nosso programa de recompensas por bugs. Evite testes automatizados e realize testes de seguran\u00e7a apenas com seus pr\u00f3prios dados. N\u00e3o divulgue nenhuma informa\u00e7\u00e3o sobre as vulnerabilidades at\u00e9 que as corrijamos. As recompensas s\u00e3o feitas a nosso crit\u00e9rio, dependendo da criticidade da vulnerabilidade relatada, e s\u00e3o distribu\u00eddas via PayPal.   <\/p>\n<p>Voc\u00ea pode relatar vulnerabilidades entrando em contato com <a href=\"mailto:security@teamretro.com\">security@teamretro.com<\/a>. Inclua uma prova de conceito. Responderemos o mais r\u00e1pido poss\u00edvel \u00e0 sua submiss\u00e3o e n\u00e3o tomaremos medidas legais se voc\u00ea seguir as regras.  <\/p>\n<p><strong><em>Cobertura<\/em><\/strong><\/p>\n<ul>\n<li>*.teamretro.com<br \/>Especificamente:\n<ul>\n<li>secure.teamretro.com<\/li>\n<\/ul>\n<\/li>\n<\/ul>\n<p><strong><em>Exclus\u00f5es<\/em><\/strong><\/p>\n<ul>\n<li>*.eu.teamretro.com<\/li>\n<li>ww1.teamretro.com<\/li>\n<li>ww2.teamretro.com<\/li>\n<li>ww3.teamretro.com<\/li>\n<li>www.teamretro.com<\/li>\n<li>at.teamretro.com<\/li>\n<li>help.teamretro.com<\/li>\n<li>feedback.teamretro.com<\/li>\n<li>mail.teamretro.com<\/li>\n<li>status.teamretro.com<\/li>\n<li>track.teamretro.com<\/li>\n<li>icebreaker.teamretro.com<\/li>\n<li>www-assets.teamretro.com<\/li>\n<li style=\"list-style-type: none;\">&nbsp;<\/li>\n<\/ul>\n<p><strong><em>As vulnerabilidades aceitas s\u00e3o as seguintes<\/em><\/strong><\/p>\n<ul>\n<li>Cross-Site Scripting (XSS)<\/li>\n<li>Redirecionamento aberto<\/li>\n<li>Cross-site Request Forgery (CSRF)<\/li>\n<li>Inclus\u00e3o de comando\/arquivo\/URL<\/li>\n<li>Problemas de autentica\u00e7\u00e3o<\/li>\n<li>Execu\u00e7\u00e3o de c\u00f3digo<\/li>\n<li>Inje\u00e7\u00f5es de c\u00f3digo ou banco de dados<\/li>\n<\/ul>\n<p><strong><em>Este programa de recompensas por bugs N\u00c3O inclui<\/em><\/strong><\/p>\n<ul>\n<li>Enumera\u00e7\u00f5es de conta\/e-mail<\/li>\n<li>Nega\u00e7\u00e3o de Servi\u00e7o (DoS)<\/li>\n<li>Ataques que podem prejudicar a confiabilidade\/integridade de nossos neg\u00f3cios<\/li>\n<li>Ataques de spam<\/li>\n<li>Clickjacking em p\u00e1ginas sem autentica\u00e7\u00e3o e\/ou altera\u00e7\u00f5es de estado confidenciais<\/li>\n<li>Avisos de conte\u00fado misto<\/li>\n<li>Falta de DNSSEC<\/li>\n<li>Spoofing de conte\u00fado\/inje\u00e7\u00e3o de texto<\/li>\n<li>Ataques de tempo<\/li>\n<li>Engenharia social<\/li>\n<li>Phishing<\/li>\n<li>Cookies inseguros para cookies n\u00e3o confidenciais ou cookies de terceiros<\/li>\n<li>Vulnerabilidades que exigem intera\u00e7\u00e3o extremamente improv\u00e1vel do usu\u00e1rio<\/li>\n<li>Explora\u00e7\u00f5es que exigem acesso f\u00edsico \u00e0 m\u00e1quina de um usu\u00e1rio<\/li>\n<li class=\"li1\">Cabe\u00e7alhos de seguran\u00e7a ausentes que n\u00e3o levam diretamente a uma vulnerabilidade<\/li>\n<li class=\"li1\">Melhores pr\u00e1ticas ausentes (exigimos evid\u00eancias de uma vulnerabilidade de seguran\u00e7a)<\/li>\n<\/ul>\n<p>A varredura automatizada deve ser limitada a 1 solicita\u00e7\u00e3o por segundo (1rps) sem acordo pr\u00e9vio, e todos os detalhes da recompensa por bugs devem permanecer confidenciais.<\/p>\n<\/div><\/div><\/div><\/div><\/div><div class=\"fusion-fullwidth fullwidth-box fusion-builder-row-3 fusion-flex-container nonhundred-percent-fullwidth non-hundred-percent-height-scrolling\" style=\"--awb-border-radius-top-left:0px;--awb-border-radius-top-right:0px;--awb-border-radius-bottom-right:0px;--awb-border-radius-bottom-left:0px;--awb-padding-top:6.25rem;--awb-padding-bottom:5rem;--awb-background-color:#f1f4f3;--awb-flex-wrap:wrap;\" ><div class=\"fusion-builder-row fusion-row fusion-flex-align-items-flex-start fusion-flex-content-wrap\" style=\"max-width:1248px;margin-left: calc(-4% \/ 2 );margin-right: calc(-4% \/ 2 );\"><div class=\"fusion-layout-column fusion_builder_column fusion-builder-column-2 fusion_builder_column_1_1 1_1 fusion-flex-column\" style=\"--awb-bg-blend:overlay;--awb-bg-size:cover;--awb-width-large:100%;--awb-margin-top-large:0px;--awb-spacing-right-large:1.92%;--awb-margin-bottom-large:20px;--awb-spacing-left-large:1.92%;--awb-width-medium:100%;--awb-spacing-right-medium:1.92%;--awb-spacing-left-medium:1.92%;--awb-width-small:100%;--awb-spacing-right-small:1.92%;--awb-spacing-left-small:1.92%;\"><div class=\"fusion-column-wrapper fusion-flex-justify-content-flex-start fusion-content-layout-column\"><div class=\"fusion-text fusion-text-4\"><h4>Nossos agradecimentos aos seguintes pesquisadores de seguran\u00e7a:<\/h4>\n<ul>\n<li>Abin Joseph<\/li>\n<li>daniel_v<\/li>\n<li>Ananda Dhakal<\/li>\n<li>Luiz Viana<\/li>\n<li>Aman Gupta<\/li>\n<li>Vipul Sahu<\/li>\n<li>Hsu Myat Noe<\/li>\n<li>Tomasz Bartoszewski<\/li>\n<li>Harry Gertos<\/li>\n<li>Sathwik Veeramaneni<\/li>\n<li>Yassine Nafiai<\/li>\n<li>SIDN SOC<\/li>\n<li>Burhan Chhotaudepur<\/li>\n<li>Faizan Nehal<\/li>\n<li>Aaditya Kumar Sharma<\/li>\n<li>Syed Ahsan Raza<\/li>\n<li>Mohammed Eldawody<\/li>\n<li>Yaniv Shoshani<\/li>\n<li>Lucas Werkmeister<\/li>\n<li>Ankit Rathva<\/li>\n<\/ul>\n<\/div><\/div><\/div><\/div><\/div><\/p>\n","protected":false},"excerpt":{"rendered":"","protected":false},"author":1,"featured_media":42715,"parent":0,"menu_order":0,"comment_status":"closed","ping_status":"closed","template":"100-width.php","meta":{"_acf_changed":false,"inline_featured_image":false,"footnotes":""},"class_list":["post-50560","page","type-page","status-publish","has-post-thumbnail","hentry"],"acf":[],"yoast_head":"<!-- This site is optimized with the Yoast SEO plugin v27.4 - https:\/\/yoast.com\/product\/yoast-seo-wordpress\/ -->\n<title>Divulga\u00e7\u00e3o Respons\u00e1vel | TeamRetro<\/title>\n<meta name=\"description\" content=\"Mantenha a seguran\u00e7a e a transpar\u00eancia com a divulga\u00e7\u00e3o respons\u00e1vel no TeamRetro. Saiba mais sobre nossa pol\u00edtica de relat\u00f3rio de vulnerabilidades e garantia da prote\u00e7\u00e3o de dados.\" \/>\n<meta name=\"robots\" content=\"index, follow, max-snippet:-1, max-image-preview:large, max-video-preview:-1\" \/>\n<link rel=\"canonical\" href=\"https:\/\/ww2.teamretro.com\/pt-br\/divulgacao-responsavel\/\" \/>\n<meta property=\"og:locale\" content=\"pt_BR\" \/>\n<meta property=\"og:type\" content=\"article\" \/>\n<meta property=\"og:title\" content=\"Divulga\u00e7\u00e3o Respons\u00e1vel | TeamRetro\" \/>\n<meta property=\"og:description\" content=\"Mantenha a seguran\u00e7a e a transpar\u00eancia com a divulga\u00e7\u00e3o respons\u00e1vel no TeamRetro. Saiba mais sobre nossa pol\u00edtica de relat\u00f3rio de vulnerabilidades e garantia da prote\u00e7\u00e3o de dados.\" \/>\n<meta property=\"og:url\" content=\"https:\/\/ww2.teamretro.com\/pt-br\/divulgacao-responsavel\/\" \/>\n<meta property=\"og:site_name\" content=\"TeamRetro\" \/>\n<meta property=\"article:publisher\" content=\"https:\/\/www.facebook.com\/teamretrohq\" \/>\n<meta property=\"og:image\" content=\"https:\/\/ww2.teamretro.com\/wp-content\/uploads\/2018\/06\/security-sso.png\" \/>\n\t<meta property=\"og:image:width\" content=\"300\" \/>\n\t<meta property=\"og:image:height\" content=\"340\" \/>\n\t<meta property=\"og:image:type\" content=\"image\/png\" \/>\n<meta name=\"twitter:card\" content=\"summary_large_image\" \/>\n<meta name=\"twitter:site\" content=\"@TeamRetroHQ\" \/>\n<meta name=\"twitter:label1\" content=\"Est. tempo de leitura\" \/>\n\t<meta name=\"twitter:data1\" content=\"6 minutos\" \/>\n<script type=\"application\/ld+json\" class=\"yoast-schema-graph\">{\"@context\":\"https:\\\/\\\/schema.org\",\"@graph\":[{\"@type\":\"WebPage\",\"@id\":\"https:\\\/\\\/ww2.teamretro.com\\\/pt-br\\\/divulgacao-responsavel\\\/\",\"url\":\"https:\\\/\\\/ww2.teamretro.com\\\/pt-br\\\/divulgacao-responsavel\\\/\",\"name\":\"Divulga\u00e7\u00e3o Respons\u00e1vel | TeamRetro\",\"isPartOf\":{\"@id\":\"https:\\\/\\\/ww2.teamretro.com\\\/pt-br\\\/#website\"},\"primaryImageOfPage\":{\"@id\":\"https:\\\/\\\/ww2.teamretro.com\\\/pt-br\\\/divulgacao-responsavel\\\/#primaryimage\"},\"image\":{\"@id\":\"https:\\\/\\\/ww2.teamretro.com\\\/pt-br\\\/divulgacao-responsavel\\\/#primaryimage\"},\"thumbnailUrl\":\"https:\\\/\\\/ww2.teamretro.com\\\/wp-content\\\/uploads\\\/2018\\\/06\\\/security-sso.png\",\"datePublished\":\"2026-01-16T07:47:49+00:00\",\"description\":\"Mantenha a seguran\u00e7a e a transpar\u00eancia com a divulga\u00e7\u00e3o respons\u00e1vel no TeamRetro. Saiba mais sobre nossa pol\u00edtica de relat\u00f3rio de vulnerabilidades e garantia da prote\u00e7\u00e3o de dados.\",\"breadcrumb\":{\"@id\":\"https:\\\/\\\/ww2.teamretro.com\\\/pt-br\\\/divulgacao-responsavel\\\/#breadcrumb\"},\"inLanguage\":\"pt-BR\",\"potentialAction\":[{\"@type\":\"ReadAction\",\"target\":[\"https:\\\/\\\/ww2.teamretro.com\\\/pt-br\\\/divulgacao-responsavel\\\/\"]}]},{\"@type\":\"ImageObject\",\"inLanguage\":\"pt-BR\",\"@id\":\"https:\\\/\\\/ww2.teamretro.com\\\/pt-br\\\/divulgacao-responsavel\\\/#primaryimage\",\"url\":\"https:\\\/\\\/ww2.teamretro.com\\\/wp-content\\\/uploads\\\/2018\\\/06\\\/security-sso.png\",\"contentUrl\":\"https:\\\/\\\/ww2.teamretro.com\\\/wp-content\\\/uploads\\\/2018\\\/06\\\/security-sso.png\",\"width\":300,\"height\":340,\"caption\":\"\u00cdcone de Single Sign On para p\u00e1gina de seguran\u00e7a\"},{\"@type\":\"BreadcrumbList\",\"@id\":\"https:\\\/\\\/ww2.teamretro.com\\\/pt-br\\\/divulgacao-responsavel\\\/#breadcrumb\",\"itemListElement\":[{\"@type\":\"ListItem\",\"position\":1,\"name\":\"Home\",\"item\":\"https:\\\/\\\/ww2.teamretro.com\\\/pt-br\\\/\"},{\"@type\":\"ListItem\",\"position\":2,\"name\":\"Divulga\u00e7\u00e3o Respons\u00e1vel\"}]},{\"@type\":\"WebSite\",\"@id\":\"https:\\\/\\\/ww2.teamretro.com\\\/pt-br\\\/#website\",\"url\":\"https:\\\/\\\/ww2.teamretro.com\\\/pt-br\\\/\",\"name\":\"TeamRetro\",\"description\":\"Agile retrospective, health check and estimation tool for distributed teams\",\"publisher\":{\"@id\":\"https:\\\/\\\/ww2.teamretro.com\\\/pt-br\\\/#organization\"},\"potentialAction\":[{\"@type\":\"SearchAction\",\"target\":{\"@type\":\"EntryPoint\",\"urlTemplate\":\"https:\\\/\\\/ww2.teamretro.com\\\/pt-br\\\/?s={search_term_string}\"},\"query-input\":{\"@type\":\"PropertyValueSpecification\",\"valueRequired\":true,\"valueName\":\"search_term_string\"}}],\"inLanguage\":\"pt-BR\"},{\"@type\":\"Organization\",\"@id\":\"https:\\\/\\\/ww2.teamretro.com\\\/pt-br\\\/#organization\",\"name\":\"TeamRetro\",\"url\":\"https:\\\/\\\/ww2.teamretro.com\\\/pt-br\\\/\",\"logo\":{\"@type\":\"ImageObject\",\"inLanguage\":\"pt-BR\",\"@id\":\"https:\\\/\\\/ww2.teamretro.com\\\/pt-br\\\/#\\\/schema\\\/logo\\\/image\\\/\",\"url\":\"https:\\\/\\\/ww2.teamretro.com\\\/wp-content\\\/uploads\\\/2018\\\/06\\\/footer-teamretro-logo.png\",\"contentUrl\":\"https:\\\/\\\/ww2.teamretro.com\\\/wp-content\\\/uploads\\\/2018\\\/06\\\/footer-teamretro-logo.png\",\"width\":170,\"height\":200,\"caption\":\"TeamRetro\"},\"image\":{\"@id\":\"https:\\\/\\\/ww2.teamretro.com\\\/pt-br\\\/#\\\/schema\\\/logo\\\/image\\\/\"},\"sameAs\":[\"https:\\\/\\\/www.facebook.com\\\/teamretrohq\",\"https:\\\/\\\/x.com\\\/TeamRetroHQ\",\"https:\\\/\\\/www.linkedin.com\\\/company\\\/teamretro\",\"https:\\\/\\\/www.youtube.com\\\/channel\\\/UCXj_X9Riv6SEb6GtxNYpFbQ\\\/videos?view_as=subscriber\"]}]}<\/script>\n<!-- \/ Yoast SEO plugin. -->","yoast_head_json":{"title":"Divulga\u00e7\u00e3o Respons\u00e1vel | TeamRetro","description":"Mantenha a seguran\u00e7a e a transpar\u00eancia com a divulga\u00e7\u00e3o respons\u00e1vel no TeamRetro. Saiba mais sobre nossa pol\u00edtica de relat\u00f3rio de vulnerabilidades e garantia da prote\u00e7\u00e3o de dados.","robots":{"index":"index","follow":"follow","max-snippet":"max-snippet:-1","max-image-preview":"max-image-preview:large","max-video-preview":"max-video-preview:-1"},"canonical":"https:\/\/ww2.teamretro.com\/pt-br\/divulgacao-responsavel\/","og_locale":"pt_BR","og_type":"article","og_title":"Divulga\u00e7\u00e3o Respons\u00e1vel | TeamRetro","og_description":"Mantenha a seguran\u00e7a e a transpar\u00eancia com a divulga\u00e7\u00e3o respons\u00e1vel no TeamRetro. Saiba mais sobre nossa pol\u00edtica de relat\u00f3rio de vulnerabilidades e garantia da prote\u00e7\u00e3o de dados.","og_url":"https:\/\/ww2.teamretro.com\/pt-br\/divulgacao-responsavel\/","og_site_name":"TeamRetro","article_publisher":"https:\/\/www.facebook.com\/teamretrohq","og_image":[{"width":300,"height":340,"url":"https:\/\/ww2.teamretro.com\/wp-content\/uploads\/2018\/06\/security-sso.png","type":"image\/png"}],"twitter_card":"summary_large_image","twitter_site":"@TeamRetroHQ","twitter_misc":{"Est. tempo de leitura":"6 minutos"},"schema":{"@context":"https:\/\/schema.org","@graph":[{"@type":"WebPage","@id":"https:\/\/ww2.teamretro.com\/pt-br\/divulgacao-responsavel\/","url":"https:\/\/ww2.teamretro.com\/pt-br\/divulgacao-responsavel\/","name":"Divulga\u00e7\u00e3o Respons\u00e1vel | TeamRetro","isPartOf":{"@id":"https:\/\/ww2.teamretro.com\/pt-br\/#website"},"primaryImageOfPage":{"@id":"https:\/\/ww2.teamretro.com\/pt-br\/divulgacao-responsavel\/#primaryimage"},"image":{"@id":"https:\/\/ww2.teamretro.com\/pt-br\/divulgacao-responsavel\/#primaryimage"},"thumbnailUrl":"https:\/\/ww2.teamretro.com\/wp-content\/uploads\/2018\/06\/security-sso.png","datePublished":"2026-01-16T07:47:49+00:00","description":"Mantenha a seguran\u00e7a e a transpar\u00eancia com a divulga\u00e7\u00e3o respons\u00e1vel no TeamRetro. Saiba mais sobre nossa pol\u00edtica de relat\u00f3rio de vulnerabilidades e garantia da prote\u00e7\u00e3o de dados.","breadcrumb":{"@id":"https:\/\/ww2.teamretro.com\/pt-br\/divulgacao-responsavel\/#breadcrumb"},"inLanguage":"pt-BR","potentialAction":[{"@type":"ReadAction","target":["https:\/\/ww2.teamretro.com\/pt-br\/divulgacao-responsavel\/"]}]},{"@type":"ImageObject","inLanguage":"pt-BR","@id":"https:\/\/ww2.teamretro.com\/pt-br\/divulgacao-responsavel\/#primaryimage","url":"https:\/\/ww2.teamretro.com\/wp-content\/uploads\/2018\/06\/security-sso.png","contentUrl":"https:\/\/ww2.teamretro.com\/wp-content\/uploads\/2018\/06\/security-sso.png","width":300,"height":340,"caption":"\u00cdcone de Single Sign On para p\u00e1gina de seguran\u00e7a"},{"@type":"BreadcrumbList","@id":"https:\/\/ww2.teamretro.com\/pt-br\/divulgacao-responsavel\/#breadcrumb","itemListElement":[{"@type":"ListItem","position":1,"name":"Home","item":"https:\/\/ww2.teamretro.com\/pt-br\/"},{"@type":"ListItem","position":2,"name":"Divulga\u00e7\u00e3o Respons\u00e1vel"}]},{"@type":"WebSite","@id":"https:\/\/ww2.teamretro.com\/pt-br\/#website","url":"https:\/\/ww2.teamretro.com\/pt-br\/","name":"TeamRetro","description":"Agile retrospective, health check and estimation tool for distributed teams","publisher":{"@id":"https:\/\/ww2.teamretro.com\/pt-br\/#organization"},"potentialAction":[{"@type":"SearchAction","target":{"@type":"EntryPoint","urlTemplate":"https:\/\/ww2.teamretro.com\/pt-br\/?s={search_term_string}"},"query-input":{"@type":"PropertyValueSpecification","valueRequired":true,"valueName":"search_term_string"}}],"inLanguage":"pt-BR"},{"@type":"Organization","@id":"https:\/\/ww2.teamretro.com\/pt-br\/#organization","name":"TeamRetro","url":"https:\/\/ww2.teamretro.com\/pt-br\/","logo":{"@type":"ImageObject","inLanguage":"pt-BR","@id":"https:\/\/ww2.teamretro.com\/pt-br\/#\/schema\/logo\/image\/","url":"https:\/\/ww2.teamretro.com\/wp-content\/uploads\/2018\/06\/footer-teamretro-logo.png","contentUrl":"https:\/\/ww2.teamretro.com\/wp-content\/uploads\/2018\/06\/footer-teamretro-logo.png","width":170,"height":200,"caption":"TeamRetro"},"image":{"@id":"https:\/\/ww2.teamretro.com\/pt-br\/#\/schema\/logo\/image\/"},"sameAs":["https:\/\/www.facebook.com\/teamretrohq","https:\/\/x.com\/TeamRetroHQ","https:\/\/www.linkedin.com\/company\/teamretro","https:\/\/www.youtube.com\/channel\/UCXj_X9Riv6SEb6GtxNYpFbQ\/videos?view_as=subscriber"]}]}},"_links":{"self":[{"href":"https:\/\/ww2.teamretro.com\/pt-br\/wp-json\/wp\/v2\/pages\/50560","targetHints":{"allow":["GET"]}}],"collection":[{"href":"https:\/\/ww2.teamretro.com\/pt-br\/wp-json\/wp\/v2\/pages"}],"about":[{"href":"https:\/\/ww2.teamretro.com\/pt-br\/wp-json\/wp\/v2\/types\/page"}],"author":[{"embeddable":true,"href":"https:\/\/ww2.teamretro.com\/pt-br\/wp-json\/wp\/v2\/users\/1"}],"replies":[{"embeddable":true,"href":"https:\/\/ww2.teamretro.com\/pt-br\/wp-json\/wp\/v2\/comments?post=50560"}],"version-history":[{"count":3,"href":"https:\/\/ww2.teamretro.com\/pt-br\/wp-json\/wp\/v2\/pages\/50560\/revisions"}],"predecessor-version":[{"id":50563,"href":"https:\/\/ww2.teamretro.com\/pt-br\/wp-json\/wp\/v2\/pages\/50560\/revisions\/50563"}],"wp:featuredmedia":[{"embeddable":true,"href":"https:\/\/ww2.teamretro.com\/pt-br\/wp-json\/wp\/v2\/media\/42715"}],"wp:attachment":[{"href":"https:\/\/ww2.teamretro.com\/pt-br\/wp-json\/wp\/v2\/media?parent=50560"}],"curies":[{"name":"wp","href":"https:\/\/api.w.org\/{rel}","templated":true}]}}