{"id":33128,"date":"2018-07-12T08:41:13","date_gmt":"2018-07-12T00:41:13","guid":{"rendered":"https:\/\/ww2.teamretro.com\/?page_id=33128"},"modified":"2025-10-27T22:44:39","modified_gmt":"2025-10-27T14:44:39","slug":"directive-primaire-retrospective","status":"publish","type":"page","link":"https:\/\/ww2.teamretro.com\/fr\/directive-primaire-retrospective\/","title":{"rendered":"Retrospective Primaire Directive"},"content":{"rendered":"<p><div class=\"fusion-fullwidth fullwidth-box fusion-builder-row-1 fusion-flex-container nonhundred-percent-fullwidth non-hundred-percent-height-scrolling\" style=\"--awb-border-radius-top-left:0px;--awb-border-radius-top-right:0px;--awb-border-radius-bottom-right:0px;--awb-border-radius-bottom-left:0px;--awb-padding-top:150px;--awb-padding-bottom:100px;--awb-background-color:#71d2c9;--awb-flex-wrap:wrap;\" ><div class=\"fusion-builder-row fusion-row fusion-flex-align-items-flex-start fusion-flex-content-wrap\" style=\"max-width:1248px;margin-left: calc(-4% \/ 2 );margin-right: calc(-4% \/ 2 );\"><div class=\"fusion-layout-column fusion_builder_column fusion-builder-column-0 fusion_builder_column_1_1 1_1 fusion-flex-column\" style=\"--awb-bg-size:cover;--awb-width-large:100%;--awb-margin-top-large:0px;--awb-spacing-right-large:1.92%;--awb-margin-bottom-large:20px;--awb-spacing-left-large:1.92%;--awb-width-medium:100%;--awb-spacing-right-medium:1.92%;--awb-spacing-left-medium:1.92%;--awb-width-small:100%;--awb-spacing-right-small:1.92%;--awb-spacing-left-small:1.92%;\"><div class=\"fusion-column-wrapper fusion-flex-justify-content-flex-start fusion-content-layout-column\"><div class=\"fusion-text fusion-text-1\"><h1 style=\"text-align: center;\">La directive premi\u00e8re r\u00e9trospective<\/h1>\n<\/div><\/div><\/div><\/div><\/div><div class=\"fusion-fullwidth fullwidth-box fusion-builder-row-2 fusion-flex-container nonhundred-percent-fullwidth non-hundred-percent-height-scrolling\" style=\"--awb-border-radius-top-left:0px;--awb-border-radius-top-right:0px;--awb-border-radius-bottom-right:0px;--awb-border-radius-bottom-left:0px;--awb-padding-top:100px;--awb-padding-bottom:100px;--awb-background-color:#e9ecef;--awb-flex-wrap:wrap;\" ><div class=\"fusion-builder-row fusion-row fusion-flex-align-items-flex-start fusion-flex-content-wrap\" style=\"max-width:1248px;margin-left: calc(-4% \/ 2 );margin-right: calc(-4% \/ 2 );\"><div class=\"fusion-layout-column fusion_builder_column fusion-builder-column-1 fusion_builder_column_1_1 1_1 fusion-flex-column\" style=\"--awb-bg-size:cover;--awb-width-large:100%;--awb-margin-top-large:0px;--awb-spacing-right-large:1.92%;--awb-margin-bottom-large:20px;--awb-spacing-left-large:1.92%;--awb-width-medium:100%;--awb-spacing-right-medium:1.92%;--awb-spacing-left-medium:1.92%;--awb-width-small:100%;--awb-spacing-right-small:1.92%;--awb-spacing-left-small:1.92%;\"><div class=\"fusion-column-wrapper fusion-flex-justify-content-flex-start fusion-content-layout-column\"><div class=\"fusion-text fusion-text-2\"><blockquote>\n<p style=\"text-align: center;\">&#8220;Ind\u00e9pendamment de ce que nous d\u00e9couvrons, nous comprenons et croyons sinc\u00e8rement que chacun a fait le meilleur travail possible, compte tenu de ce qu\u2019il savait \u00e0 l\u2019\u00e9poque, de ses comp\u00e9tences et capacit\u00e9s, des ressources disponibles et de la situation actuelle.&#8221;<\/p>\n<\/blockquote>\n<p style=\"text-align: center;\">Norm Kerth, R\u00e9trospectives de projet : un manuel pour l&#8217;\u00e9valuation en \u00e9quipe<\/p>\n<\/div><\/div><\/div><\/div><\/div><\/p>\n","protected":false},"excerpt":{"rendered":"","protected":false},"author":10,"featured_media":0,"parent":0,"menu_order":0,"comment_status":"closed","ping_status":"closed","template":"100-width.php","meta":{"_acf_changed":false,"inline_featured_image":false,"footnotes":""},"class_list":["post-33128","page","type-page","status-publish","hentry"],"acf":[],"yoast_head":"<!-- This site is optimized with the Yoast SEO plugin v27.1.1 - https:\/\/yoast.com\/product\/yoast-seo-wordpress\/ -->\n<title>Retrospective Primaire Directive | TeamRetro<\/title>\n<meta name=\"description\" content=\"D\u00e9couvrez comment la Directive Primaire de la R\u00e9trospective permet aux \u00e9quipes d\u2019apprendre et de s\u2019am\u00e9liorer continuellement.\" \/>\n<meta name=\"robots\" content=\"index, follow, max-snippet:-1, max-image-preview:large, max-video-preview:-1\" \/>\n<link rel=\"canonical\" href=\"https:\/\/ww2.teamretro.com\/fr\/directive-primaire-retrospective\/\" \/>\n<meta property=\"og:locale\" content=\"fr_FR\" \/>\n<meta property=\"og:type\" content=\"article\" \/>\n<meta property=\"og:title\" content=\"Retrospective Primaire Directive | TeamRetro\" \/>\n<meta property=\"og:description\" content=\"D\u00e9couvrez comment la Directive Primaire de la R\u00e9trospective permet aux \u00e9quipes d\u2019apprendre et de s\u2019am\u00e9liorer continuellement.\" \/>\n<meta property=\"og:url\" content=\"https:\/\/ww2.teamretro.com\/fr\/directive-primaire-retrospective\/\" \/>\n<meta property=\"og:site_name\" content=\"TeamRetro\" \/>\n<meta property=\"article:publisher\" content=\"https:\/\/www.facebook.com\/teamretrohq\" \/>\n<meta property=\"article:modified_time\" content=\"2025-10-27T14:44:39+00:00\" \/>\n<meta name=\"twitter:card\" content=\"summary_large_image\" \/>\n<meta name=\"twitter:site\" content=\"@TeamRetroHQ\" \/>\n<meta name=\"twitter:label1\" content=\"Dur\u00e9e de lecture estim\u00e9e\" \/>\n\t<meta name=\"twitter:data1\" content=\"1 minute\" \/>\n<script type=\"application\/ld+json\" class=\"yoast-schema-graph\">{\"@context\":\"https:\/\/schema.org\",\"@graph\":[{\"@type\":\"WebPage\",\"@id\":\"https:\/\/ww2.teamretro.com\/fr\/directive-primaire-retrospective\/\",\"url\":\"https:\/\/ww2.teamretro.com\/fr\/directive-primaire-retrospective\/\",\"name\":\"Retrospective Primaire Directive | TeamRetro\",\"isPartOf\":{\"@id\":\"https:\/\/ww2.teamretro.com\/fr\/#website\"},\"datePublished\":\"2018-07-12T00:41:13+00:00\",\"dateModified\":\"2025-10-27T14:44:39+00:00\",\"description\":\"D\u00e9couvrez comment la Directive Primaire de la R\u00e9trospective permet aux \u00e9quipes d\u2019apprendre et de s\u2019am\u00e9liorer continuellement.\",\"breadcrumb\":{\"@id\":\"https:\/\/ww2.teamretro.com\/fr\/directive-primaire-retrospective\/#breadcrumb\"},\"inLanguage\":\"fr-FR\",\"potentialAction\":[{\"@type\":\"ReadAction\",\"target\":[\"https:\/\/ww2.teamretro.com\/fr\/directive-primaire-retrospective\/\"]}]},{\"@type\":\"BreadcrumbList\",\"@id\":\"https:\/\/ww2.teamretro.com\/fr\/directive-primaire-retrospective\/#breadcrumb\",\"itemListElement\":[{\"@type\":\"ListItem\",\"position\":1,\"name\":\"Home\",\"item\":\"https:\/\/ww2.teamretro.com\/fr\/\"},{\"@type\":\"ListItem\",\"position\":2,\"name\":\"Retrospective Primaire Directive\"}]},{\"@type\":\"WebSite\",\"@id\":\"https:\/\/ww2.teamretro.com\/fr\/#website\",\"url\":\"https:\/\/ww2.teamretro.com\/fr\/\",\"name\":\"TeamRetro\",\"description\":\"Agile retrospective tool for distributed teams\",\"publisher\":{\"@id\":\"https:\/\/ww2.teamretro.com\/fr\/#organization\"},\"potentialAction\":[{\"@type\":\"SearchAction\",\"target\":{\"@type\":\"EntryPoint\",\"urlTemplate\":\"https:\/\/ww2.teamretro.com\/fr\/?s={search_term_string}\"},\"query-input\":{\"@type\":\"PropertyValueSpecification\",\"valueRequired\":true,\"valueName\":\"search_term_string\"}}],\"inLanguage\":\"fr-FR\"},{\"@type\":\"Organization\",\"@id\":\"https:\/\/ww2.teamretro.com\/fr\/#organization\",\"name\":\"TeamRetro\",\"url\":\"https:\/\/ww2.teamretro.com\/fr\/\",\"logo\":{\"@type\":\"ImageObject\",\"inLanguage\":\"fr-FR\",\"@id\":\"https:\/\/ww2.teamretro.com\/fr\/#\/schema\/logo\/image\/\",\"url\":\"https:\/\/ww2.teamretro.com\/wp-content\/uploads\/2018\/06\/footer-teamretro-logo.png\",\"contentUrl\":\"https:\/\/ww2.teamretro.com\/wp-content\/uploads\/2018\/06\/footer-teamretro-logo.png\",\"width\":170,\"height\":200,\"caption\":\"TeamRetro\"},\"image\":{\"@id\":\"https:\/\/ww2.teamretro.com\/fr\/#\/schema\/logo\/image\/\"},\"sameAs\":[\"https:\/\/www.facebook.com\/teamretrohq\",\"https:\/\/x.com\/TeamRetroHQ\",\"https:\/\/www.linkedin.com\/company\/teamretro\",\"https:\/\/www.youtube.com\/channel\/UCXj_X9Riv6SEb6GtxNYpFbQ\/videos?view_as=subscriber\"]}]}<\/script>\n<!-- \/ Yoast SEO plugin. -->","yoast_head_json":{"title":"Retrospective Primaire Directive | TeamRetro","description":"D\u00e9couvrez comment la Directive Primaire de la R\u00e9trospective permet aux \u00e9quipes d\u2019apprendre et de s\u2019am\u00e9liorer continuellement.","robots":{"index":"index","follow":"follow","max-snippet":"max-snippet:-1","max-image-preview":"max-image-preview:large","max-video-preview":"max-video-preview:-1"},"canonical":"https:\/\/ww2.teamretro.com\/fr\/directive-primaire-retrospective\/","og_locale":"fr_FR","og_type":"article","og_title":"Retrospective Primaire Directive | TeamRetro","og_description":"D\u00e9couvrez comment la Directive Primaire de la R\u00e9trospective permet aux \u00e9quipes d\u2019apprendre et de s\u2019am\u00e9liorer continuellement.","og_url":"https:\/\/ww2.teamretro.com\/fr\/directive-primaire-retrospective\/","og_site_name":"TeamRetro","article_publisher":"https:\/\/www.facebook.com\/teamretrohq","article_modified_time":"2025-10-27T14:44:39+00:00","twitter_card":"summary_large_image","twitter_site":"@TeamRetroHQ","twitter_misc":{"Dur\u00e9e de lecture estim\u00e9e":"1 minute"},"schema":{"@context":"https:\/\/schema.org","@graph":[{"@type":"WebPage","@id":"https:\/\/ww2.teamretro.com\/fr\/directive-primaire-retrospective\/","url":"https:\/\/ww2.teamretro.com\/fr\/directive-primaire-retrospective\/","name":"Retrospective Primaire Directive | TeamRetro","isPartOf":{"@id":"https:\/\/ww2.teamretro.com\/fr\/#website"},"datePublished":"2018-07-12T00:41:13+00:00","dateModified":"2025-10-27T14:44:39+00:00","description":"D\u00e9couvrez comment la Directive Primaire de la R\u00e9trospective permet aux \u00e9quipes d\u2019apprendre et de s\u2019am\u00e9liorer continuellement.","breadcrumb":{"@id":"https:\/\/ww2.teamretro.com\/fr\/directive-primaire-retrospective\/#breadcrumb"},"inLanguage":"fr-FR","potentialAction":[{"@type":"ReadAction","target":["https:\/\/ww2.teamretro.com\/fr\/directive-primaire-retrospective\/"]}]},{"@type":"BreadcrumbList","@id":"https:\/\/ww2.teamretro.com\/fr\/directive-primaire-retrospective\/#breadcrumb","itemListElement":[{"@type":"ListItem","position":1,"name":"Home","item":"https:\/\/ww2.teamretro.com\/fr\/"},{"@type":"ListItem","position":2,"name":"Retrospective Primaire Directive"}]},{"@type":"WebSite","@id":"https:\/\/ww2.teamretro.com\/fr\/#website","url":"https:\/\/ww2.teamretro.com\/fr\/","name":"TeamRetro","description":"Agile retrospective tool for distributed teams","publisher":{"@id":"https:\/\/ww2.teamretro.com\/fr\/#organization"},"potentialAction":[{"@type":"SearchAction","target":{"@type":"EntryPoint","urlTemplate":"https:\/\/ww2.teamretro.com\/fr\/?s={search_term_string}"},"query-input":{"@type":"PropertyValueSpecification","valueRequired":true,"valueName":"search_term_string"}}],"inLanguage":"fr-FR"},{"@type":"Organization","@id":"https:\/\/ww2.teamretro.com\/fr\/#organization","name":"TeamRetro","url":"https:\/\/ww2.teamretro.com\/fr\/","logo":{"@type":"ImageObject","inLanguage":"fr-FR","@id":"https:\/\/ww2.teamretro.com\/fr\/#\/schema\/logo\/image\/","url":"https:\/\/ww2.teamretro.com\/wp-content\/uploads\/2018\/06\/footer-teamretro-logo.png","contentUrl":"https:\/\/ww2.teamretro.com\/wp-content\/uploads\/2018\/06\/footer-teamretro-logo.png","width":170,"height":200,"caption":"TeamRetro"},"image":{"@id":"https:\/\/ww2.teamretro.com\/fr\/#\/schema\/logo\/image\/"},"sameAs":["https:\/\/www.facebook.com\/teamretrohq","https:\/\/x.com\/TeamRetroHQ","https:\/\/www.linkedin.com\/company\/teamretro","https:\/\/www.youtube.com\/channel\/UCXj_X9Riv6SEb6GtxNYpFbQ\/videos?view_as=subscriber"]}]}},"_links":{"self":[{"href":"https:\/\/ww2.teamretro.com\/fr\/wp-json\/wp\/v2\/pages\/33128","targetHints":{"allow":["GET"]}}],"collection":[{"href":"https:\/\/ww2.teamretro.com\/fr\/wp-json\/wp\/v2\/pages"}],"about":[{"href":"https:\/\/ww2.teamretro.com\/fr\/wp-json\/wp\/v2\/types\/page"}],"author":[{"embeddable":true,"href":"https:\/\/ww2.teamretro.com\/fr\/wp-json\/wp\/v2\/users\/10"}],"replies":[{"embeddable":true,"href":"https:\/\/ww2.teamretro.com\/fr\/wp-json\/wp\/v2\/comments?post=33128"}],"version-history":[{"count":0,"href":"https:\/\/ww2.teamretro.com\/fr\/wp-json\/wp\/v2\/pages\/33128\/revisions"}],"wp:attachment":[{"href":"https:\/\/ww2.teamretro.com\/fr\/wp-json\/wp\/v2\/media?parent=33128"}],"curies":[{"name":"wp","href":"https:\/\/api.w.org\/{rel}","templated":true}]}}