{"id":32979,"date":"2019-11-26T15:00:32","date_gmt":"2019-11-26T07:00:32","guid":{"rendered":"https:\/\/ww2.teamretro.com\/?page_id=32979"},"modified":"2025-12-01T11:26:47","modified_gmt":"2025-12-01T03:26:47","slug":"divulgation-responsable","status":"publish","type":"page","link":"https:\/\/ww2.teamretro.com\/fr\/divulgation-responsable\/","title":{"rendered":"Divulgation responsable"},"content":{"rendered":"<p><div class=\"fusion-fullwidth fullwidth-box fusion-builder-row-1 fusion-flex-container fusion-parallax-none nonhundred-percent-fullwidth non-hundred-percent-height-scrolling lazyload hero-container\" style=\"--awb-border-radius-top-left:0px;--awb-border-radius-top-right:0px;--awb-border-radius-bottom-right:0px;--awb-border-radius-bottom-left:0px;--awb-padding-top:140px;--awb-padding-bottom:100px;--awb-background-color:#6e8792;--awb-background-size:cover;--awb-flex-wrap:wrap;\" data-bg=\"\/wp-content\/uploads\/2018\/06\/TopBackgroundGray-1.svg\" ><div class=\"fusion-builder-row fusion-row fusion-flex-align-items-flex-start fusion-flex-content-wrap\" style=\"max-width:1248px;margin-left: calc(-4% \/ 2 );margin-right: calc(-4% \/ 2 );\"><div class=\"fusion-layout-column fusion_builder_column fusion-builder-column-0 fusion_builder_column_1_1 1_1 fusion-flex-column\" style=\"--awb-bg-size:cover;--awb-width-large:100%;--awb-margin-top-large:0px;--awb-spacing-right-large:1.92%;--awb-margin-bottom-large:20px;--awb-spacing-left-large:1.92%;--awb-width-medium:100%;--awb-spacing-right-medium:1.92%;--awb-spacing-left-medium:1.92%;--awb-width-small:100%;--awb-spacing-right-small:1.92%;--awb-spacing-left-small:1.92%;\"><div class=\"fusion-column-wrapper fusion-flex-justify-content-flex-start fusion-content-layout-column\"><div class=\"fusion-image-element \" style=\"text-align:center;--awb-max-width:100px;--awb-caption-title-font-family:var(--h2_typography-font-family);--awb-caption-title-font-weight:var(--h2_typography-font-weight);--awb-caption-title-font-style:var(--h2_typography-font-style);--awb-caption-title-size:var(--h2_typography-font-size);--awb-caption-title-transform:var(--h2_typography-text-transform);--awb-caption-title-line-height:var(--h2_typography-line-height);--awb-caption-title-letter-spacing:var(--h2_typography-letter-spacing);\"><span class=\" fusion-imageframe imageframe-none imageframe-1 hover-type-none\"><img decoding=\"async\" width=\"265\" height=\"300\" title=\"SSL Security\" src=\"https:\/\/ww2.teamretro.com\/wp-content\/uploads\/2018\/06\/security-ssl.png\" data-orig-src=\"\/wp-content\/uploads\/2018\/06\/security-ssl-265x300.png\" alt class=\"lazyload img-responsive wp-image-14658\" srcset=\"data:image\/svg+xml,%3Csvg%20xmlns%3D%27http%3A%2F%2Fwww.w3.org%2F2000%2Fsvg%27%20width%3D%27300%27%20height%3D%27340%27%20viewBox%3D%270%200%20300%20340%27%3E%3Crect%20width%3D%27300%27%20height%3D%27340%27%20fill-opacity%3D%220%22%2F%3E%3C%2Fsvg%3E\" data-srcset=\"https:\/\/ww2.teamretro.com\/wp-content\/uploads\/2018\/06\/security-ssl-200x227.png 200w, https:\/\/ww2.teamretro.com\/wp-content\/uploads\/2018\/06\/security-ssl.png 300w\" data-sizes=\"auto\" data-orig-sizes=\"(max-width: 1024px) 100vw, (max-width: 640px) 100vw, 265px\" \/><\/span><\/div><div class=\"fusion-text fusion-text-1\"><h1 style=\"text-align: center;\">Divulgation Responsable<\/h1>\n<h2 style=\"text-align: center;\">Nos clients nous font confiance pour la s\u00e9curit\u00e9 et la confidentialit\u00e9 de leurs donn\u00e9es. Nous prenons la s\u00e9curit\u00e9 au s\u00e9rieux et travaillons sans rel\u00e2che pour garantir une confiance fond\u00e9e. Vous avez un probl\u00e8me \u00e0 signaler\u00a0? Contactez-nous \u00e0 l&#8217;adresse <a style=\"color: white; text-decoration: underline;\" href=\"mailto:security@teamretro.com\">security@teamretro.com<\/a><\/h2>\n<\/div><\/div><\/div><\/div><\/div><div class=\"fusion-fullwidth fullwidth-box fusion-builder-row-2 fusion-flex-container has-pattern-background has-mask-background nonhundred-percent-fullwidth non-hundred-percent-height-scrolling\" style=\"--awb-border-radius-top-left:0px;--awb-border-radius-top-right:0px;--awb-border-radius-bottom-right:0px;--awb-border-radius-bottom-left:0px;--awb-padding-top:5rem;--awb-padding-bottom:5rem;--awb-background-color:#ffffff;--awb-flex-wrap:wrap;\" ><div class=\"fusion-builder-row fusion-row fusion-flex-align-items-flex-start fusion-flex-content-wrap\" style=\"max-width:1248px;margin-left: calc(-4% \/ 2 );margin-right: calc(-4% \/ 2 );\"><div class=\"fusion-layout-column fusion_builder_column fusion-builder-column-1 fusion_builder_column_1_1 1_1 fusion-flex-column\" style=\"--awb-bg-size:cover;--awb-width-large:100%;--awb-margin-top-large:0px;--awb-spacing-right-large:1.92%;--awb-margin-bottom-large:20px;--awb-spacing-left-large:1.92%;--awb-width-medium:100%;--awb-spacing-right-medium:1.92%;--awb-spacing-left-medium:1.92%;--awb-width-small:100%;--awb-spacing-right-small:1.92%;--awb-spacing-left-small:1.92%;\"><div class=\"fusion-column-wrapper fusion-flex-justify-content-flex-start fusion-content-layout-column\"><div class=\"fusion-text fusion-text-2\"><h2>Divulgation responsable<\/h2>\n<p>Nous encourageons toute personne pratiquant une divulgation responsable et respectant nos politiques et conditions d&#8217;utilisation \u00e0 participer \u00e0 notre programme de chasse aux bugs. Veuillez \u00e9viter les tests automatis\u00e9s et effectuer uniquement des tests de s\u00e9curit\u00e9 avec vos propres donn\u00e9es. Veuillez ne divulguer aucune information concernant les vuln\u00e9rabilit\u00e9s tant que nous ne les avons pas corrig\u00e9es. Les r\u00e9compenses sont attribu\u00e9es \u00e0 notre discr\u00e9tion, en fonction de la criticit\u00e9 de la vuln\u00e9rabilit\u00e9 signal\u00e9e, et sont distribu\u00e9es via PayPal.<\/p>\n<p>Vous pouvez signaler des vuln\u00e9rabilit\u00e9s en contactant <a href=\"mailto:security@teamretro.com\">security@teamretro.com<\/a>. Veuillez inclure une preuve de concept. Nous vous r\u00e9pondrons dans les plus brefs d\u00e9lais et n&#8217;engagerons aucune action en justice si vous respectez les r\u00e8gles.<\/p>\n<h4><em>Couverture<\/em><\/h4>\n<ul>\n<li>*.teamretro.com<br \/>\nSp\u00e9cifiquement:<\/p>\n<ul>\n<li>secure.teamretro.com<\/li>\n<\/ul>\n<\/li>\n<\/ul>\n<h4><em>Exclusions<\/em><\/h4>\n<ul>\n<li>*.eu.teamretro.com<\/li>\n<li>ww1.teamretro.com<\/li>\n<li>ww2.teamretro.com<\/li>\n<li>ww3.teamretro.com<\/li>\n<li>www.teamretro.com<\/li>\n<li>at.teamretro.com<\/li>\n<li>help.teamretro.com<\/li>\n<li>feedback.teamretro.com<\/li>\n<li>mail.teamretro.com<\/li>\n<li>status.teamretro.com<\/li>\n<li>track.teamretro.com<\/li>\n<li>icebreaker.teamretro.com<\/li>\n<li>www-assets.teamretro.com<\/li>\n<\/ul>\n<h4><em>Les vuln\u00e9rabilit\u00e9s accept\u00e9es sont les suivantes<\/em><\/h4>\n<ul>\n<li>Cross-Site Scripting (XSS)<\/li>\n<li>Open redirect<\/li>\n<li>Cross-site Request Forgery (CSRF)<\/li>\n<li>Command\/File\/URL inclusion<\/li>\n<li>Authentication issues<\/li>\n<li>Code execution<\/li>\n<li>Code or database injections<\/li>\n<\/ul>\n<h4><em>Ce programme de prime aux bugs n&#8217;inclut PAS<\/em><\/h4>\n<ul>\n<li>Account\/email enumerations<\/li>\n<li>Denial of Service (DoS)<\/li>\n<li>Attaques susceptibles de nuire \u00e0 la fiabilit\u00e9\/int\u00e9grit\u00e9 de notre entreprise<\/li>\n<li>Spam attacks<\/li>\n<li>D\u00e9tournement de clic sur des pages sans authentification et\/ou changements d&#8217;\u00e9tat sensibles<\/li>\n<li>Mixed content warnings<\/li>\n<li>Lack of DNSSEC<\/li>\n<li>Content spoofing \/ text injection<\/li>\n<li>Timing attacks<\/li>\n<li>Social engineering<\/li>\n<li>Phishing<\/li>\n<li>Cookies non s\u00e9curis\u00e9s pour les cookies non sensibles ou les cookies tiers<\/li>\n<li>Vuln\u00e9rabilit\u00e9s n\u00e9cessitant une interaction utilisateur extr\u00eamement improbable<\/li>\n<li>Exploits n\u00e9cessitant un acc\u00e8s physique \u00e0 la machine d&#8217;un utilisateur<\/li>\n<li class=\"li1\">En-t\u00eates de s\u00e9curit\u00e9 manquants qui ne conduisent pas directement \u00e0 une vuln\u00e9rabilit\u00e9<\/li>\n<li class=\"li1\">Manque de bonnes pratiques (nous exigeons la preuve d&#8217;une vuln\u00e9rabilit\u00e9 de s\u00e9curit\u00e9)<\/li>\n<\/ul>\n<p>L&#8217;analyse automatis\u00e9e doit \u00eatre limit\u00e9e \u00e0 1 requ\u00eate par seconde (1rps) sans accord pr\u00e9alable, et tous les d\u00e9tails du bug bounty doivent rester confidentiels.<\/p>\n<\/div><\/div><\/div><\/div><\/div><div class=\"fusion-fullwidth fullwidth-box fusion-builder-row-3 fusion-flex-container has-pattern-background has-mask-background nonhundred-percent-fullwidth non-hundred-percent-height-scrolling\" style=\"--awb-border-radius-top-left:0px;--awb-border-radius-top-right:0px;--awb-border-radius-bottom-right:0px;--awb-border-radius-bottom-left:0px;--awb-padding-top:6.25rem;--awb-padding-bottom:5rem;--awb-background-color:#f1f4f3;--awb-flex-wrap:wrap;\" ><div class=\"fusion-builder-row fusion-row fusion-flex-align-items-flex-start fusion-flex-content-wrap\" style=\"max-width:1248px;margin-left: calc(-4% \/ 2 );margin-right: calc(-4% \/ 2 );\"><div class=\"fusion-layout-column fusion_builder_column fusion-builder-column-2 fusion_builder_column_1_1 1_1 fusion-flex-column\" style=\"--awb-bg-size:cover;--awb-width-large:100%;--awb-margin-top-large:0px;--awb-spacing-right-large:1.92%;--awb-margin-bottom-large:20px;--awb-spacing-left-large:1.92%;--awb-width-medium:100%;--awb-spacing-right-medium:1.92%;--awb-spacing-left-medium:1.92%;--awb-width-small:100%;--awb-spacing-right-small:1.92%;--awb-spacing-left-small:1.92%;\"><div class=\"fusion-column-wrapper fusion-flex-justify-content-flex-start fusion-content-layout-column\"><div class=\"fusion-text fusion-text-3\"><h4>Nos remerciements vont aux chercheurs en s\u00e9curit\u00e9 suivants :<\/h4>\n<ul>\n<li>Abin Joseph<\/li>\n<li>daniel_v<\/li>\n<li>Ananda Dhakal<\/li>\n<li>Luiz Viana<\/li>\n<li>Aman Gupta<\/li>\n<li>Vipul Sahu<\/li>\n<li>Hsu Myat Noe<\/li>\n<li>Tomasz Bartoszewski<\/li>\n<li>Harry Gertos<\/li>\n<li>Sathwik Veeramaneni<\/li>\n<li>Yassine Nafiai<\/li>\n<li>SIDN SOC<\/li>\n<li>Burhan Chhotaudepur<\/li>\n<li>Faizan Nehal<\/li>\n<li>Aaditya Kumar Sharma<\/li>\n<li>Syed Ahsan Raza<\/li>\n<li>Mohammed Eldawody<\/li>\n<li>Yaniv Shoshani<\/li>\n<li>Lucas Werkmeister<\/li>\n<li>Ankit Rathva<\/li>\n<\/ul>\n<\/div><\/div><\/div><\/div><\/div><\/p>\n","protected":false},"excerpt":{"rendered":"","protected":false},"author":10,"featured_media":14660,"parent":0,"menu_order":0,"comment_status":"closed","ping_status":"closed","template":"100-width.php","meta":{"_acf_changed":false,"inline_featured_image":false,"footnotes":""},"class_list":["post-32979","page","type-page","status-publish","has-post-thumbnail","hentry"],"acf":[],"yoast_head":"<!-- This site is optimized with the Yoast SEO plugin v27.1.1 - https:\/\/yoast.com\/product\/yoast-seo-wordpress\/ -->\n<title>Divulgation responsable | TeamRetro<\/title>\n<meta name=\"description\" content=\"Assurez la s\u00e9curit\u00e9 et la transparence gr\u00e2ce \u00e0 une divulgation responsable chez TeamRetro. D\u00e9couvrez notre politique de signalement des vuln\u00e9rabilit\u00e9s et de protection des donn\u00e9es.\" \/>\n<meta name=\"robots\" content=\"index, follow, max-snippet:-1, max-image-preview:large, max-video-preview:-1\" \/>\n<link rel=\"canonical\" href=\"https:\/\/ww2.teamretro.com\/fr\/divulgation-responsable\/\" \/>\n<meta property=\"og:locale\" content=\"fr_FR\" \/>\n<meta property=\"og:type\" content=\"article\" \/>\n<meta property=\"og:title\" content=\"Divulgation responsable | TeamRetro\" \/>\n<meta property=\"og:description\" content=\"Assurez la s\u00e9curit\u00e9 et la transparence gr\u00e2ce \u00e0 une divulgation responsable chez TeamRetro. D\u00e9couvrez notre politique de signalement des vuln\u00e9rabilit\u00e9s et de protection des donn\u00e9es.\" \/>\n<meta property=\"og:url\" content=\"https:\/\/ww2.teamretro.com\/fr\/divulgation-responsable\/\" \/>\n<meta property=\"og:site_name\" content=\"TeamRetro\" \/>\n<meta property=\"article:publisher\" content=\"https:\/\/www.facebook.com\/teamretrohq\" \/>\n<meta property=\"article:modified_time\" content=\"2025-12-01T03:26:47+00:00\" \/>\n<meta property=\"og:image\" content=\"https:\/\/ww2.teamretro.com\/wp-content\/uploads\/2018\/06\/security-sso.png\" \/>\n\t<meta property=\"og:image:width\" content=\"300\" \/>\n\t<meta property=\"og:image:height\" content=\"340\" \/>\n\t<meta property=\"og:image:type\" content=\"image\/png\" \/>\n<meta name=\"twitter:card\" content=\"summary_large_image\" \/>\n<meta name=\"twitter:site\" content=\"@TeamRetroHQ\" \/>\n<meta name=\"twitter:label1\" content=\"Dur\u00e9e de lecture estim\u00e9e\" \/>\n\t<meta name=\"twitter:data1\" content=\"3 minutes\" \/>\n<script type=\"application\/ld+json\" class=\"yoast-schema-graph\">{\"@context\":\"https:\/\/schema.org\",\"@graph\":[{\"@type\":\"WebPage\",\"@id\":\"https:\/\/ww2.teamretro.com\/fr\/divulgation-responsable\/\",\"url\":\"https:\/\/ww2.teamretro.com\/fr\/divulgation-responsable\/\",\"name\":\"Divulgation responsable | TeamRetro\",\"isPartOf\":{\"@id\":\"https:\/\/ww2.teamretro.com\/fr\/#website\"},\"primaryImageOfPage\":{\"@id\":\"https:\/\/ww2.teamretro.com\/fr\/divulgation-responsable\/#primaryimage\"},\"image\":{\"@id\":\"https:\/\/ww2.teamretro.com\/fr\/divulgation-responsable\/#primaryimage\"},\"thumbnailUrl\":\"https:\/\/ww2.teamretro.com\/wp-content\/uploads\/2018\/06\/security-sso.png\",\"datePublished\":\"2019-11-26T07:00:32+00:00\",\"dateModified\":\"2025-12-01T03:26:47+00:00\",\"description\":\"Assurez la s\u00e9curit\u00e9 et la transparence gr\u00e2ce \u00e0 une divulgation responsable chez TeamRetro. D\u00e9couvrez notre politique de signalement des vuln\u00e9rabilit\u00e9s et de protection des donn\u00e9es.\",\"breadcrumb\":{\"@id\":\"https:\/\/ww2.teamretro.com\/fr\/divulgation-responsable\/#breadcrumb\"},\"inLanguage\":\"fr-FR\",\"potentialAction\":[{\"@type\":\"ReadAction\",\"target\":[\"https:\/\/ww2.teamretro.com\/fr\/divulgation-responsable\/\"]}]},{\"@type\":\"ImageObject\",\"inLanguage\":\"fr-FR\",\"@id\":\"https:\/\/ww2.teamretro.com\/fr\/divulgation-responsable\/#primaryimage\",\"url\":\"https:\/\/ww2.teamretro.com\/wp-content\/uploads\/2018\/06\/security-sso.png\",\"contentUrl\":\"https:\/\/ww2.teamretro.com\/wp-content\/uploads\/2018\/06\/security-sso.png\",\"width\":300,\"height\":340,\"caption\":\"Single Sign On icon for security page\"},{\"@type\":\"BreadcrumbList\",\"@id\":\"https:\/\/ww2.teamretro.com\/fr\/divulgation-responsable\/#breadcrumb\",\"itemListElement\":[{\"@type\":\"ListItem\",\"position\":1,\"name\":\"Home\",\"item\":\"https:\/\/ww2.teamretro.com\/fr\/\"},{\"@type\":\"ListItem\",\"position\":2,\"name\":\"Divulgation responsable\"}]},{\"@type\":\"WebSite\",\"@id\":\"https:\/\/ww2.teamretro.com\/fr\/#website\",\"url\":\"https:\/\/ww2.teamretro.com\/fr\/\",\"name\":\"TeamRetro\",\"description\":\"Agile retrospective tool for distributed teams\",\"publisher\":{\"@id\":\"https:\/\/ww2.teamretro.com\/fr\/#organization\"},\"potentialAction\":[{\"@type\":\"SearchAction\",\"target\":{\"@type\":\"EntryPoint\",\"urlTemplate\":\"https:\/\/ww2.teamretro.com\/fr\/?s={search_term_string}\"},\"query-input\":{\"@type\":\"PropertyValueSpecification\",\"valueRequired\":true,\"valueName\":\"search_term_string\"}}],\"inLanguage\":\"fr-FR\"},{\"@type\":\"Organization\",\"@id\":\"https:\/\/ww2.teamretro.com\/fr\/#organization\",\"name\":\"TeamRetro\",\"url\":\"https:\/\/ww2.teamretro.com\/fr\/\",\"logo\":{\"@type\":\"ImageObject\",\"inLanguage\":\"fr-FR\",\"@id\":\"https:\/\/ww2.teamretro.com\/fr\/#\/schema\/logo\/image\/\",\"url\":\"https:\/\/ww2.teamretro.com\/wp-content\/uploads\/2018\/06\/footer-teamretro-logo.png\",\"contentUrl\":\"https:\/\/ww2.teamretro.com\/wp-content\/uploads\/2018\/06\/footer-teamretro-logo.png\",\"width\":170,\"height\":200,\"caption\":\"TeamRetro\"},\"image\":{\"@id\":\"https:\/\/ww2.teamretro.com\/fr\/#\/schema\/logo\/image\/\"},\"sameAs\":[\"https:\/\/www.facebook.com\/teamretrohq\",\"https:\/\/x.com\/TeamRetroHQ\",\"https:\/\/www.linkedin.com\/company\/teamretro\",\"https:\/\/www.youtube.com\/channel\/UCXj_X9Riv6SEb6GtxNYpFbQ\/videos?view_as=subscriber\"]}]}<\/script>\n<!-- \/ Yoast SEO plugin. -->","yoast_head_json":{"title":"Divulgation responsable | TeamRetro","description":"Assurez la s\u00e9curit\u00e9 et la transparence gr\u00e2ce \u00e0 une divulgation responsable chez TeamRetro. D\u00e9couvrez notre politique de signalement des vuln\u00e9rabilit\u00e9s et de protection des donn\u00e9es.","robots":{"index":"index","follow":"follow","max-snippet":"max-snippet:-1","max-image-preview":"max-image-preview:large","max-video-preview":"max-video-preview:-1"},"canonical":"https:\/\/ww2.teamretro.com\/fr\/divulgation-responsable\/","og_locale":"fr_FR","og_type":"article","og_title":"Divulgation responsable | TeamRetro","og_description":"Assurez la s\u00e9curit\u00e9 et la transparence gr\u00e2ce \u00e0 une divulgation responsable chez TeamRetro. D\u00e9couvrez notre politique de signalement des vuln\u00e9rabilit\u00e9s et de protection des donn\u00e9es.","og_url":"https:\/\/ww2.teamretro.com\/fr\/divulgation-responsable\/","og_site_name":"TeamRetro","article_publisher":"https:\/\/www.facebook.com\/teamretrohq","article_modified_time":"2025-12-01T03:26:47+00:00","og_image":[{"width":300,"height":340,"url":"https:\/\/ww2.teamretro.com\/wp-content\/uploads\/2018\/06\/security-sso.png","type":"image\/png"}],"twitter_card":"summary_large_image","twitter_site":"@TeamRetroHQ","twitter_misc":{"Dur\u00e9e de lecture estim\u00e9e":"3 minutes"},"schema":{"@context":"https:\/\/schema.org","@graph":[{"@type":"WebPage","@id":"https:\/\/ww2.teamretro.com\/fr\/divulgation-responsable\/","url":"https:\/\/ww2.teamretro.com\/fr\/divulgation-responsable\/","name":"Divulgation responsable | TeamRetro","isPartOf":{"@id":"https:\/\/ww2.teamretro.com\/fr\/#website"},"primaryImageOfPage":{"@id":"https:\/\/ww2.teamretro.com\/fr\/divulgation-responsable\/#primaryimage"},"image":{"@id":"https:\/\/ww2.teamretro.com\/fr\/divulgation-responsable\/#primaryimage"},"thumbnailUrl":"https:\/\/ww2.teamretro.com\/wp-content\/uploads\/2018\/06\/security-sso.png","datePublished":"2019-11-26T07:00:32+00:00","dateModified":"2025-12-01T03:26:47+00:00","description":"Assurez la s\u00e9curit\u00e9 et la transparence gr\u00e2ce \u00e0 une divulgation responsable chez TeamRetro. D\u00e9couvrez notre politique de signalement des vuln\u00e9rabilit\u00e9s et de protection des donn\u00e9es.","breadcrumb":{"@id":"https:\/\/ww2.teamretro.com\/fr\/divulgation-responsable\/#breadcrumb"},"inLanguage":"fr-FR","potentialAction":[{"@type":"ReadAction","target":["https:\/\/ww2.teamretro.com\/fr\/divulgation-responsable\/"]}]},{"@type":"ImageObject","inLanguage":"fr-FR","@id":"https:\/\/ww2.teamretro.com\/fr\/divulgation-responsable\/#primaryimage","url":"https:\/\/ww2.teamretro.com\/wp-content\/uploads\/2018\/06\/security-sso.png","contentUrl":"https:\/\/ww2.teamretro.com\/wp-content\/uploads\/2018\/06\/security-sso.png","width":300,"height":340,"caption":"Single Sign On icon for security page"},{"@type":"BreadcrumbList","@id":"https:\/\/ww2.teamretro.com\/fr\/divulgation-responsable\/#breadcrumb","itemListElement":[{"@type":"ListItem","position":1,"name":"Home","item":"https:\/\/ww2.teamretro.com\/fr\/"},{"@type":"ListItem","position":2,"name":"Divulgation responsable"}]},{"@type":"WebSite","@id":"https:\/\/ww2.teamretro.com\/fr\/#website","url":"https:\/\/ww2.teamretro.com\/fr\/","name":"TeamRetro","description":"Agile retrospective tool for distributed teams","publisher":{"@id":"https:\/\/ww2.teamretro.com\/fr\/#organization"},"potentialAction":[{"@type":"SearchAction","target":{"@type":"EntryPoint","urlTemplate":"https:\/\/ww2.teamretro.com\/fr\/?s={search_term_string}"},"query-input":{"@type":"PropertyValueSpecification","valueRequired":true,"valueName":"search_term_string"}}],"inLanguage":"fr-FR"},{"@type":"Organization","@id":"https:\/\/ww2.teamretro.com\/fr\/#organization","name":"TeamRetro","url":"https:\/\/ww2.teamretro.com\/fr\/","logo":{"@type":"ImageObject","inLanguage":"fr-FR","@id":"https:\/\/ww2.teamretro.com\/fr\/#\/schema\/logo\/image\/","url":"https:\/\/ww2.teamretro.com\/wp-content\/uploads\/2018\/06\/footer-teamretro-logo.png","contentUrl":"https:\/\/ww2.teamretro.com\/wp-content\/uploads\/2018\/06\/footer-teamretro-logo.png","width":170,"height":200,"caption":"TeamRetro"},"image":{"@id":"https:\/\/ww2.teamretro.com\/fr\/#\/schema\/logo\/image\/"},"sameAs":["https:\/\/www.facebook.com\/teamretrohq","https:\/\/x.com\/TeamRetroHQ","https:\/\/www.linkedin.com\/company\/teamretro","https:\/\/www.youtube.com\/channel\/UCXj_X9Riv6SEb6GtxNYpFbQ\/videos?view_as=subscriber"]}]}},"_links":{"self":[{"href":"https:\/\/ww2.teamretro.com\/fr\/wp-json\/wp\/v2\/pages\/32979","targetHints":{"allow":["GET"]}}],"collection":[{"href":"https:\/\/ww2.teamretro.com\/fr\/wp-json\/wp\/v2\/pages"}],"about":[{"href":"https:\/\/ww2.teamretro.com\/fr\/wp-json\/wp\/v2\/types\/page"}],"author":[{"embeddable":true,"href":"https:\/\/ww2.teamretro.com\/fr\/wp-json\/wp\/v2\/users\/10"}],"replies":[{"embeddable":true,"href":"https:\/\/ww2.teamretro.com\/fr\/wp-json\/wp\/v2\/comments?post=32979"}],"version-history":[{"count":0,"href":"https:\/\/ww2.teamretro.com\/fr\/wp-json\/wp\/v2\/pages\/32979\/revisions"}],"wp:featuredmedia":[{"embeddable":true,"href":"https:\/\/ww2.teamretro.com\/fr\/wp-json\/wp\/v2\/media\/14660"}],"wp:attachment":[{"href":"https:\/\/ww2.teamretro.com\/fr\/wp-json\/wp\/v2\/media?parent=32979"}],"curies":[{"name":"wp","href":"https:\/\/api.w.org\/{rel}","templated":true}]}}