{"id":33131,"date":"2018-07-12T08:41:13","date_gmt":"2018-07-12T00:41:13","guid":{"rendered":"https:\/\/ww2.teamretro.com\/?page_id=33131"},"modified":"2025-10-27T22:41:25","modified_gmt":"2025-10-27T14:41:25","slug":"directiva-principal-retrospectiva","status":"publish","type":"page","link":"https:\/\/ww2.teamretro.com\/es\/directiva-principal-retrospectiva\/","title":{"rendered":"Retrospectiva Prime Directive"},"content":{"rendered":"<p><div class=\"fusion-fullwidth fullwidth-box fusion-builder-row-1 fusion-flex-container nonhundred-percent-fullwidth non-hundred-percent-height-scrolling\" style=\"--awb-border-radius-top-left:0px;--awb-border-radius-top-right:0px;--awb-border-radius-bottom-right:0px;--awb-border-radius-bottom-left:0px;--awb-padding-top:150px;--awb-padding-bottom:100px;--awb-background-color:#71d2c9;--awb-flex-wrap:wrap;\" ><div class=\"fusion-builder-row fusion-row fusion-flex-align-items-flex-start fusion-flex-content-wrap\" style=\"max-width:1248px;margin-left: calc(-4% \/ 2 );margin-right: calc(-4% \/ 2 );\"><div class=\"fusion-layout-column fusion_builder_column fusion-builder-column-0 fusion_builder_column_1_1 1_1 fusion-flex-column\" style=\"--awb-bg-size:cover;--awb-width-large:100%;--awb-margin-top-large:0px;--awb-spacing-right-large:1.92%;--awb-margin-bottom-large:20px;--awb-spacing-left-large:1.92%;--awb-width-medium:100%;--awb-spacing-right-medium:1.92%;--awb-spacing-left-medium:1.92%;--awb-width-small:100%;--awb-spacing-right-small:1.92%;--awb-spacing-left-small:1.92%;\"><div class=\"fusion-column-wrapper fusion-flex-justify-content-flex-start fusion-content-layout-column\"><div class=\"fusion-text fusion-text-1\"><h1 style=\"text-align: center;\">La directiva principal retrospectiva<\/h1>\n<\/div><\/div><\/div><\/div><\/div><div class=\"fusion-fullwidth fullwidth-box fusion-builder-row-2 fusion-flex-container nonhundred-percent-fullwidth non-hundred-percent-height-scrolling\" style=\"--awb-border-radius-top-left:0px;--awb-border-radius-top-right:0px;--awb-border-radius-bottom-right:0px;--awb-border-radius-bottom-left:0px;--awb-padding-top:100px;--awb-padding-bottom:100px;--awb-background-color:#e9ecef;--awb-flex-wrap:wrap;\" ><div class=\"fusion-builder-row fusion-row fusion-flex-align-items-flex-start fusion-flex-content-wrap\" style=\"max-width:1248px;margin-left: calc(-4% \/ 2 );margin-right: calc(-4% \/ 2 );\"><div class=\"fusion-layout-column fusion_builder_column fusion-builder-column-1 fusion_builder_column_1_1 1_1 fusion-flex-column\" style=\"--awb-bg-size:cover;--awb-width-large:100%;--awb-margin-top-large:0px;--awb-spacing-right-large:1.92%;--awb-margin-bottom-large:20px;--awb-spacing-left-large:1.92%;--awb-width-medium:100%;--awb-spacing-right-medium:1.92%;--awb-spacing-left-medium:1.92%;--awb-width-small:100%;--awb-spacing-right-small:1.92%;--awb-spacing-left-small:1.92%;\"><div class=\"fusion-column-wrapper fusion-flex-justify-content-flex-start fusion-content-layout-column\"><div class=\"fusion-text fusion-text-2\"><blockquote>\n<p style=\"text-align: center;\">&#8220;Independientemente de lo que descubramos, entendemos y realmente creemos que todos hicieron el mejor trabajo que pudieron, teniendo en cuenta lo que sab\u00edan en ese momento, sus habilidades y destrezas, los recursos disponibles y la situaci\u00f3n en cuesti\u00f3n.&#8221;<\/p>\n<\/blockquote>\n<p style=\"text-align: center;\">Norm Kerth, Retrospectivas de proyectos: un manual para la revisi\u00f3n del equipo<\/p>\n<\/div><\/div><\/div><\/div><\/div><\/p>\n","protected":false},"excerpt":{"rendered":"","protected":false},"author":10,"featured_media":0,"parent":0,"menu_order":0,"comment_status":"closed","ping_status":"closed","template":"100-width.php","meta":{"_acf_changed":false,"inline_featured_image":false,"footnotes":""},"class_list":["post-33131","page","type-page","status-publish","hentry"],"acf":[],"yoast_head":"<!-- This site is optimized with the Yoast SEO plugin v27.1.1 - https:\/\/yoast.com\/product\/yoast-seo-wordpress\/ -->\n<title>Retrospectiva Prime Directive | TeamRetro<\/title>\n<meta name=\"description\" content=\"Descubra c\u00f3mo la Directiva Principal de la Retrospectiva ayuda a los equipos a reflexionar, aprender y mejorar continuamente.\" \/>\n<meta name=\"robots\" content=\"index, follow, max-snippet:-1, max-image-preview:large, max-video-preview:-1\" \/>\n<link rel=\"canonical\" href=\"https:\/\/ww2.teamretro.com\/es\/directiva-principal-retrospectiva\/\" \/>\n<meta property=\"og:locale\" content=\"es_ES\" \/>\n<meta property=\"og:type\" content=\"article\" \/>\n<meta property=\"og:title\" content=\"Retrospectiva Prime Directive | TeamRetro\" \/>\n<meta property=\"og:description\" content=\"Descubra c\u00f3mo la Directiva Principal de la Retrospectiva ayuda a los equipos a reflexionar, aprender y mejorar continuamente.\" \/>\n<meta property=\"og:url\" content=\"https:\/\/ww2.teamretro.com\/es\/directiva-principal-retrospectiva\/\" \/>\n<meta property=\"og:site_name\" content=\"TeamRetro\" \/>\n<meta property=\"article:publisher\" content=\"https:\/\/www.facebook.com\/teamretrohq\" \/>\n<meta property=\"article:modified_time\" content=\"2025-10-27T14:41:25+00:00\" \/>\n<meta name=\"twitter:card\" content=\"summary_large_image\" \/>\n<meta name=\"twitter:site\" content=\"@TeamRetroHQ\" \/>\n<meta name=\"twitter:label1\" content=\"Tiempo de lectura\" \/>\n\t<meta name=\"twitter:data1\" content=\"1 minuto\" \/>\n<script type=\"application\/ld+json\" class=\"yoast-schema-graph\">{\"@context\":\"https:\/\/schema.org\",\"@graph\":[{\"@type\":\"WebPage\",\"@id\":\"https:\/\/ww2.teamretro.com\/es\/directiva-principal-retrospectiva\/\",\"url\":\"https:\/\/ww2.teamretro.com\/es\/directiva-principal-retrospectiva\/\",\"name\":\"Retrospectiva Prime Directive | TeamRetro\",\"isPartOf\":{\"@id\":\"https:\/\/ww2.teamretro.com\/es\/#website\"},\"datePublished\":\"2018-07-12T00:41:13+00:00\",\"dateModified\":\"2025-10-27T14:41:25+00:00\",\"description\":\"Descubra c\u00f3mo la Directiva Principal de la Retrospectiva ayuda a los equipos a reflexionar, aprender y mejorar continuamente.\",\"breadcrumb\":{\"@id\":\"https:\/\/ww2.teamretro.com\/es\/directiva-principal-retrospectiva\/#breadcrumb\"},\"inLanguage\":\"es\",\"potentialAction\":[{\"@type\":\"ReadAction\",\"target\":[\"https:\/\/ww2.teamretro.com\/es\/directiva-principal-retrospectiva\/\"]}]},{\"@type\":\"BreadcrumbList\",\"@id\":\"https:\/\/ww2.teamretro.com\/es\/directiva-principal-retrospectiva\/#breadcrumb\",\"itemListElement\":[{\"@type\":\"ListItem\",\"position\":1,\"name\":\"Home\",\"item\":\"https:\/\/ww2.teamretro.com\/es\/\"},{\"@type\":\"ListItem\",\"position\":2,\"name\":\"Retrospectiva Prime Directive\"}]},{\"@type\":\"WebSite\",\"@id\":\"https:\/\/ww2.teamretro.com\/es\/#website\",\"url\":\"https:\/\/ww2.teamretro.com\/es\/\",\"name\":\"TeamRetro\",\"description\":\"Agile retrospective tool for distributed teams\",\"publisher\":{\"@id\":\"https:\/\/ww2.teamretro.com\/es\/#organization\"},\"potentialAction\":[{\"@type\":\"SearchAction\",\"target\":{\"@type\":\"EntryPoint\",\"urlTemplate\":\"https:\/\/ww2.teamretro.com\/es\/?s={search_term_string}\"},\"query-input\":{\"@type\":\"PropertyValueSpecification\",\"valueRequired\":true,\"valueName\":\"search_term_string\"}}],\"inLanguage\":\"es\"},{\"@type\":\"Organization\",\"@id\":\"https:\/\/ww2.teamretro.com\/es\/#organization\",\"name\":\"TeamRetro\",\"url\":\"https:\/\/ww2.teamretro.com\/es\/\",\"logo\":{\"@type\":\"ImageObject\",\"inLanguage\":\"es\",\"@id\":\"https:\/\/ww2.teamretro.com\/es\/#\/schema\/logo\/image\/\",\"url\":\"https:\/\/ww2.teamretro.com\/wp-content\/uploads\/2018\/06\/footer-teamretro-logo.png\",\"contentUrl\":\"https:\/\/ww2.teamretro.com\/wp-content\/uploads\/2018\/06\/footer-teamretro-logo.png\",\"width\":170,\"height\":200,\"caption\":\"TeamRetro\"},\"image\":{\"@id\":\"https:\/\/ww2.teamretro.com\/es\/#\/schema\/logo\/image\/\"},\"sameAs\":[\"https:\/\/www.facebook.com\/teamretrohq\",\"https:\/\/x.com\/TeamRetroHQ\",\"https:\/\/www.linkedin.com\/company\/teamretro\",\"https:\/\/www.youtube.com\/channel\/UCXj_X9Riv6SEb6GtxNYpFbQ\/videos?view_as=subscriber\"]}]}<\/script>\n<!-- \/ Yoast SEO plugin. -->","yoast_head_json":{"title":"Retrospectiva Prime Directive | TeamRetro","description":"Descubra c\u00f3mo la Directiva Principal de la Retrospectiva ayuda a los equipos a reflexionar, aprender y mejorar continuamente.","robots":{"index":"index","follow":"follow","max-snippet":"max-snippet:-1","max-image-preview":"max-image-preview:large","max-video-preview":"max-video-preview:-1"},"canonical":"https:\/\/ww2.teamretro.com\/es\/directiva-principal-retrospectiva\/","og_locale":"es_ES","og_type":"article","og_title":"Retrospectiva Prime Directive | TeamRetro","og_description":"Descubra c\u00f3mo la Directiva Principal de la Retrospectiva ayuda a los equipos a reflexionar, aprender y mejorar continuamente.","og_url":"https:\/\/ww2.teamretro.com\/es\/directiva-principal-retrospectiva\/","og_site_name":"TeamRetro","article_publisher":"https:\/\/www.facebook.com\/teamretrohq","article_modified_time":"2025-10-27T14:41:25+00:00","twitter_card":"summary_large_image","twitter_site":"@TeamRetroHQ","twitter_misc":{"Tiempo de lectura":"1 minuto"},"schema":{"@context":"https:\/\/schema.org","@graph":[{"@type":"WebPage","@id":"https:\/\/ww2.teamretro.com\/es\/directiva-principal-retrospectiva\/","url":"https:\/\/ww2.teamretro.com\/es\/directiva-principal-retrospectiva\/","name":"Retrospectiva Prime Directive | TeamRetro","isPartOf":{"@id":"https:\/\/ww2.teamretro.com\/es\/#website"},"datePublished":"2018-07-12T00:41:13+00:00","dateModified":"2025-10-27T14:41:25+00:00","description":"Descubra c\u00f3mo la Directiva Principal de la Retrospectiva ayuda a los equipos a reflexionar, aprender y mejorar continuamente.","breadcrumb":{"@id":"https:\/\/ww2.teamretro.com\/es\/directiva-principal-retrospectiva\/#breadcrumb"},"inLanguage":"es","potentialAction":[{"@type":"ReadAction","target":["https:\/\/ww2.teamretro.com\/es\/directiva-principal-retrospectiva\/"]}]},{"@type":"BreadcrumbList","@id":"https:\/\/ww2.teamretro.com\/es\/directiva-principal-retrospectiva\/#breadcrumb","itemListElement":[{"@type":"ListItem","position":1,"name":"Home","item":"https:\/\/ww2.teamretro.com\/es\/"},{"@type":"ListItem","position":2,"name":"Retrospectiva Prime Directive"}]},{"@type":"WebSite","@id":"https:\/\/ww2.teamretro.com\/es\/#website","url":"https:\/\/ww2.teamretro.com\/es\/","name":"TeamRetro","description":"Agile retrospective tool for distributed teams","publisher":{"@id":"https:\/\/ww2.teamretro.com\/es\/#organization"},"potentialAction":[{"@type":"SearchAction","target":{"@type":"EntryPoint","urlTemplate":"https:\/\/ww2.teamretro.com\/es\/?s={search_term_string}"},"query-input":{"@type":"PropertyValueSpecification","valueRequired":true,"valueName":"search_term_string"}}],"inLanguage":"es"},{"@type":"Organization","@id":"https:\/\/ww2.teamretro.com\/es\/#organization","name":"TeamRetro","url":"https:\/\/ww2.teamretro.com\/es\/","logo":{"@type":"ImageObject","inLanguage":"es","@id":"https:\/\/ww2.teamretro.com\/es\/#\/schema\/logo\/image\/","url":"https:\/\/ww2.teamretro.com\/wp-content\/uploads\/2018\/06\/footer-teamretro-logo.png","contentUrl":"https:\/\/ww2.teamretro.com\/wp-content\/uploads\/2018\/06\/footer-teamretro-logo.png","width":170,"height":200,"caption":"TeamRetro"},"image":{"@id":"https:\/\/ww2.teamretro.com\/es\/#\/schema\/logo\/image\/"},"sameAs":["https:\/\/www.facebook.com\/teamretrohq","https:\/\/x.com\/TeamRetroHQ","https:\/\/www.linkedin.com\/company\/teamretro","https:\/\/www.youtube.com\/channel\/UCXj_X9Riv6SEb6GtxNYpFbQ\/videos?view_as=subscriber"]}]}},"_links":{"self":[{"href":"https:\/\/ww2.teamretro.com\/es\/wp-json\/wp\/v2\/pages\/33131","targetHints":{"allow":["GET"]}}],"collection":[{"href":"https:\/\/ww2.teamretro.com\/es\/wp-json\/wp\/v2\/pages"}],"about":[{"href":"https:\/\/ww2.teamretro.com\/es\/wp-json\/wp\/v2\/types\/page"}],"author":[{"embeddable":true,"href":"https:\/\/ww2.teamretro.com\/es\/wp-json\/wp\/v2\/users\/10"}],"replies":[{"embeddable":true,"href":"https:\/\/ww2.teamretro.com\/es\/wp-json\/wp\/v2\/comments?post=33131"}],"version-history":[{"count":0,"href":"https:\/\/ww2.teamretro.com\/es\/wp-json\/wp\/v2\/pages\/33131\/revisions"}],"wp:attachment":[{"href":"https:\/\/ww2.teamretro.com\/es\/wp-json\/wp\/v2\/media?parent=33131"}],"curies":[{"name":"wp","href":"https:\/\/api.w.org\/{rel}","templated":true}]}}