{"id":32985,"date":"2019-11-26T15:00:32","date_gmt":"2019-11-26T07:00:32","guid":{"rendered":"https:\/\/ww2.teamretro.com\/?page_id=32985"},"modified":"2025-12-01T11:32:21","modified_gmt":"2025-12-01T03:32:21","slug":"divulgacion-responsable","status":"publish","type":"page","link":"https:\/\/ww2.teamretro.com\/es\/divulgacion-responsable\/","title":{"rendered":"Divulgaci\u00f3n responsable"},"content":{"rendered":"<p><div class=\"fusion-fullwidth fullwidth-box fusion-builder-row-1 fusion-flex-container fusion-parallax-none nonhundred-percent-fullwidth non-hundred-percent-height-scrolling lazyload hero-container\" style=\"--awb-border-radius-top-left:0px;--awb-border-radius-top-right:0px;--awb-border-radius-bottom-right:0px;--awb-border-radius-bottom-left:0px;--awb-padding-top:140px;--awb-padding-bottom:100px;--awb-background-color:#6e8792;--awb-background-size:cover;--awb-flex-wrap:wrap;\" data-bg=\"\/wp-content\/uploads\/2018\/06\/TopBackgroundGray-1.svg\" ><div class=\"fusion-builder-row fusion-row fusion-flex-align-items-flex-start fusion-flex-content-wrap\" style=\"max-width:1248px;margin-left: calc(-4% \/ 2 );margin-right: calc(-4% \/ 2 );\"><div class=\"fusion-layout-column fusion_builder_column fusion-builder-column-0 fusion_builder_column_1_1 1_1 fusion-flex-column\" style=\"--awb-bg-size:cover;--awb-width-large:100%;--awb-margin-top-large:0px;--awb-spacing-right-large:1.92%;--awb-margin-bottom-large:20px;--awb-spacing-left-large:1.92%;--awb-width-medium:100%;--awb-spacing-right-medium:1.92%;--awb-spacing-left-medium:1.92%;--awb-width-small:100%;--awb-spacing-right-small:1.92%;--awb-spacing-left-small:1.92%;\"><div class=\"fusion-column-wrapper fusion-flex-justify-content-flex-start fusion-content-layout-column\"><div class=\"fusion-image-element \" style=\"text-align:center;--awb-max-width:100px;--awb-caption-title-font-family:var(--h2_typography-font-family);--awb-caption-title-font-weight:var(--h2_typography-font-weight);--awb-caption-title-font-style:var(--h2_typography-font-style);--awb-caption-title-size:var(--h2_typography-font-size);--awb-caption-title-transform:var(--h2_typography-text-transform);--awb-caption-title-line-height:var(--h2_typography-line-height);--awb-caption-title-letter-spacing:var(--h2_typography-letter-spacing);\"><span class=\" fusion-imageframe imageframe-none imageframe-1 hover-type-none\"><img decoding=\"async\" width=\"265\" height=\"300\" title=\"SSL Security\" src=\"https:\/\/ww2.teamretro.com\/wp-content\/uploads\/2018\/06\/security-ssl.png\" data-orig-src=\"\/wp-content\/uploads\/2018\/06\/security-ssl-265x300.png\" alt class=\"lazyload img-responsive wp-image-10643\" srcset=\"data:image\/svg+xml,%3Csvg%20xmlns%3D%27http%3A%2F%2Fwww.w3.org%2F2000%2Fsvg%27%20width%3D%27300%27%20height%3D%27340%27%20viewBox%3D%270%200%20300%20340%27%3E%3Crect%20width%3D%27300%27%20height%3D%27340%27%20fill-opacity%3D%220%22%2F%3E%3C%2Fsvg%3E\" data-srcset=\"https:\/\/ww2.teamretro.com\/wp-content\/uploads\/2018\/06\/security-ssl-200x227.png 200w, https:\/\/ww2.teamretro.com\/wp-content\/uploads\/2018\/06\/security-ssl.png 300w\" data-sizes=\"auto\" data-orig-sizes=\"(max-width: 1024px) 100vw, (max-width: 640px) 100vw, 265px\" \/><\/span><\/div><div class=\"fusion-text fusion-text-1\"><h1 style=\"text-align: center;\">Divulgaci\u00f3n responsable<\/h1>\n<h2 style=\"text-align: center;\">Nuestros clientes conf\u00edan en nosotros para mantener sus datos seguros y confidenciales. Nos tomamos la seguridad muy en serio y trabajamos constantemente para garantizar una confianza s\u00f3lida. \u00bfTiene algo que reportar? Cont\u00e1ctenos en <a style=\"color: white; text-decoration: underline;\" href=\"mailto:security@teamretro.com\">security@teamretro.com<\/a><\/h2>\n<\/div><\/div><\/div><\/div><\/div><div class=\"fusion-fullwidth fullwidth-box fusion-builder-row-2 fusion-flex-container has-pattern-background has-mask-background nonhundred-percent-fullwidth non-hundred-percent-height-scrolling\" style=\"--awb-border-radius-top-left:0px;--awb-border-radius-top-right:0px;--awb-border-radius-bottom-right:0px;--awb-border-radius-bottom-left:0px;--awb-padding-top:5rem;--awb-padding-bottom:5rem;--awb-background-color:#ffffff;--awb-flex-wrap:wrap;\" ><div class=\"fusion-builder-row fusion-row fusion-flex-align-items-flex-start fusion-flex-content-wrap\" style=\"max-width:1248px;margin-left: calc(-4% \/ 2 );margin-right: calc(-4% \/ 2 );\"><div class=\"fusion-layout-column fusion_builder_column fusion-builder-column-1 fusion_builder_column_1_1 1_1 fusion-flex-column\" style=\"--awb-bg-size:cover;--awb-width-large:100%;--awb-margin-top-large:0px;--awb-spacing-right-large:1.92%;--awb-margin-bottom-large:20px;--awb-spacing-left-large:1.92%;--awb-width-medium:100%;--awb-spacing-right-medium:1.92%;--awb-spacing-left-medium:1.92%;--awb-width-small:100%;--awb-spacing-right-small:1.92%;--awb-spacing-left-small:1.92%;\"><div class=\"fusion-column-wrapper fusion-flex-justify-content-flex-start fusion-content-layout-column\"><div class=\"fusion-text fusion-text-2\"><h2>Divulgaci\u00f3n responsable<\/h2>\n<p>Animamos a todos los que practican la divulgaci\u00f3n responsable y cumplen con nuestras pol\u00edticas y t\u00e9rminos de servicio a participar en nuestro programa de recompensas por errores. Evite las pruebas automatizadas y realice pruebas de seguridad \u00fanicamente con sus propios datos. No revele informaci\u00f3n sobre las vulnerabilidades hasta que las corrijamos. Las recompensas se otorgan a nuestra discreci\u00f3n, dependiendo de la gravedad de la vulnerabilidad reportada, y se distribuyen a trav\u00e9s de PayPal.<\/p>\n<p>Puedes reportar vulnerabilidades contactando a <a href=\"mailto:security@teamretro.com\">security@teamretro.com<\/a>. Incluye una prueba de concepto. Responderemos a tu solicitud lo antes posible y no emprenderemos acciones legales si cumples las reglas.<\/p>\n<h4><em>Cobertura<\/em><\/h4>\n<ul>\n<li>*.teamretro.com<br \/>\nEspec\u00edficamente:<\/p>\n<ul>\n<li>secure.teamretro.com<\/li>\n<\/ul>\n<\/li>\n<\/ul>\n<h4><em>Exclusiones<\/em><\/h4>\n<ul>\n<li>env-teamretro-stagingfast.kinsta.cloud<\/li>\n<li>feedback.teamretro.com<\/li>\n<li>help.teamretro.com<\/li>\n<li>mail.teamretro.com<\/li>\n<li>status.teamretro.com<\/li>\n<li>track.teamretro.com<\/li>\n<li>*.eu.teamretro.com<\/li>\n<\/ul>\n<h4><em>Las vulnerabilidades aceptadas son las siguientes:<\/em><\/h4>\n<ul>\n<li>Cross-Site Scripting (XSS)<\/li>\n<li>Open redirect<\/li>\n<li>Cross-site Request Forgery (CSRF)<\/li>\n<li>Command\/File\/URL inclusion<\/li>\n<li>Authentication issues<\/li>\n<li>Code execution<\/li>\n<li>Code or database injections<\/li>\n<\/ul>\n<h4><em>Este programa de recompensas por errores NO incluye<\/em><\/h4>\n<ul>\n<li>Account\/email enumerations<\/li>\n<li>Denial of Service (DoS)<\/li>\n<li>Ataques que podr\u00edan da\u00f1ar la confiabilidad\/integridad de nuestro negocio<\/li>\n<li>Ataques de spam<\/li>\n<li>Clickjacking en p\u00e1ginas sin autenticaci\u00f3n y\/o cambios de estado sensibles<\/li>\n<li>Mixed content warnings<\/li>\n<li>Lack of DNSSEC<\/li>\n<li>Content spoofing \/ text injection<\/li>\n<li>Timing attacks<\/li>\n<li>Social engineering<\/li>\n<li>Phishing<\/li>\n<li>Cookies inseguras para cookies no sensibles o cookies de terceros<\/li>\n<li>Vulnerabilidades que requieren una interacci\u00f3n del usuario extremadamente improbable<\/li>\n<li>Exploits que requieren acceso f\u00edsico a la m\u00e1quina de un usuario<\/li>\n<li class=\"li1\">Encabezados de seguridad faltantes que no conducen directamente a una vulnerabilidad<\/li>\n<li class=\"li1\">Faltan mejores pr\u00e1cticas (requerimos evidencia de una vulnerabilidad de seguridad)<\/li>\n<\/ul>\n<p>El escaneo automatizado debe limitarse a 1 solicitud por segundo (1 rps) sin acuerdo previo, y todos los detalles de la recompensa por errores deben permanecer confidenciales.<\/p>\n<\/div><\/div><\/div><\/div><\/div><div class=\"fusion-fullwidth fullwidth-box fusion-builder-row-3 fusion-flex-container has-pattern-background has-mask-background nonhundred-percent-fullwidth non-hundred-percent-height-scrolling\" style=\"--awb-border-radius-top-left:0px;--awb-border-radius-top-right:0px;--awb-border-radius-bottom-right:0px;--awb-border-radius-bottom-left:0px;--awb-padding-top:6.25rem;--awb-padding-bottom:5rem;--awb-background-color:#f1f4f3;--awb-flex-wrap:wrap;\" ><div class=\"fusion-builder-row fusion-row fusion-flex-align-items-flex-start fusion-flex-content-wrap\" style=\"max-width:1248px;margin-left: calc(-4% \/ 2 );margin-right: calc(-4% \/ 2 );\"><div class=\"fusion-layout-column fusion_builder_column fusion-builder-column-2 fusion_builder_column_1_1 1_1 fusion-flex-column\" style=\"--awb-bg-size:cover;--awb-width-large:100%;--awb-margin-top-large:0px;--awb-spacing-right-large:1.92%;--awb-margin-bottom-large:20px;--awb-spacing-left-large:1.92%;--awb-width-medium:100%;--awb-spacing-right-medium:1.92%;--awb-spacing-left-medium:1.92%;--awb-width-small:100%;--awb-spacing-right-small:1.92%;--awb-spacing-left-small:1.92%;\"><div class=\"fusion-column-wrapper fusion-flex-justify-content-flex-start fusion-content-layout-column\"><div class=\"fusion-text fusion-text-3\"><h4>Nuestro agradecimiento a los siguientes investigadores de seguridad:<\/h4>\n<ul>\n<li>Abin Joseph<\/li>\n<li>Daniel_v<\/li>\n<li>Ananda Dhakal<\/li>\n<li>Luiz Viana<\/li>\n<li>Aman Gupta<\/li>\n<li>Vipul Sahu<\/li>\n<li>Hsu Myat Noe<\/li>\n<li>Tomasz Bartoszewski<\/li>\n<li>Harry Gertos<\/li>\n<li>Sathwik Veeramaneni<\/li>\n<li>Yassine Nafiai<\/li>\n<li>SIDN SOC<\/li>\n<li>Burhan Chhotaudepur<\/li>\n<li>Faizan Nehal<\/li>\n<li>Aaditya Kumar Sharma<\/li>\n<li>Syed Ahsan Raza<\/li>\n<li>Mohammed Eldawody<\/li>\n<li>Yaniv Shoshani<\/li>\n<li>Lucas Werkmeister<\/li>\n<li>Ankit Rathva<\/li>\n<\/ul>\n<\/div><\/div><\/div><\/div><\/div><\/p>\n","protected":false},"excerpt":{"rendered":"","protected":false},"author":10,"featured_media":10649,"parent":0,"menu_order":0,"comment_status":"closed","ping_status":"closed","template":"100-width.php","meta":{"_acf_changed":false,"inline_featured_image":false,"footnotes":""},"class_list":["post-32985","page","type-page","status-publish","has-post-thumbnail","hentry"],"acf":[],"yoast_head":"<!-- This site is optimized with the Yoast SEO plugin v27.4 - https:\/\/yoast.com\/product\/yoast-seo-wordpress\/ -->\n<title>Divulgaci\u00f3n responsable | TeamRetro<\/title>\n<meta name=\"description\" content=\"Mantenga la seguridad y la transparencia con una divulgaci\u00f3n responsable en TeamRetro. Conozca nuestra pol\u00edtica para reportar vulnerabilidades y garantizar la protecci\u00f3n de datos.\" \/>\n<meta name=\"robots\" content=\"index, follow, max-snippet:-1, max-image-preview:large, max-video-preview:-1\" \/>\n<link rel=\"canonical\" href=\"https:\/\/ww2.teamretro.com\/es\/divulgacion-responsable\/\" \/>\n<meta property=\"og:locale\" content=\"es_ES\" \/>\n<meta property=\"og:type\" content=\"article\" \/>\n<meta property=\"og:title\" content=\"Divulgaci\u00f3n responsable | TeamRetro\" \/>\n<meta property=\"og:description\" content=\"Mantenga la seguridad y la transparencia con una divulgaci\u00f3n responsable en TeamRetro. Conozca nuestra pol\u00edtica para reportar vulnerabilidades y garantizar la protecci\u00f3n de datos.\" \/>\n<meta property=\"og:url\" content=\"https:\/\/ww2.teamretro.com\/es\/divulgacion-responsable\/\" \/>\n<meta property=\"og:site_name\" content=\"TeamRetro\" \/>\n<meta property=\"article:publisher\" content=\"https:\/\/www.facebook.com\/teamretrohq\" \/>\n<meta property=\"article:modified_time\" content=\"2025-12-01T03:32:21+00:00\" \/>\n<meta property=\"og:image\" content=\"https:\/\/ww2.teamretro.com\/wp-content\/uploads\/2018\/06\/security-sso.png\" \/>\n\t<meta property=\"og:image:width\" content=\"300\" \/>\n\t<meta property=\"og:image:height\" content=\"340\" \/>\n\t<meta property=\"og:image:type\" content=\"image\/png\" \/>\n<meta name=\"twitter:card\" content=\"summary_large_image\" \/>\n<meta name=\"twitter:site\" content=\"@TeamRetroHQ\" \/>\n<meta name=\"twitter:label1\" content=\"Tiempo de lectura\" \/>\n\t<meta name=\"twitter:data1\" content=\"2 minutos\" \/>\n<script type=\"application\/ld+json\" class=\"yoast-schema-graph\">{\"@context\":\"https:\\\/\\\/schema.org\",\"@graph\":[{\"@type\":\"WebPage\",\"@id\":\"https:\\\/\\\/ww2.teamretro.com\\\/es\\\/divulgacion-responsable\\\/\",\"url\":\"https:\\\/\\\/ww2.teamretro.com\\\/es\\\/divulgacion-responsable\\\/\",\"name\":\"Divulgaci\u00f3n responsable | TeamRetro\",\"isPartOf\":{\"@id\":\"https:\\\/\\\/ww2.teamretro.com\\\/es\\\/#website\"},\"primaryImageOfPage\":{\"@id\":\"https:\\\/\\\/ww2.teamretro.com\\\/es\\\/divulgacion-responsable\\\/#primaryimage\"},\"image\":{\"@id\":\"https:\\\/\\\/ww2.teamretro.com\\\/es\\\/divulgacion-responsable\\\/#primaryimage\"},\"thumbnailUrl\":\"https:\\\/\\\/ww2.teamretro.com\\\/wp-content\\\/uploads\\\/2018\\\/06\\\/security-sso.png\",\"datePublished\":\"2019-11-26T07:00:32+00:00\",\"dateModified\":\"2025-12-01T03:32:21+00:00\",\"description\":\"Mantenga la seguridad y la transparencia con una divulgaci\u00f3n responsable en TeamRetro. Conozca nuestra pol\u00edtica para reportar vulnerabilidades y garantizar la protecci\u00f3n de datos.\",\"breadcrumb\":{\"@id\":\"https:\\\/\\\/ww2.teamretro.com\\\/es\\\/divulgacion-responsable\\\/#breadcrumb\"},\"inLanguage\":\"es\",\"potentialAction\":[{\"@type\":\"ReadAction\",\"target\":[\"https:\\\/\\\/ww2.teamretro.com\\\/es\\\/divulgacion-responsable\\\/\"]}]},{\"@type\":\"ImageObject\",\"inLanguage\":\"es\",\"@id\":\"https:\\\/\\\/ww2.teamretro.com\\\/es\\\/divulgacion-responsable\\\/#primaryimage\",\"url\":\"https:\\\/\\\/ww2.teamretro.com\\\/wp-content\\\/uploads\\\/2018\\\/06\\\/security-sso.png\",\"contentUrl\":\"https:\\\/\\\/ww2.teamretro.com\\\/wp-content\\\/uploads\\\/2018\\\/06\\\/security-sso.png\",\"width\":300,\"height\":340,\"caption\":\"Single Sign On icon for security page\"},{\"@type\":\"BreadcrumbList\",\"@id\":\"https:\\\/\\\/ww2.teamretro.com\\\/es\\\/divulgacion-responsable\\\/#breadcrumb\",\"itemListElement\":[{\"@type\":\"ListItem\",\"position\":1,\"name\":\"Home\",\"item\":\"https:\\\/\\\/ww2.teamretro.com\\\/es\\\/\"},{\"@type\":\"ListItem\",\"position\":2,\"name\":\"Divulgaci\u00f3n responsable\"}]},{\"@type\":\"WebSite\",\"@id\":\"https:\\\/\\\/ww2.teamretro.com\\\/es\\\/#website\",\"url\":\"https:\\\/\\\/ww2.teamretro.com\\\/es\\\/\",\"name\":\"TeamRetro\",\"description\":\"Agile retrospective, health check and estimation tool for distributed teams\",\"publisher\":{\"@id\":\"https:\\\/\\\/ww2.teamretro.com\\\/es\\\/#organization\"},\"potentialAction\":[{\"@type\":\"SearchAction\",\"target\":{\"@type\":\"EntryPoint\",\"urlTemplate\":\"https:\\\/\\\/ww2.teamretro.com\\\/es\\\/?s={search_term_string}\"},\"query-input\":{\"@type\":\"PropertyValueSpecification\",\"valueRequired\":true,\"valueName\":\"search_term_string\"}}],\"inLanguage\":\"es\"},{\"@type\":\"Organization\",\"@id\":\"https:\\\/\\\/ww2.teamretro.com\\\/es\\\/#organization\",\"name\":\"TeamRetro\",\"url\":\"https:\\\/\\\/ww2.teamretro.com\\\/es\\\/\",\"logo\":{\"@type\":\"ImageObject\",\"inLanguage\":\"es\",\"@id\":\"https:\\\/\\\/ww2.teamretro.com\\\/es\\\/#\\\/schema\\\/logo\\\/image\\\/\",\"url\":\"https:\\\/\\\/ww2.teamretro.com\\\/wp-content\\\/uploads\\\/2018\\\/06\\\/footer-teamretro-logo.png\",\"contentUrl\":\"https:\\\/\\\/ww2.teamretro.com\\\/wp-content\\\/uploads\\\/2018\\\/06\\\/footer-teamretro-logo.png\",\"width\":170,\"height\":200,\"caption\":\"TeamRetro\"},\"image\":{\"@id\":\"https:\\\/\\\/ww2.teamretro.com\\\/es\\\/#\\\/schema\\\/logo\\\/image\\\/\"},\"sameAs\":[\"https:\\\/\\\/www.facebook.com\\\/teamretrohq\",\"https:\\\/\\\/x.com\\\/TeamRetroHQ\",\"https:\\\/\\\/www.linkedin.com\\\/company\\\/teamretro\",\"https:\\\/\\\/www.youtube.com\\\/channel\\\/UCXj_X9Riv6SEb6GtxNYpFbQ\\\/videos?view_as=subscriber\"]}]}<\/script>\n<!-- \/ Yoast SEO plugin. -->","yoast_head_json":{"title":"Divulgaci\u00f3n responsable | TeamRetro","description":"Mantenga la seguridad y la transparencia con una divulgaci\u00f3n responsable en TeamRetro. Conozca nuestra pol\u00edtica para reportar vulnerabilidades y garantizar la protecci\u00f3n de datos.","robots":{"index":"index","follow":"follow","max-snippet":"max-snippet:-1","max-image-preview":"max-image-preview:large","max-video-preview":"max-video-preview:-1"},"canonical":"https:\/\/ww2.teamretro.com\/es\/divulgacion-responsable\/","og_locale":"es_ES","og_type":"article","og_title":"Divulgaci\u00f3n responsable | TeamRetro","og_description":"Mantenga la seguridad y la transparencia con una divulgaci\u00f3n responsable en TeamRetro. Conozca nuestra pol\u00edtica para reportar vulnerabilidades y garantizar la protecci\u00f3n de datos.","og_url":"https:\/\/ww2.teamretro.com\/es\/divulgacion-responsable\/","og_site_name":"TeamRetro","article_publisher":"https:\/\/www.facebook.com\/teamretrohq","article_modified_time":"2025-12-01T03:32:21+00:00","og_image":[{"width":300,"height":340,"url":"https:\/\/ww2.teamretro.com\/wp-content\/uploads\/2018\/06\/security-sso.png","type":"image\/png"}],"twitter_card":"summary_large_image","twitter_site":"@TeamRetroHQ","twitter_misc":{"Tiempo de lectura":"2 minutos"},"schema":{"@context":"https:\/\/schema.org","@graph":[{"@type":"WebPage","@id":"https:\/\/ww2.teamretro.com\/es\/divulgacion-responsable\/","url":"https:\/\/ww2.teamretro.com\/es\/divulgacion-responsable\/","name":"Divulgaci\u00f3n responsable | TeamRetro","isPartOf":{"@id":"https:\/\/ww2.teamretro.com\/es\/#website"},"primaryImageOfPage":{"@id":"https:\/\/ww2.teamretro.com\/es\/divulgacion-responsable\/#primaryimage"},"image":{"@id":"https:\/\/ww2.teamretro.com\/es\/divulgacion-responsable\/#primaryimage"},"thumbnailUrl":"https:\/\/ww2.teamretro.com\/wp-content\/uploads\/2018\/06\/security-sso.png","datePublished":"2019-11-26T07:00:32+00:00","dateModified":"2025-12-01T03:32:21+00:00","description":"Mantenga la seguridad y la transparencia con una divulgaci\u00f3n responsable en TeamRetro. Conozca nuestra pol\u00edtica para reportar vulnerabilidades y garantizar la protecci\u00f3n de datos.","breadcrumb":{"@id":"https:\/\/ww2.teamretro.com\/es\/divulgacion-responsable\/#breadcrumb"},"inLanguage":"es","potentialAction":[{"@type":"ReadAction","target":["https:\/\/ww2.teamretro.com\/es\/divulgacion-responsable\/"]}]},{"@type":"ImageObject","inLanguage":"es","@id":"https:\/\/ww2.teamretro.com\/es\/divulgacion-responsable\/#primaryimage","url":"https:\/\/ww2.teamretro.com\/wp-content\/uploads\/2018\/06\/security-sso.png","contentUrl":"https:\/\/ww2.teamretro.com\/wp-content\/uploads\/2018\/06\/security-sso.png","width":300,"height":340,"caption":"Single Sign On icon for security page"},{"@type":"BreadcrumbList","@id":"https:\/\/ww2.teamretro.com\/es\/divulgacion-responsable\/#breadcrumb","itemListElement":[{"@type":"ListItem","position":1,"name":"Home","item":"https:\/\/ww2.teamretro.com\/es\/"},{"@type":"ListItem","position":2,"name":"Divulgaci\u00f3n responsable"}]},{"@type":"WebSite","@id":"https:\/\/ww2.teamretro.com\/es\/#website","url":"https:\/\/ww2.teamretro.com\/es\/","name":"TeamRetro","description":"Agile retrospective, health check and estimation tool for distributed teams","publisher":{"@id":"https:\/\/ww2.teamretro.com\/es\/#organization"},"potentialAction":[{"@type":"SearchAction","target":{"@type":"EntryPoint","urlTemplate":"https:\/\/ww2.teamretro.com\/es\/?s={search_term_string}"},"query-input":{"@type":"PropertyValueSpecification","valueRequired":true,"valueName":"search_term_string"}}],"inLanguage":"es"},{"@type":"Organization","@id":"https:\/\/ww2.teamretro.com\/es\/#organization","name":"TeamRetro","url":"https:\/\/ww2.teamretro.com\/es\/","logo":{"@type":"ImageObject","inLanguage":"es","@id":"https:\/\/ww2.teamretro.com\/es\/#\/schema\/logo\/image\/","url":"https:\/\/ww2.teamretro.com\/wp-content\/uploads\/2018\/06\/footer-teamretro-logo.png","contentUrl":"https:\/\/ww2.teamretro.com\/wp-content\/uploads\/2018\/06\/footer-teamretro-logo.png","width":170,"height":200,"caption":"TeamRetro"},"image":{"@id":"https:\/\/ww2.teamretro.com\/es\/#\/schema\/logo\/image\/"},"sameAs":["https:\/\/www.facebook.com\/teamretrohq","https:\/\/x.com\/TeamRetroHQ","https:\/\/www.linkedin.com\/company\/teamretro","https:\/\/www.youtube.com\/channel\/UCXj_X9Riv6SEb6GtxNYpFbQ\/videos?view_as=subscriber"]}]}},"_links":{"self":[{"href":"https:\/\/ww2.teamretro.com\/es\/wp-json\/wp\/v2\/pages\/32985","targetHints":{"allow":["GET"]}}],"collection":[{"href":"https:\/\/ww2.teamretro.com\/es\/wp-json\/wp\/v2\/pages"}],"about":[{"href":"https:\/\/ww2.teamretro.com\/es\/wp-json\/wp\/v2\/types\/page"}],"author":[{"embeddable":true,"href":"https:\/\/ww2.teamretro.com\/es\/wp-json\/wp\/v2\/users\/10"}],"replies":[{"embeddable":true,"href":"https:\/\/ww2.teamretro.com\/es\/wp-json\/wp\/v2\/comments?post=32985"}],"version-history":[{"count":0,"href":"https:\/\/ww2.teamretro.com\/es\/wp-json\/wp\/v2\/pages\/32985\/revisions"}],"wp:featuredmedia":[{"embeddable":true,"href":"https:\/\/ww2.teamretro.com\/es\/wp-json\/wp\/v2\/media\/10649"}],"wp:attachment":[{"href":"https:\/\/ww2.teamretro.com\/es\/wp-json\/wp\/v2\/media?parent=32985"}],"curies":[{"name":"wp","href":"https:\/\/api.w.org\/{rel}","templated":true}]}}