{"id":32982,"date":"2019-11-26T15:00:32","date_gmt":"2019-11-26T07:00:32","guid":{"rendered":"https:\/\/ww2.teamretro.com\/?page_id=32982"},"modified":"2025-12-01T11:29:08","modified_gmt":"2025-12-01T03:29:08","slug":"verantwortungsvolle-offenlegung","status":"publish","type":"page","link":"https:\/\/ww2.teamretro.com\/de\/verantwortungsvolle-offenlegung\/","title":{"rendered":"Verantwortungsvolle Offenlegung"},"content":{"rendered":"<p><div class=\"fusion-fullwidth fullwidth-box fusion-builder-row-1 fusion-flex-container fusion-parallax-none nonhundred-percent-fullwidth non-hundred-percent-height-scrolling lazyload hero-container\" style=\"--awb-border-radius-top-left:0px;--awb-border-radius-top-right:0px;--awb-border-radius-bottom-right:0px;--awb-border-radius-bottom-left:0px;--awb-padding-top:140px;--awb-padding-bottom:100px;--awb-background-color:#6e8792;--awb-background-size:cover;--awb-flex-wrap:wrap;\" data-bg=\"\/wp-content\/uploads\/2018\/06\/TopBackgroundGray-1.svg\" ><div class=\"fusion-builder-row fusion-row fusion-flex-align-items-flex-start fusion-flex-content-wrap\" style=\"max-width:1248px;margin-left: calc(-4% \/ 2 );margin-right: calc(-4% \/ 2 );\"><div class=\"fusion-layout-column fusion_builder_column fusion-builder-column-0 fusion_builder_column_1_1 1_1 fusion-flex-column\" style=\"--awb-bg-size:cover;--awb-width-large:100%;--awb-margin-top-large:0px;--awb-spacing-right-large:1.92%;--awb-margin-bottom-large:20px;--awb-spacing-left-large:1.92%;--awb-width-medium:100%;--awb-spacing-right-medium:1.92%;--awb-spacing-left-medium:1.92%;--awb-width-small:100%;--awb-spacing-right-small:1.92%;--awb-spacing-left-small:1.92%;\"><div class=\"fusion-column-wrapper fusion-flex-justify-content-flex-start fusion-content-layout-column\"><div class=\"fusion-image-element \" style=\"text-align:center;--awb-max-width:100px;--awb-caption-title-font-family:var(--h2_typography-font-family);--awb-caption-title-font-weight:var(--h2_typography-font-weight);--awb-caption-title-font-style:var(--h2_typography-font-style);--awb-caption-title-size:var(--h2_typography-font-size);--awb-caption-title-transform:var(--h2_typography-text-transform);--awb-caption-title-line-height:var(--h2_typography-line-height);--awb-caption-title-letter-spacing:var(--h2_typography-letter-spacing);\"><span class=\" fusion-imageframe imageframe-none imageframe-1 hover-type-none\"><img decoding=\"async\" width=\"265\" height=\"300\" title=\"SSL Security\" src=\"https:\/\/ww2.teamretro.com\/wp-content\/uploads\/2018\/06\/security-ssl.png\" data-orig-src=\"\/wp-content\/uploads\/2018\/06\/security-ssl-265x300.png\" alt class=\"lazyload img-responsive wp-image-10641\" srcset=\"data:image\/svg+xml,%3Csvg%20xmlns%3D%27http%3A%2F%2Fwww.w3.org%2F2000%2Fsvg%27%20width%3D%27300%27%20height%3D%27340%27%20viewBox%3D%270%200%20300%20340%27%3E%3Crect%20width%3D%27300%27%20height%3D%27340%27%20fill-opacity%3D%220%22%2F%3E%3C%2Fsvg%3E\" data-srcset=\"https:\/\/ww2.teamretro.com\/wp-content\/uploads\/2018\/06\/security-ssl-200x227.png 200w, https:\/\/ww2.teamretro.com\/wp-content\/uploads\/2018\/06\/security-ssl.png 300w\" data-sizes=\"auto\" data-orig-sizes=\"(max-width: 1024px) 100vw, (max-width: 640px) 100vw, 265px\" \/><\/span><\/div><div class=\"fusion-text fusion-text-1\"><h1 style=\"text-align: center;\">Verantwortungsvolle Offenlegung<\/h1>\n<h2 style=\"text-align: center;\">Unsere Kunden vertrauen darauf, dass wir ihre Daten sicher und vertraulich behandeln. Wir nehmen Sicherheit ernst und arbeiten kontinuierlich daran, dieses Vertrauen zu st\u00e4rken. Haben Sie etwas zu melden? Kontaktieren Sie uns unter <a style=\"color: white; text-decoration: underline;\" href=\"mailto:security@teamretro.com\">security@teamretro.com<\/a><\/h2>\n<\/div><\/div><\/div><\/div><\/div><div class=\"fusion-fullwidth fullwidth-box fusion-builder-row-2 fusion-flex-container has-pattern-background has-mask-background nonhundred-percent-fullwidth non-hundred-percent-height-scrolling\" style=\"--awb-border-radius-top-left:0px;--awb-border-radius-top-right:0px;--awb-border-radius-bottom-right:0px;--awb-border-radius-bottom-left:0px;--awb-padding-top:5rem;--awb-padding-bottom:5rem;--awb-background-color:#ffffff;--awb-flex-wrap:wrap;\" ><div class=\"fusion-builder-row fusion-row fusion-flex-align-items-flex-start fusion-flex-content-wrap\" style=\"max-width:1248px;margin-left: calc(-4% \/ 2 );margin-right: calc(-4% \/ 2 );\"><div class=\"fusion-layout-column fusion_builder_column fusion-builder-column-1 fusion_builder_column_1_1 1_1 fusion-flex-column\" style=\"--awb-bg-size:cover;--awb-width-large:100%;--awb-margin-top-large:0px;--awb-spacing-right-large:1.92%;--awb-margin-bottom-large:20px;--awb-spacing-left-large:1.92%;--awb-width-medium:100%;--awb-spacing-right-medium:1.92%;--awb-spacing-left-medium:1.92%;--awb-width-small:100%;--awb-spacing-right-small:1.92%;--awb-spacing-left-small:1.92%;\"><div class=\"fusion-column-wrapper fusion-flex-justify-content-flex-start fusion-content-layout-column\"><div class=\"fusion-text fusion-text-2\"><h2>Verantwortungsvolle Offenlegung<\/h2>\n<p>Wir ermutigen alle, die verantwortungsvoll mit der Offenlegung umgehen und unsere Richtlinien und Nutzungsbedingungen einhalten, an unserem Bug-Bounty-Programm teilzunehmen. Bitte vermeiden Sie automatisierte Tests und f\u00fchren Sie Sicherheitstests nur mit Ihren eigenen Daten durch. Bitte geben Sie keine Informationen zu den Schwachstellen preis, bis wir diese behoben haben. Belohnungen werden nach unserem Ermessen und je nach Schwere der gemeldeten Schwachstelle vergeben und \u00fcber PayPal ausgezahlt.<\/p>\n<p>Sie k\u00f6nnen Sicherheitsl\u00fccken melden, indem Sie sich an <a href=\"mailto:security@teamretro.com\">security@teamretro.com<\/a> wenden. Bitte f\u00fcgen Sie einen Proof of Concept bei. Wir werden Ihre Meldung so schnell wie m\u00f6glich beantworten und werden keine rechtlichen Schritte einleiten, wenn Sie die Regeln einhalten.<\/p>\n<h4><em>Abdeckung<\/em><\/h4>\n<ul>\n<li>*.teamretro.com<br \/>\nSpeziell:<\/p>\n<ul>\n<li>secure.teamretro.com<\/li>\n<\/ul>\n<\/li>\n<\/ul>\n<h4><em>Ausschl\u00fcsse<\/em><\/h4>\n<ul>\n<li>*.eu.teamretro.com<\/li>\n<li>ww1.teamretro.com<\/li>\n<li>ww2.teamretro.com<\/li>\n<li>ww3.teamretro.com<\/li>\n<li>www.teamretro.com<\/li>\n<li>at.teamretro.com<\/li>\n<li>help.teamretro.com<\/li>\n<li>feedback.teamretro.com<\/li>\n<li>mail.teamretro.com<\/li>\n<li>status.teamretro.com<\/li>\n<li>track.teamretro.com<\/li>\n<li>icebreaker.teamretro.com<\/li>\n<li>www-assets.teamretro.com<\/li>\n<\/ul>\n<h4><em>Akzeptierte Schwachstellen sind die folgenden<\/em><\/h4>\n<ul>\n<li>Cross-Site Scripting (XSS)<\/li>\n<li>Open redirect<\/li>\n<li>Cross-site Request Forgery (CSRF)<\/li>\n<li>Command\/File\/URL inclusion<\/li>\n<li>Authentication issues<\/li>\n<li>Code execution<\/li>\n<li>Code or database injections<\/li>\n<\/ul>\n<h4><em>Dieses Bug-Bounty-Programm beinhaltet NICHT<\/em><\/h4>\n<ul>\n<li>Account\/email enumerations<\/li>\n<li>Denial of Service (DoS)<\/li>\n<li>Angriffe, die die Zuverl\u00e4ssigkeit\/Integrit\u00e4t unseres Gesch\u00e4fts sch\u00e4digen k\u00f6nnten<\/li>\n<li>Spam-Angriffe<\/li>\n<li>Clickjacking auf Seiten ohne Authentifizierung und\/oder sensible Status\u00e4nderungen<\/li>\n<li>Mixed content warnings<\/li>\n<li>Lack of DNSSEC<\/li>\n<li>Content spoofing \/ text injection<\/li>\n<li>Timing attacks<\/li>\n<li>Social engineering<\/li>\n<li>Phishing<\/li>\n<li>Unsichere Cookies f\u00fcr nicht sensible Cookies oder Cookies von Drittanbietern<\/li>\n<li>Sicherheitsl\u00fccken, die eine \u00e4u\u00dferst unwahrscheinliche Benutzerinteraktion erfordern<\/li>\n<li>Exploits, die physischen Zugriff auf den Computer eines Benutzers erfordern<\/li>\n<li class=\"li1\">Fehlende Sicherheitsheader, die nicht direkt zu einer Sicherheitsl\u00fccke f\u00fchren<\/li>\n<li class=\"li1\">Fehlende Best Practices (wir ben\u00f6tigen den Nachweis einer Sicherheitsl\u00fccke)<\/li>\n<\/ul>\n<p>Das automatisierte Scannen muss ohne vorherige Vereinbarung auf 1 Anfrage pro Sekunde (1rps) begrenzt werden und alle Bug-Bounty-Details m\u00fcssen vertraulich bleiben.<\/p>\n<\/div><\/div><\/div><\/div><\/div><div class=\"fusion-fullwidth fullwidth-box fusion-builder-row-3 fusion-flex-container has-pattern-background has-mask-background nonhundred-percent-fullwidth non-hundred-percent-height-scrolling\" style=\"--awb-border-radius-top-left:0px;--awb-border-radius-top-right:0px;--awb-border-radius-bottom-right:0px;--awb-border-radius-bottom-left:0px;--awb-padding-top:6.25rem;--awb-padding-bottom:5rem;--awb-background-color:#f1f4f3;--awb-flex-wrap:wrap;\" ><div class=\"fusion-builder-row fusion-row fusion-flex-align-items-flex-start fusion-flex-content-wrap\" style=\"max-width:1248px;margin-left: calc(-4% \/ 2 );margin-right: calc(-4% \/ 2 );\"><div class=\"fusion-layout-column fusion_builder_column fusion-builder-column-2 fusion_builder_column_1_1 1_1 fusion-flex-column\" style=\"--awb-bg-size:cover;--awb-width-large:100%;--awb-margin-top-large:0px;--awb-spacing-right-large:1.92%;--awb-margin-bottom-large:20px;--awb-spacing-left-large:1.92%;--awb-width-medium:100%;--awb-spacing-right-medium:1.92%;--awb-spacing-left-medium:1.92%;--awb-width-small:100%;--awb-spacing-right-small:1.92%;--awb-spacing-left-small:1.92%;\"><div class=\"fusion-column-wrapper fusion-flex-justify-content-flex-start fusion-content-layout-column\"><div class=\"fusion-text fusion-text-3\"><h4>Unser Dank gilt den folgenden Sicherheitsforschern:<\/h4>\n<ul>\n<li>Abin Joseph<\/li>\n<li>daniel_v<\/li>\n<li>Ananda Dhakal<\/li>\n<li>Luiz Viana<\/li>\n<li>Aman Gupta<\/li>\n<li>Vipul Sahu<\/li>\n<li>Hsu Myat Noe<\/li>\n<li>Tomasz Bartoszewski<\/li>\n<li>Harry Gertos<\/li>\n<li>Sathwik Veeramaneni<\/li>\n<li>Yassine Nafiai<\/li>\n<li>SIDN SOC<\/li>\n<li>Burhan Chhotaudepur<\/li>\n<li>Faizan Nehal<\/li>\n<li>Aaditya Kumar Sharma<\/li>\n<li>Syed Ahsan Raza<\/li>\n<li>Mohammed Eldawody<\/li>\n<li>Yaniv Shoshani<\/li>\n<li>Lucas Werkmeister<\/li>\n<li>Ankit Rathva<\/li>\n<\/ul>\n<\/div><\/div><\/div><\/div><\/div><\/p>\n","protected":false},"excerpt":{"rendered":"","protected":false},"author":10,"featured_media":10647,"parent":0,"menu_order":0,"comment_status":"closed","ping_status":"closed","template":"100-width.php","meta":{"_acf_changed":false,"inline_featured_image":false,"footnotes":""},"class_list":["post-32982","page","type-page","status-publish","has-post-thumbnail","hentry"],"acf":[],"yoast_head":"<!-- This site is optimized with the Yoast SEO plugin v27.1.1 - https:\/\/yoast.com\/product\/yoast-seo-wordpress\/ -->\n<title>Verantwortungsvolle Offenlegung | TeamRetro<\/title>\n<meta name=\"description\" content=\"Sorgen Sie mit der verantwortungsvollen Offenlegung bei TeamRetro f\u00fcr Sicherheit und Transparenz. Erfahren Sie mehr \u00fcber unsere Richtlinien zur Meldung von Sicherheitsl\u00fccken und zur Gew\u00e4hrleistung des Datenschutzes.\" \/>\n<meta name=\"robots\" content=\"index, follow, max-snippet:-1, max-image-preview:large, max-video-preview:-1\" \/>\n<link rel=\"canonical\" href=\"https:\/\/ww2.teamretro.com\/de\/verantwortungsvolle-offenlegung\/\" \/>\n<meta property=\"og:locale\" content=\"de_DE\" \/>\n<meta property=\"og:type\" content=\"article\" \/>\n<meta property=\"og:title\" content=\"Verantwortungsvolle Offenlegung | TeamRetro\" \/>\n<meta property=\"og:description\" content=\"Sorgen Sie mit der verantwortungsvollen Offenlegung bei TeamRetro f\u00fcr Sicherheit und Transparenz. Erfahren Sie mehr \u00fcber unsere Richtlinien zur Meldung von Sicherheitsl\u00fccken und zur Gew\u00e4hrleistung des Datenschutzes.\" \/>\n<meta property=\"og:url\" content=\"https:\/\/ww2.teamretro.com\/de\/verantwortungsvolle-offenlegung\/\" \/>\n<meta property=\"og:site_name\" content=\"TeamRetro\" \/>\n<meta property=\"article:publisher\" content=\"https:\/\/www.facebook.com\/teamretrohq\" \/>\n<meta property=\"article:modified_time\" content=\"2025-12-01T03:29:08+00:00\" \/>\n<meta property=\"og:image\" content=\"https:\/\/ww2.teamretro.com\/wp-content\/uploads\/2018\/06\/security-sso.png\" \/>\n\t<meta property=\"og:image:width\" content=\"300\" \/>\n\t<meta property=\"og:image:height\" content=\"340\" \/>\n\t<meta property=\"og:image:type\" content=\"image\/png\" \/>\n<meta name=\"twitter:card\" content=\"summary_large_image\" \/>\n<meta name=\"twitter:site\" content=\"@TeamRetroHQ\" \/>\n<meta name=\"twitter:label1\" content=\"Gesch\u00e4tzte Lesezeit\" \/>\n\t<meta name=\"twitter:data1\" content=\"2\u00a0Minuten\" \/>\n<script type=\"application\/ld+json\" class=\"yoast-schema-graph\">{\"@context\":\"https:\/\/schema.org\",\"@graph\":[{\"@type\":\"WebPage\",\"@id\":\"https:\/\/ww2.teamretro.com\/de\/verantwortungsvolle-offenlegung\/\",\"url\":\"https:\/\/ww2.teamretro.com\/de\/verantwortungsvolle-offenlegung\/\",\"name\":\"Verantwortungsvolle Offenlegung | TeamRetro\",\"isPartOf\":{\"@id\":\"https:\/\/ww2.teamretro.com\/de\/#website\"},\"primaryImageOfPage\":{\"@id\":\"https:\/\/ww2.teamretro.com\/de\/verantwortungsvolle-offenlegung\/#primaryimage\"},\"image\":{\"@id\":\"https:\/\/ww2.teamretro.com\/de\/verantwortungsvolle-offenlegung\/#primaryimage\"},\"thumbnailUrl\":\"https:\/\/ww2.teamretro.com\/wp-content\/uploads\/2018\/06\/security-sso.png\",\"datePublished\":\"2019-11-26T07:00:32+00:00\",\"dateModified\":\"2025-12-01T03:29:08+00:00\",\"description\":\"Sorgen Sie mit der verantwortungsvollen Offenlegung bei TeamRetro f\u00fcr Sicherheit und Transparenz. Erfahren Sie mehr \u00fcber unsere Richtlinien zur Meldung von Sicherheitsl\u00fccken und zur Gew\u00e4hrleistung des Datenschutzes.\",\"breadcrumb\":{\"@id\":\"https:\/\/ww2.teamretro.com\/de\/verantwortungsvolle-offenlegung\/#breadcrumb\"},\"inLanguage\":\"de\",\"potentialAction\":[{\"@type\":\"ReadAction\",\"target\":[\"https:\/\/ww2.teamretro.com\/de\/verantwortungsvolle-offenlegung\/\"]}]},{\"@type\":\"ImageObject\",\"inLanguage\":\"de\",\"@id\":\"https:\/\/ww2.teamretro.com\/de\/verantwortungsvolle-offenlegung\/#primaryimage\",\"url\":\"https:\/\/ww2.teamretro.com\/wp-content\/uploads\/2018\/06\/security-sso.png\",\"contentUrl\":\"https:\/\/ww2.teamretro.com\/wp-content\/uploads\/2018\/06\/security-sso.png\",\"width\":300,\"height\":340,\"caption\":\"Single Sign On icon for security page\"},{\"@type\":\"BreadcrumbList\",\"@id\":\"https:\/\/ww2.teamretro.com\/de\/verantwortungsvolle-offenlegung\/#breadcrumb\",\"itemListElement\":[{\"@type\":\"ListItem\",\"position\":1,\"name\":\"Home\",\"item\":\"https:\/\/ww2.teamretro.com\/de\/\"},{\"@type\":\"ListItem\",\"position\":2,\"name\":\"Verantwortungsvolle Offenlegung\"}]},{\"@type\":\"WebSite\",\"@id\":\"https:\/\/ww2.teamretro.com\/de\/#website\",\"url\":\"https:\/\/ww2.teamretro.com\/de\/\",\"name\":\"TeamRetro\",\"description\":\"Agile retrospective tool for distributed teams\",\"publisher\":{\"@id\":\"https:\/\/ww2.teamretro.com\/de\/#organization\"},\"potentialAction\":[{\"@type\":\"SearchAction\",\"target\":{\"@type\":\"EntryPoint\",\"urlTemplate\":\"https:\/\/ww2.teamretro.com\/de\/?s={search_term_string}\"},\"query-input\":{\"@type\":\"PropertyValueSpecification\",\"valueRequired\":true,\"valueName\":\"search_term_string\"}}],\"inLanguage\":\"de\"},{\"@type\":\"Organization\",\"@id\":\"https:\/\/ww2.teamretro.com\/de\/#organization\",\"name\":\"TeamRetro\",\"url\":\"https:\/\/ww2.teamretro.com\/de\/\",\"logo\":{\"@type\":\"ImageObject\",\"inLanguage\":\"de\",\"@id\":\"https:\/\/ww2.teamretro.com\/de\/#\/schema\/logo\/image\/\",\"url\":\"https:\/\/ww2.teamretro.com\/wp-content\/uploads\/2018\/06\/footer-teamretro-logo.png\",\"contentUrl\":\"https:\/\/ww2.teamretro.com\/wp-content\/uploads\/2018\/06\/footer-teamretro-logo.png\",\"width\":170,\"height\":200,\"caption\":\"TeamRetro\"},\"image\":{\"@id\":\"https:\/\/ww2.teamretro.com\/de\/#\/schema\/logo\/image\/\"},\"sameAs\":[\"https:\/\/www.facebook.com\/teamretrohq\",\"https:\/\/x.com\/TeamRetroHQ\",\"https:\/\/www.linkedin.com\/company\/teamretro\",\"https:\/\/www.youtube.com\/channel\/UCXj_X9Riv6SEb6GtxNYpFbQ\/videos?view_as=subscriber\"]}]}<\/script>\n<!-- \/ Yoast SEO plugin. -->","yoast_head_json":{"title":"Verantwortungsvolle Offenlegung | TeamRetro","description":"Sorgen Sie mit der verantwortungsvollen Offenlegung bei TeamRetro f\u00fcr Sicherheit und Transparenz. Erfahren Sie mehr \u00fcber unsere Richtlinien zur Meldung von Sicherheitsl\u00fccken und zur Gew\u00e4hrleistung des Datenschutzes.","robots":{"index":"index","follow":"follow","max-snippet":"max-snippet:-1","max-image-preview":"max-image-preview:large","max-video-preview":"max-video-preview:-1"},"canonical":"https:\/\/ww2.teamretro.com\/de\/verantwortungsvolle-offenlegung\/","og_locale":"de_DE","og_type":"article","og_title":"Verantwortungsvolle Offenlegung | TeamRetro","og_description":"Sorgen Sie mit der verantwortungsvollen Offenlegung bei TeamRetro f\u00fcr Sicherheit und Transparenz. Erfahren Sie mehr \u00fcber unsere Richtlinien zur Meldung von Sicherheitsl\u00fccken und zur Gew\u00e4hrleistung des Datenschutzes.","og_url":"https:\/\/ww2.teamretro.com\/de\/verantwortungsvolle-offenlegung\/","og_site_name":"TeamRetro","article_publisher":"https:\/\/www.facebook.com\/teamretrohq","article_modified_time":"2025-12-01T03:29:08+00:00","og_image":[{"width":300,"height":340,"url":"https:\/\/ww2.teamretro.com\/wp-content\/uploads\/2018\/06\/security-sso.png","type":"image\/png"}],"twitter_card":"summary_large_image","twitter_site":"@TeamRetroHQ","twitter_misc":{"Gesch\u00e4tzte Lesezeit":"2\u00a0Minuten"},"schema":{"@context":"https:\/\/schema.org","@graph":[{"@type":"WebPage","@id":"https:\/\/ww2.teamretro.com\/de\/verantwortungsvolle-offenlegung\/","url":"https:\/\/ww2.teamretro.com\/de\/verantwortungsvolle-offenlegung\/","name":"Verantwortungsvolle Offenlegung | TeamRetro","isPartOf":{"@id":"https:\/\/ww2.teamretro.com\/de\/#website"},"primaryImageOfPage":{"@id":"https:\/\/ww2.teamretro.com\/de\/verantwortungsvolle-offenlegung\/#primaryimage"},"image":{"@id":"https:\/\/ww2.teamretro.com\/de\/verantwortungsvolle-offenlegung\/#primaryimage"},"thumbnailUrl":"https:\/\/ww2.teamretro.com\/wp-content\/uploads\/2018\/06\/security-sso.png","datePublished":"2019-11-26T07:00:32+00:00","dateModified":"2025-12-01T03:29:08+00:00","description":"Sorgen Sie mit der verantwortungsvollen Offenlegung bei TeamRetro f\u00fcr Sicherheit und Transparenz. Erfahren Sie mehr \u00fcber unsere Richtlinien zur Meldung von Sicherheitsl\u00fccken und zur Gew\u00e4hrleistung des Datenschutzes.","breadcrumb":{"@id":"https:\/\/ww2.teamretro.com\/de\/verantwortungsvolle-offenlegung\/#breadcrumb"},"inLanguage":"de","potentialAction":[{"@type":"ReadAction","target":["https:\/\/ww2.teamretro.com\/de\/verantwortungsvolle-offenlegung\/"]}]},{"@type":"ImageObject","inLanguage":"de","@id":"https:\/\/ww2.teamretro.com\/de\/verantwortungsvolle-offenlegung\/#primaryimage","url":"https:\/\/ww2.teamretro.com\/wp-content\/uploads\/2018\/06\/security-sso.png","contentUrl":"https:\/\/ww2.teamretro.com\/wp-content\/uploads\/2018\/06\/security-sso.png","width":300,"height":340,"caption":"Single Sign On icon for security page"},{"@type":"BreadcrumbList","@id":"https:\/\/ww2.teamretro.com\/de\/verantwortungsvolle-offenlegung\/#breadcrumb","itemListElement":[{"@type":"ListItem","position":1,"name":"Home","item":"https:\/\/ww2.teamretro.com\/de\/"},{"@type":"ListItem","position":2,"name":"Verantwortungsvolle Offenlegung"}]},{"@type":"WebSite","@id":"https:\/\/ww2.teamretro.com\/de\/#website","url":"https:\/\/ww2.teamretro.com\/de\/","name":"TeamRetro","description":"Agile retrospective tool for distributed teams","publisher":{"@id":"https:\/\/ww2.teamretro.com\/de\/#organization"},"potentialAction":[{"@type":"SearchAction","target":{"@type":"EntryPoint","urlTemplate":"https:\/\/ww2.teamretro.com\/de\/?s={search_term_string}"},"query-input":{"@type":"PropertyValueSpecification","valueRequired":true,"valueName":"search_term_string"}}],"inLanguage":"de"},{"@type":"Organization","@id":"https:\/\/ww2.teamretro.com\/de\/#organization","name":"TeamRetro","url":"https:\/\/ww2.teamretro.com\/de\/","logo":{"@type":"ImageObject","inLanguage":"de","@id":"https:\/\/ww2.teamretro.com\/de\/#\/schema\/logo\/image\/","url":"https:\/\/ww2.teamretro.com\/wp-content\/uploads\/2018\/06\/footer-teamretro-logo.png","contentUrl":"https:\/\/ww2.teamretro.com\/wp-content\/uploads\/2018\/06\/footer-teamretro-logo.png","width":170,"height":200,"caption":"TeamRetro"},"image":{"@id":"https:\/\/ww2.teamretro.com\/de\/#\/schema\/logo\/image\/"},"sameAs":["https:\/\/www.facebook.com\/teamretrohq","https:\/\/x.com\/TeamRetroHQ","https:\/\/www.linkedin.com\/company\/teamretro","https:\/\/www.youtube.com\/channel\/UCXj_X9Riv6SEb6GtxNYpFbQ\/videos?view_as=subscriber"]}]}},"_links":{"self":[{"href":"https:\/\/ww2.teamretro.com\/de\/wp-json\/wp\/v2\/pages\/32982","targetHints":{"allow":["GET"]}}],"collection":[{"href":"https:\/\/ww2.teamretro.com\/de\/wp-json\/wp\/v2\/pages"}],"about":[{"href":"https:\/\/ww2.teamretro.com\/de\/wp-json\/wp\/v2\/types\/page"}],"author":[{"embeddable":true,"href":"https:\/\/ww2.teamretro.com\/de\/wp-json\/wp\/v2\/users\/10"}],"replies":[{"embeddable":true,"href":"https:\/\/ww2.teamretro.com\/de\/wp-json\/wp\/v2\/comments?post=32982"}],"version-history":[{"count":0,"href":"https:\/\/ww2.teamretro.com\/de\/wp-json\/wp\/v2\/pages\/32982\/revisions"}],"wp:featuredmedia":[{"embeddable":true,"href":"https:\/\/ww2.teamretro.com\/de\/wp-json\/wp\/v2\/media\/10647"}],"wp:attachment":[{"href":"https:\/\/ww2.teamretro.com\/de\/wp-json\/wp\/v2\/media?parent=32982"}],"curies":[{"name":"wp","href":"https:\/\/api.w.org\/{rel}","templated":true}]}}