{"id":24427,"date":"2023-05-24T15:18:06","date_gmt":"2023-05-24T07:18:06","guid":{"rendered":"https:\/\/ww2.teamretro.com\/?page_id=24427"},"modified":"2025-10-24T02:40:22","modified_gmt":"2025-10-23T18:40:22","slug":"request-soc-2-type-2-report","status":"publish","type":"page","link":"https:\/\/ww2.teamretro.com\/de\/request-soc-2-type-2-report\/","title":{"rendered":"Request SOC 2 Type 2 Report"},"content":{"rendered":"<p><div class=\"fusion-fullwidth fullwidth-box fusion-builder-row-1 fusion-flex-container fusion-parallax-fixed hundred-percent-fullwidth non-hundred-percent-height-scrolling lazyload hero-container\" style=\"--awb-border-radius-top-left:0px;--awb-border-radius-top-right:0px;--awb-border-radius-bottom-right:0px;--awb-border-radius-bottom-left:0px;--awb-padding-top:150px;--awb-padding-bottom:100px;--awb-margin-top:0px;--awb-margin-bottom:0px;--awb-background-color:#59bece;--awb-background-size:cover;--awb-flex-wrap:wrap;background-attachment:fixed;\" data-bg=\"\/wp-content\/uploads\/2018\/06\/TopBackgroundTint-1.svg\" ><div class=\"fusion-builder-row fusion-row fusion-flex-align-items-flex-start fusion-flex-content-wrap\" style=\"width:104% !important;max-width:104% !important;margin-left: calc(-4% \/ 2 );margin-right: calc(-4% \/ 2 );\"><div class=\"fusion-layout-column fusion_builder_column fusion-builder-column-0 fusion_builder_column_1_1 1_1 fusion-flex-column\" style=\"--awb-bg-size:cover;--awb-width-large:100%;--awb-margin-top-large:0px;--awb-spacing-right-large:1.92%;--awb-margin-bottom-large:20px;--awb-spacing-left-large:1.92%;--awb-width-medium:100%;--awb-spacing-right-medium:1.92%;--awb-spacing-left-medium:1.92%;--awb-width-small:100%;--awb-spacing-right-small:1.92%;--awb-spacing-left-small:1.92%;\"><div class=\"fusion-column-wrapper fusion-flex-justify-content-flex-start fusion-content-layout-column\"><div class=\"fusion-text fusion-text-1\"><h1 style=\"text-align: center;\">Fordern Sie einen SOC 2 Typ 2-Bericht an<\/h1>\n<h2 style=\"text-align: center;\">Bewahren Sie Ihre Daten sicher und gesch\u00fctzt auf.<\/h2>\n<\/div><\/div><\/div><\/div><\/div><div class=\"fusion-fullwidth fullwidth-box fusion-builder-row-2 fusion-flex-container nonhundred-percent-fullwidth non-hundred-percent-height-scrolling\" style=\"--awb-border-radius-top-left:0px;--awb-border-radius-top-right:0px;--awb-border-radius-bottom-right:0px;--awb-border-radius-bottom-left:0px;--awb-padding-top:100px;--awb-padding-bottom:100px;--awb-background-color:#e9ecef;--awb-flex-wrap:wrap;\" ><div class=\"fusion-builder-row fusion-row fusion-flex-align-items-flex-start fusion-flex-content-wrap\" style=\"max-width:1248px;margin-left: calc(-4% \/ 2 );margin-right: calc(-4% \/ 2 );\"><div class=\"fusion-layout-column fusion_builder_column fusion-builder-column-1 fusion_builder_column_3_4 3_4 fusion-flex-column\" style=\"--awb-bg-size:cover;--awb-width-large:75%;--awb-margin-top-large:0px;--awb-spacing-right-large:2.56%;--awb-margin-bottom-large:20px;--awb-spacing-left-large:2.56%;--awb-width-medium:100%;--awb-spacing-right-medium:1.92%;--awb-spacing-left-medium:1.92%;--awb-width-small:100%;--awb-spacing-right-small:1.92%;--awb-spacing-left-small:1.92%;\"><div class=\"fusion-column-wrapper fusion-flex-justify-content-flex-start fusion-content-layout-column\"><div class=\"fusion-text fusion-text-2\"><p>TeamRetro ist SOC2 Typ 2 f\u00fcr Sicherheit, Vertraulichkeit und Datenschutz akkreditiert. Um eine Kopie unseres unabh\u00e4ngigen Pr\u00fcfberichts anzufordern, f\u00fcllen Sie bitte das folgende Formular aus, das an unser Sicherheitsteam weitergeleitet wird. Bitte beachten Sie, dass Sie m\u00f6glicherweise eine Geheimhaltungsvereinbarung unterzeichnen m\u00fcssen.<\/p>\n<noscript class=\"ninja-forms-noscript-message\">\n\tHinweis: F\u00fcr diesen Inhalt ist JavaScript erforderlich.<\/noscript>\nDieses Formular wird gerade \u00fcberarbeitet. Bitte versuche es sp\u00e4ter nochmals.\n<\/div><\/div><\/div><div class=\"fusion-layout-column fusion_builder_column fusion-builder-column-2 fusion_builder_column_1_4 1_4 fusion-flex-column\" style=\"--awb-bg-size:cover;--awb-width-large:25%;--awb-margin-top-large:0px;--awb-spacing-right-large:7.68%;--awb-margin-bottom-large:20px;--awb-spacing-left-large:7.68%;--awb-width-medium:100%;--awb-spacing-right-medium:1.92%;--awb-spacing-left-medium:1.92%;--awb-width-small:100%;--awb-spacing-right-small:1.92%;--awb-spacing-left-small:1.92%;\"><div class=\"fusion-column-wrapper fusion-column-has-shadow fusion-flex-justify-content-flex-start fusion-content-layout-column\"><div class=\"fusion-image-element \" style=\"--awb-caption-title-font-family:var(--h2_typography-font-family);--awb-caption-title-font-weight:var(--h2_typography-font-weight);--awb-caption-title-font-style:var(--h2_typography-font-style);--awb-caption-title-size:var(--h2_typography-font-size);--awb-caption-title-transform:var(--h2_typography-text-transform);--awb-caption-title-line-height:var(--h2_typography-line-height);--awb-caption-title-letter-spacing:var(--h2_typography-letter-spacing);\"><span class=\" fusion-imageframe imageframe-none imageframe-1 hover-type-none\"><img decoding=\"async\" width=\"519\" height=\"100\" title=\"TeamRetro\" src=\"https:\/\/ww2.teamretro.com\/wp-content\/uploads\/2018\/06\/teamretro-logo-horizontal-retina.png\" data-orig-src=\"https:\/\/ww2.teamretro.com\/wp-content\/uploads\/2018\/06\/teamretro-logo-horizontal-retina.png\" alt class=\"lazyload img-responsive wp-image-10638\" srcset=\"data:image\/svg+xml,%3Csvg%20xmlns%3D%27http%3A%2F%2Fwww.w3.org%2F2000%2Fsvg%27%20width%3D%27519%27%20height%3D%27100%27%20viewBox%3D%270%200%20519%20100%27%3E%3Crect%20width%3D%27519%27%20height%3D%27100%27%20fill-opacity%3D%220%22%2F%3E%3C%2Fsvg%3E\" data-srcset=\"https:\/\/ww2.teamretro.com\/wp-content\/uploads\/2018\/06\/teamretro-logo-horizontal-retina-200x39.png 200w, https:\/\/ww2.teamretro.com\/wp-content\/uploads\/2018\/06\/teamretro-logo-horizontal-retina-400x77.png 400w, https:\/\/ww2.teamretro.com\/wp-content\/uploads\/2018\/06\/teamretro-logo-horizontal-retina.png 519w\" data-sizes=\"auto\" data-orig-sizes=\"(max-width: 1024px) 100vw, (max-width: 640px) 100vw, 400px\" \/><\/span><\/div><div class=\"fusion-text fusion-text-3\"><section>\n<h4>GroupMap Technology Pty Ltd<\/h4>\n<p>ABN 95 160 220 520<\/p>\n<\/section>\n<section>\n<h4>Address<\/h4>\n<p>Level 1\/931 Albany Hwy<br \/>\nEast Victoria Park WA 6100<br \/>\nAustralia<\/p>\n<\/section>\n<section>\n<h4>Email<\/h4>\n<p><a href=\"mailto:info@teamretro.com\">info@teamretro.com<\/a><\/p>\n<\/section>\n<section>\n<h4>Website<\/h4>\n<p><a href=\"https:\/\/ww2.teamretro.com\/\">env-teamretro-stagingfast.kinsta.cloud<\/a><\/p>\n<\/section>\n<\/div><\/div><\/div>\n<\/div><\/div><\/p>\n","protected":false},"excerpt":{"rendered":"","protected":false},"author":10,"featured_media":13965,"parent":0,"menu_order":0,"comment_status":"closed","ping_status":"closed","template":"100-width.php","meta":{"_acf_changed":false,"inline_featured_image":false,"footnotes":""},"class_list":["post-24427","page","type-page","status-publish","has-post-thumbnail","hentry"],"acf":[],"yoast_head":"<!-- This site is optimized with the Yoast SEO plugin v27.4 - https:\/\/yoast.com\/product\/yoast-seo-wordpress\/ -->\n<title>Request SOC 2 Type 2 Report | TeamRetro<\/title>\n<meta name=\"description\" content=\"Fordern Sie den SOC 2 Type 2 Bericht von TeamRetro an, um unsere Datensicherheits- und Datenschutzstandards zu \u00fcberpr\u00fcfen.\" \/>\n<meta name=\"robots\" content=\"index, follow, max-snippet:-1, max-image-preview:large, max-video-preview:-1\" \/>\n<link rel=\"canonical\" href=\"https:\/\/ww2.teamretro.com\/de\/request-soc-2-type-2-report\/\" \/>\n<meta property=\"og:locale\" content=\"de_DE\" \/>\n<meta property=\"og:type\" content=\"article\" \/>\n<meta property=\"og:title\" content=\"Request SOC 2 Type 2 Report | TeamRetro\" \/>\n<meta property=\"og:description\" content=\"Fordern Sie den SOC 2 Type 2 Bericht von TeamRetro an, um unsere Datensicherheits- und Datenschutzstandards zu \u00fcberpr\u00fcfen.\" \/>\n<meta property=\"og:url\" content=\"https:\/\/ww2.teamretro.com\/de\/request-soc-2-type-2-report\/\" \/>\n<meta property=\"og:site_name\" content=\"TeamRetro\" \/>\n<meta property=\"article:publisher\" content=\"https:\/\/www.facebook.com\/teamretrohq\" \/>\n<meta property=\"article:modified_time\" content=\"2025-10-23T18:40:22+00:00\" \/>\n<meta property=\"og:image\" content=\"https:\/\/ww2.teamretro.com\/wp-content\/uploads\/2022\/03\/security-blog.png\" \/>\n\t<meta property=\"og:image:width\" content=\"1880\" \/>\n\t<meta property=\"og:image:height\" content=\"1080\" \/>\n\t<meta property=\"og:image:type\" content=\"image\/png\" \/>\n<meta name=\"twitter:card\" content=\"summary_large_image\" \/>\n<meta name=\"twitter:site\" content=\"@TeamRetroHQ\" \/>\n<meta name=\"twitter:label1\" content=\"Gesch\u00e4tzte Lesezeit\" \/>\n\t<meta name=\"twitter:data1\" content=\"1\u00a0Minute\" \/>\n<script type=\"application\/ld+json\" class=\"yoast-schema-graph\">{\"@context\":\"https:\\\/\\\/schema.org\",\"@graph\":[{\"@type\":\"WebPage\",\"@id\":\"https:\\\/\\\/ww2.teamretro.com\\\/de\\\/request-soc-2-type-2-report\\\/\",\"url\":\"https:\\\/\\\/ww2.teamretro.com\\\/de\\\/request-soc-2-type-2-report\\\/\",\"name\":\"Request SOC 2 Type 2 Report | TeamRetro\",\"isPartOf\":{\"@id\":\"https:\\\/\\\/ww2.teamretro.com\\\/de\\\/#website\"},\"primaryImageOfPage\":{\"@id\":\"https:\\\/\\\/ww2.teamretro.com\\\/de\\\/request-soc-2-type-2-report\\\/#primaryimage\"},\"image\":{\"@id\":\"https:\\\/\\\/ww2.teamretro.com\\\/de\\\/request-soc-2-type-2-report\\\/#primaryimage\"},\"thumbnailUrl\":\"https:\\\/\\\/ww2.teamretro.com\\\/wp-content\\\/uploads\\\/2022\\\/03\\\/security-blog.png\",\"datePublished\":\"2023-05-24T07:18:06+00:00\",\"dateModified\":\"2025-10-23T18:40:22+00:00\",\"description\":\"Fordern Sie den SOC 2 Type 2 Bericht von TeamRetro an, um unsere Datensicherheits- und Datenschutzstandards zu \u00fcberpr\u00fcfen.\",\"breadcrumb\":{\"@id\":\"https:\\\/\\\/ww2.teamretro.com\\\/de\\\/request-soc-2-type-2-report\\\/#breadcrumb\"},\"inLanguage\":\"de\",\"potentialAction\":[{\"@type\":\"ReadAction\",\"target\":[\"https:\\\/\\\/ww2.teamretro.com\\\/de\\\/request-soc-2-type-2-report\\\/\"]}]},{\"@type\":\"ImageObject\",\"inLanguage\":\"de\",\"@id\":\"https:\\\/\\\/ww2.teamretro.com\\\/de\\\/request-soc-2-type-2-report\\\/#primaryimage\",\"url\":\"https:\\\/\\\/ww2.teamretro.com\\\/wp-content\\\/uploads\\\/2022\\\/03\\\/security-blog.png\",\"contentUrl\":\"https:\\\/\\\/ww2.teamretro.com\\\/wp-content\\\/uploads\\\/2022\\\/03\\\/security-blog.png\",\"width\":1880,\"height\":1080},{\"@type\":\"BreadcrumbList\",\"@id\":\"https:\\\/\\\/ww2.teamretro.com\\\/de\\\/request-soc-2-type-2-report\\\/#breadcrumb\",\"itemListElement\":[{\"@type\":\"ListItem\",\"position\":1,\"name\":\"Home\",\"item\":\"https:\\\/\\\/ww2.teamretro.com\\\/de\\\/\"},{\"@type\":\"ListItem\",\"position\":2,\"name\":\"Request SOC 2 Type 2 Report\"}]},{\"@type\":\"WebSite\",\"@id\":\"https:\\\/\\\/ww2.teamretro.com\\\/de\\\/#website\",\"url\":\"https:\\\/\\\/ww2.teamretro.com\\\/de\\\/\",\"name\":\"TeamRetro\",\"description\":\"Agile retrospective, health check and estimation tool for distributed teams\",\"publisher\":{\"@id\":\"https:\\\/\\\/ww2.teamretro.com\\\/de\\\/#organization\"},\"potentialAction\":[{\"@type\":\"SearchAction\",\"target\":{\"@type\":\"EntryPoint\",\"urlTemplate\":\"https:\\\/\\\/ww2.teamretro.com\\\/de\\\/?s={search_term_string}\"},\"query-input\":{\"@type\":\"PropertyValueSpecification\",\"valueRequired\":true,\"valueName\":\"search_term_string\"}}],\"inLanguage\":\"de\"},{\"@type\":\"Organization\",\"@id\":\"https:\\\/\\\/ww2.teamretro.com\\\/de\\\/#organization\",\"name\":\"TeamRetro\",\"url\":\"https:\\\/\\\/ww2.teamretro.com\\\/de\\\/\",\"logo\":{\"@type\":\"ImageObject\",\"inLanguage\":\"de\",\"@id\":\"https:\\\/\\\/ww2.teamretro.com\\\/de\\\/#\\\/schema\\\/logo\\\/image\\\/\",\"url\":\"https:\\\/\\\/ww2.teamretro.com\\\/wp-content\\\/uploads\\\/2018\\\/06\\\/footer-teamretro-logo.png\",\"contentUrl\":\"https:\\\/\\\/ww2.teamretro.com\\\/wp-content\\\/uploads\\\/2018\\\/06\\\/footer-teamretro-logo.png\",\"width\":170,\"height\":200,\"caption\":\"TeamRetro\"},\"image\":{\"@id\":\"https:\\\/\\\/ww2.teamretro.com\\\/de\\\/#\\\/schema\\\/logo\\\/image\\\/\"},\"sameAs\":[\"https:\\\/\\\/www.facebook.com\\\/teamretrohq\",\"https:\\\/\\\/x.com\\\/TeamRetroHQ\",\"https:\\\/\\\/www.linkedin.com\\\/company\\\/teamretro\",\"https:\\\/\\\/www.youtube.com\\\/channel\\\/UCXj_X9Riv6SEb6GtxNYpFbQ\\\/videos?view_as=subscriber\"]}]}<\/script>\n<!-- \/ Yoast SEO plugin. -->","yoast_head_json":{"title":"Request SOC 2 Type 2 Report | TeamRetro","description":"Fordern Sie den SOC 2 Type 2 Bericht von TeamRetro an, um unsere Datensicherheits- und Datenschutzstandards zu \u00fcberpr\u00fcfen.","robots":{"index":"index","follow":"follow","max-snippet":"max-snippet:-1","max-image-preview":"max-image-preview:large","max-video-preview":"max-video-preview:-1"},"canonical":"https:\/\/ww2.teamretro.com\/de\/request-soc-2-type-2-report\/","og_locale":"de_DE","og_type":"article","og_title":"Request SOC 2 Type 2 Report | TeamRetro","og_description":"Fordern Sie den SOC 2 Type 2 Bericht von TeamRetro an, um unsere Datensicherheits- und Datenschutzstandards zu \u00fcberpr\u00fcfen.","og_url":"https:\/\/ww2.teamretro.com\/de\/request-soc-2-type-2-report\/","og_site_name":"TeamRetro","article_publisher":"https:\/\/www.facebook.com\/teamretrohq","article_modified_time":"2025-10-23T18:40:22+00:00","og_image":[{"width":1880,"height":1080,"url":"https:\/\/ww2.teamretro.com\/wp-content\/uploads\/2022\/03\/security-blog.png","type":"image\/png"}],"twitter_card":"summary_large_image","twitter_site":"@TeamRetroHQ","twitter_misc":{"Gesch\u00e4tzte Lesezeit":"1\u00a0Minute"},"schema":{"@context":"https:\/\/schema.org","@graph":[{"@type":"WebPage","@id":"https:\/\/ww2.teamretro.com\/de\/request-soc-2-type-2-report\/","url":"https:\/\/ww2.teamretro.com\/de\/request-soc-2-type-2-report\/","name":"Request SOC 2 Type 2 Report | TeamRetro","isPartOf":{"@id":"https:\/\/ww2.teamretro.com\/de\/#website"},"primaryImageOfPage":{"@id":"https:\/\/ww2.teamretro.com\/de\/request-soc-2-type-2-report\/#primaryimage"},"image":{"@id":"https:\/\/ww2.teamretro.com\/de\/request-soc-2-type-2-report\/#primaryimage"},"thumbnailUrl":"https:\/\/ww2.teamretro.com\/wp-content\/uploads\/2022\/03\/security-blog.png","datePublished":"2023-05-24T07:18:06+00:00","dateModified":"2025-10-23T18:40:22+00:00","description":"Fordern Sie den SOC 2 Type 2 Bericht von TeamRetro an, um unsere Datensicherheits- und Datenschutzstandards zu \u00fcberpr\u00fcfen.","breadcrumb":{"@id":"https:\/\/ww2.teamretro.com\/de\/request-soc-2-type-2-report\/#breadcrumb"},"inLanguage":"de","potentialAction":[{"@type":"ReadAction","target":["https:\/\/ww2.teamretro.com\/de\/request-soc-2-type-2-report\/"]}]},{"@type":"ImageObject","inLanguage":"de","@id":"https:\/\/ww2.teamretro.com\/de\/request-soc-2-type-2-report\/#primaryimage","url":"https:\/\/ww2.teamretro.com\/wp-content\/uploads\/2022\/03\/security-blog.png","contentUrl":"https:\/\/ww2.teamretro.com\/wp-content\/uploads\/2022\/03\/security-blog.png","width":1880,"height":1080},{"@type":"BreadcrumbList","@id":"https:\/\/ww2.teamretro.com\/de\/request-soc-2-type-2-report\/#breadcrumb","itemListElement":[{"@type":"ListItem","position":1,"name":"Home","item":"https:\/\/ww2.teamretro.com\/de\/"},{"@type":"ListItem","position":2,"name":"Request SOC 2 Type 2 Report"}]},{"@type":"WebSite","@id":"https:\/\/ww2.teamretro.com\/de\/#website","url":"https:\/\/ww2.teamretro.com\/de\/","name":"TeamRetro","description":"Agile retrospective, health check and estimation tool for distributed teams","publisher":{"@id":"https:\/\/ww2.teamretro.com\/de\/#organization"},"potentialAction":[{"@type":"SearchAction","target":{"@type":"EntryPoint","urlTemplate":"https:\/\/ww2.teamretro.com\/de\/?s={search_term_string}"},"query-input":{"@type":"PropertyValueSpecification","valueRequired":true,"valueName":"search_term_string"}}],"inLanguage":"de"},{"@type":"Organization","@id":"https:\/\/ww2.teamretro.com\/de\/#organization","name":"TeamRetro","url":"https:\/\/ww2.teamretro.com\/de\/","logo":{"@type":"ImageObject","inLanguage":"de","@id":"https:\/\/ww2.teamretro.com\/de\/#\/schema\/logo\/image\/","url":"https:\/\/ww2.teamretro.com\/wp-content\/uploads\/2018\/06\/footer-teamretro-logo.png","contentUrl":"https:\/\/ww2.teamretro.com\/wp-content\/uploads\/2018\/06\/footer-teamretro-logo.png","width":170,"height":200,"caption":"TeamRetro"},"image":{"@id":"https:\/\/ww2.teamretro.com\/de\/#\/schema\/logo\/image\/"},"sameAs":["https:\/\/www.facebook.com\/teamretrohq","https:\/\/x.com\/TeamRetroHQ","https:\/\/www.linkedin.com\/company\/teamretro","https:\/\/www.youtube.com\/channel\/UCXj_X9Riv6SEb6GtxNYpFbQ\/videos?view_as=subscriber"]}]}},"_links":{"self":[{"href":"https:\/\/ww2.teamretro.com\/de\/wp-json\/wp\/v2\/pages\/24427","targetHints":{"allow":["GET"]}}],"collection":[{"href":"https:\/\/ww2.teamretro.com\/de\/wp-json\/wp\/v2\/pages"}],"about":[{"href":"https:\/\/ww2.teamretro.com\/de\/wp-json\/wp\/v2\/types\/page"}],"author":[{"embeddable":true,"href":"https:\/\/ww2.teamretro.com\/de\/wp-json\/wp\/v2\/users\/10"}],"replies":[{"embeddable":true,"href":"https:\/\/ww2.teamretro.com\/de\/wp-json\/wp\/v2\/comments?post=24427"}],"version-history":[{"count":0,"href":"https:\/\/ww2.teamretro.com\/de\/wp-json\/wp\/v2\/pages\/24427\/revisions"}],"wp:featuredmedia":[{"embeddable":true,"href":"https:\/\/ww2.teamretro.com\/de\/wp-json\/wp\/v2\/media\/13965"}],"wp:attachment":[{"href":"https:\/\/ww2.teamretro.com\/de\/wp-json\/wp\/v2\/media?parent=24427"}],"curies":[{"name":"wp","href":"https:\/\/api.w.org\/{rel}","templated":true}]}}