{"id":14172,"date":"2018-05-29T12:52:31","date_gmt":"2018-05-29T04:52:31","guid":{"rendered":"https:\/\/ww2.teamretro.com\/kontakt"},"modified":"2025-09-23T09:30:46","modified_gmt":"2025-09-23T01:30:46","slug":"kontakt","status":"publish","type":"page","link":"https:\/\/ww2.teamretro.com\/de\/kontakt\/","title":{"rendered":"Kontaktieren Sie uns"},"content":{"rendered":"<p><div class=\"fusion-fullwidth fullwidth-box fusion-builder-row-1 fusion-flex-container fusion-parallax-fixed hundred-percent-fullwidth non-hundred-percent-height-scrolling lazyload hero-container\" style=\"--awb-border-radius-top-left:0px;--awb-border-radius-top-right:0px;--awb-border-radius-bottom-right:0px;--awb-border-radius-bottom-left:0px;--awb-padding-top:150px;--awb-padding-bottom:100px;--awb-margin-top:0px;--awb-margin-bottom:0px;--awb-background-color:#59bece;--awb-background-size:cover;--awb-flex-wrap:wrap;background-attachment:fixed;\" data-bg=\"\/wp-content\/uploads\/2018\/06\/TopBackgroundTint-1.svg\" ><div class=\"fusion-builder-row fusion-row fusion-flex-align-items-flex-start fusion-flex-content-wrap\" style=\"width:104% !important;max-width:104% !important;margin-left: calc(-4% \/ 2 );margin-right: calc(-4% \/ 2 );\"><div class=\"fusion-layout-column fusion_builder_column fusion-builder-column-0 fusion_builder_column_1_1 1_1 fusion-flex-column\" style=\"--awb-bg-size:cover;--awb-width-large:100%;--awb-margin-top-large:0px;--awb-spacing-right-large:1.92%;--awb-margin-bottom-large:20px;--awb-spacing-left-large:1.92%;--awb-width-medium:100%;--awb-spacing-right-medium:1.92%;--awb-spacing-left-medium:1.92%;--awb-width-small:100%;--awb-spacing-right-small:1.92%;--awb-spacing-left-small:1.92%;\"><div class=\"fusion-column-wrapper fusion-flex-justify-content-flex-start fusion-content-layout-column\"><div class=\"fusion-text fusion-text-1\"><h1 style=\"text-align: center;\">Kontakt<\/h1>\n<h2 style=\"text-align: center;\">Wir w\u00fcrden uns freuen, von Ihnen zu h\u00f6ren!<\/h2>\n<\/div><\/div><\/div><\/div><\/div><div class=\"fusion-fullwidth fullwidth-box fusion-builder-row-2 fusion-flex-container nonhundred-percent-fullwidth non-hundred-percent-height-scrolling\" style=\"--awb-border-radius-top-left:0px;--awb-border-radius-top-right:0px;--awb-border-radius-bottom-right:0px;--awb-border-radius-bottom-left:0px;--awb-padding-top:100px;--awb-padding-bottom:100px;--awb-background-color:#e9ecef;--awb-flex-wrap:wrap;\" ><div class=\"fusion-builder-row fusion-row fusion-flex-align-items-flex-start fusion-flex-content-wrap\" style=\"max-width:1248px;margin-left: calc(-4% \/ 2 );margin-right: calc(-4% \/ 2 );\"><div class=\"fusion-layout-column fusion_builder_column fusion-builder-column-1 fusion_builder_column_3_4 3_4 fusion-flex-column\" style=\"--awb-bg-size:cover;--awb-width-large:75%;--awb-margin-top-large:0px;--awb-spacing-right-large:2.56%;--awb-margin-bottom-large:20px;--awb-spacing-left-large:2.56%;--awb-width-medium:100%;--awb-spacing-right-medium:1.92%;--awb-spacing-left-medium:1.92%;--awb-width-small:100%;--awb-spacing-right-small:1.92%;--awb-spacing-left-small:1.92%;\"><div class=\"fusion-column-wrapper fusion-flex-justify-content-flex-start fusion-content-layout-column\"><div class=\"fusion-text fusion-text-2\"><p>Egal, ob Sie eine Frage dazu haben, wie TeamRetro f\u00fcr Sie arbeiten kann, ob Sie mehr \u00fcber unsere Pl\u00e4ne erfahren m\u00f6chten oder einfach nur Unterst\u00fctzung ben\u00f6tigen &#8211; bitte schreiben Sie uns eine Nachricht. Wir arbeiten st\u00e4ndig an der Verbesserung von TeamRetro, also z\u00f6gern Sie bitte nicht, uns Ihr Feedback mitzuteilen. Sie k\u00f6nnen auch <a href=\"https:\/\/calendly.com\/groupmap\/teamretro-demo\"><br \/>\n<strong>eine Demo vereinbaren<\/strong><br \/>\n<\/a> wenn Sie eine gef\u00fchrte Tour w\u00fcnschen :)<\/p>\n<noscript class=\"ninja-forms-noscript-message\">\n\tHinweis: F\u00fcr diesen Inhalt ist JavaScript erforderlich.<\/noscript>\nDieses Formular wird gerade \u00fcberarbeitet. Bitte versuche es sp\u00e4ter nochmals.\n<\/div><\/div><\/div><div class=\"fusion-layout-column fusion_builder_column fusion-builder-column-2 fusion_builder_column_1_4 1_4 fusion-flex-column\" style=\"--awb-bg-size:cover;--awb-width-large:25%;--awb-margin-top-large:0px;--awb-spacing-right-large:7.68%;--awb-margin-bottom-large:20px;--awb-spacing-left-large:7.68%;--awb-width-medium:100%;--awb-spacing-right-medium:1.92%;--awb-spacing-left-medium:1.92%;--awb-width-small:100%;--awb-spacing-right-small:1.92%;--awb-spacing-left-small:1.92%;\"><div class=\"fusion-column-wrapper fusion-column-has-shadow fusion-flex-justify-content-flex-start fusion-content-layout-column\"><div class=\"fusion-image-element \" style=\"--awb-caption-title-font-family:var(--h2_typography-font-family);--awb-caption-title-font-weight:var(--h2_typography-font-weight);--awb-caption-title-font-style:var(--h2_typography-font-style);--awb-caption-title-size:var(--h2_typography-font-size);--awb-caption-title-transform:var(--h2_typography-text-transform);--awb-caption-title-line-height:var(--h2_typography-line-height);--awb-caption-title-letter-spacing:var(--h2_typography-letter-spacing);\"><span class=\" fusion-imageframe imageframe-none imageframe-1 hover-type-none\"><img decoding=\"async\" width=\"519\" height=\"100\" title=\"TeamRetro\" src=\"https:\/\/ww2.teamretro.com\/wp-content\/uploads\/2018\/06\/teamretro-logo-horizontal-retina.png\" data-orig-src=\"https:\/\/ww2.teamretro.com\/wp-content\/uploads\/2018\/06\/teamretro-logo-horizontal-retina.png\" alt class=\"lazyload img-responsive wp-image-10638\" srcset=\"data:image\/svg+xml,%3Csvg%20xmlns%3D%27http%3A%2F%2Fwww.w3.org%2F2000%2Fsvg%27%20width%3D%27519%27%20height%3D%27100%27%20viewBox%3D%270%200%20519%20100%27%3E%3Crect%20width%3D%27519%27%20height%3D%27100%27%20fill-opacity%3D%220%22%2F%3E%3C%2Fsvg%3E\" data-srcset=\"https:\/\/ww2.teamretro.com\/wp-content\/uploads\/2018\/06\/teamretro-logo-horizontal-retina-200x39.png 200w, https:\/\/ww2.teamretro.com\/wp-content\/uploads\/2018\/06\/teamretro-logo-horizontal-retina-400x77.png 400w, https:\/\/ww2.teamretro.com\/wp-content\/uploads\/2018\/06\/teamretro-logo-horizontal-retina.png 519w\" data-sizes=\"auto\" data-orig-sizes=\"(max-width: 1024px) 100vw, (max-width: 640px) 100vw, 400px\" \/><\/span><\/div><div class=\"fusion-text fusion-text-3\"><section>\n<h4>GroupMap Technology Pty Ltd<\/h4>\n<p>ABN 95 160 220 520<\/p>\n<\/section>\n<section>\n<h4>Address<\/h4>\n<p>Level 1\/931 Albany Hwy<br \/>\nEast Victoria Park WA 6100<br \/>\nAustralia<\/p>\n<\/section>\n<section>\n<h4>Email<\/h4>\n<p><a href=\"mailto:info@teamretro.com\">info@teamretro.com<\/a><\/p>\n<\/section>\n<section>\n<h4>Website<\/h4>\n<p><a href=\"https:\/\/ww2.teamretro.com\/\">www.teamretro.com<\/a><\/p>\n<\/section>\n<\/div><\/div><\/div>\n<\/div><\/div><\/p>\n","protected":false},"excerpt":{"rendered":"","protected":false},"author":1,"featured_media":47242,"parent":0,"menu_order":0,"comment_status":"closed","ping_status":"closed","template":"100-width.php","meta":{"_acf_changed":false,"inline_featured_image":false,"footnotes":""},"class_list":["post-14172","page","type-page","status-publish","has-post-thumbnail","hentry"],"acf":[],"yoast_head":"<!-- This site is optimized with the Yoast SEO plugin v27.1.1 - https:\/\/yoast.com\/product\/yoast-seo-wordpress\/ -->\n<title>Kontaktieren Sie uns - TeamRetro<\/title>\n<meta name=\"description\" content=\"Kontaktieren Sie uns - Wenden Sie sich an TeamRetro, wenn Sie Fragen zu unserem agilen Retrospektiv-Tool haben.\" \/>\n<meta name=\"robots\" content=\"index, follow, max-snippet:-1, max-image-preview:large, max-video-preview:-1\" \/>\n<link rel=\"canonical\" href=\"https:\/\/ww2.teamretro.com\/de\/kontakt\/\" \/>\n<meta property=\"og:locale\" content=\"de_DE\" \/>\n<meta property=\"og:type\" content=\"article\" \/>\n<meta property=\"og:title\" content=\"Kontaktieren Sie uns - TeamRetro\" \/>\n<meta property=\"og:description\" content=\"Kontaktieren Sie uns - Wenden Sie sich an TeamRetro, wenn Sie Fragen zu unserem agilen Retrospektiv-Tool haben.\" \/>\n<meta property=\"og:url\" content=\"https:\/\/ww2.teamretro.com\/de\/kontakt\/\" \/>\n<meta property=\"og:site_name\" content=\"TeamRetro\" \/>\n<meta property=\"article:publisher\" content=\"https:\/\/www.facebook.com\/teamretrohq\" \/>\n<meta property=\"article:modified_time\" content=\"2025-09-23T01:30:46+00:00\" \/>\n<meta property=\"og:image\" content=\"https:\/\/ww2.teamretro.com\/wp-content\/uploads\/2025\/10\/teamretro-logo-directory-transparent-412x484-1.png\" \/>\n\t<meta property=\"og:image:width\" content=\"412\" \/>\n\t<meta property=\"og:image:height\" content=\"484\" \/>\n\t<meta property=\"og:image:type\" content=\"image\/png\" \/>\n<meta name=\"twitter:card\" content=\"summary_large_image\" \/>\n<meta name=\"twitter:site\" content=\"@TeamRetroHQ\" \/>\n<meta name=\"twitter:label1\" content=\"Gesch\u00e4tzte Lesezeit\" \/>\n\t<meta name=\"twitter:data1\" content=\"1\u00a0Minute\" \/>\n<script type=\"application\/ld+json\" class=\"yoast-schema-graph\">{\"@context\":\"https:\/\/schema.org\",\"@graph\":[{\"@type\":\"WebPage\",\"@id\":\"https:\/\/ww2.teamretro.com\/de\/kontakt\/\",\"url\":\"https:\/\/ww2.teamretro.com\/de\/kontakt\/\",\"name\":\"Kontaktieren Sie uns - TeamRetro\",\"isPartOf\":{\"@id\":\"https:\/\/ww2.teamretro.com\/de\/#website\"},\"primaryImageOfPage\":{\"@id\":\"https:\/\/ww2.teamretro.com\/de\/kontakt\/#primaryimage\"},\"image\":{\"@id\":\"https:\/\/ww2.teamretro.com\/de\/kontakt\/#primaryimage\"},\"thumbnailUrl\":\"https:\/\/ww2.teamretro.com\/wp-content\/uploads\/2025\/10\/teamretro-logo-directory-transparent-412x484-1.png\",\"datePublished\":\"2018-05-29T04:52:31+00:00\",\"dateModified\":\"2025-09-23T01:30:46+00:00\",\"description\":\"Kontaktieren Sie uns - Wenden Sie sich an TeamRetro, wenn Sie Fragen zu unserem agilen Retrospektiv-Tool haben.\",\"breadcrumb\":{\"@id\":\"https:\/\/ww2.teamretro.com\/de\/kontakt\/#breadcrumb\"},\"inLanguage\":\"de\",\"potentialAction\":[{\"@type\":\"ReadAction\",\"target\":[\"https:\/\/ww2.teamretro.com\/de\/kontakt\/\"]}]},{\"@type\":\"ImageObject\",\"inLanguage\":\"de\",\"@id\":\"https:\/\/ww2.teamretro.com\/de\/kontakt\/#primaryimage\",\"url\":\"https:\/\/ww2.teamretro.com\/wp-content\/uploads\/2025\/10\/teamretro-logo-directory-transparent-412x484-1.png\",\"contentUrl\":\"https:\/\/ww2.teamretro.com\/wp-content\/uploads\/2025\/10\/teamretro-logo-directory-transparent-412x484-1.png\",\"width\":412,\"height\":484},{\"@type\":\"BreadcrumbList\",\"@id\":\"https:\/\/ww2.teamretro.com\/de\/kontakt\/#breadcrumb\",\"itemListElement\":[{\"@type\":\"ListItem\",\"position\":1,\"name\":\"Home\",\"item\":\"https:\/\/ww2.teamretro.com\/de\/\"},{\"@type\":\"ListItem\",\"position\":2,\"name\":\"Kontaktieren Sie uns\"}]},{\"@type\":\"WebSite\",\"@id\":\"https:\/\/ww2.teamretro.com\/de\/#website\",\"url\":\"https:\/\/ww2.teamretro.com\/de\/\",\"name\":\"TeamRetro\",\"description\":\"Agile retrospective tool for distributed teams\",\"publisher\":{\"@id\":\"https:\/\/ww2.teamretro.com\/de\/#organization\"},\"potentialAction\":[{\"@type\":\"SearchAction\",\"target\":{\"@type\":\"EntryPoint\",\"urlTemplate\":\"https:\/\/ww2.teamretro.com\/de\/?s={search_term_string}\"},\"query-input\":{\"@type\":\"PropertyValueSpecification\",\"valueRequired\":true,\"valueName\":\"search_term_string\"}}],\"inLanguage\":\"de\"},{\"@type\":\"Organization\",\"@id\":\"https:\/\/ww2.teamretro.com\/de\/#organization\",\"name\":\"TeamRetro\",\"url\":\"https:\/\/ww2.teamretro.com\/de\/\",\"logo\":{\"@type\":\"ImageObject\",\"inLanguage\":\"de\",\"@id\":\"https:\/\/ww2.teamretro.com\/de\/#\/schema\/logo\/image\/\",\"url\":\"https:\/\/ww2.teamretro.com\/wp-content\/uploads\/2018\/06\/footer-teamretro-logo.png\",\"contentUrl\":\"https:\/\/ww2.teamretro.com\/wp-content\/uploads\/2018\/06\/footer-teamretro-logo.png\",\"width\":170,\"height\":200,\"caption\":\"TeamRetro\"},\"image\":{\"@id\":\"https:\/\/ww2.teamretro.com\/de\/#\/schema\/logo\/image\/\"},\"sameAs\":[\"https:\/\/www.facebook.com\/teamretrohq\",\"https:\/\/x.com\/TeamRetroHQ\",\"https:\/\/www.linkedin.com\/company\/teamretro\",\"https:\/\/www.youtube.com\/channel\/UCXj_X9Riv6SEb6GtxNYpFbQ\/videos?view_as=subscriber\"]}]}<\/script>\n<!-- \/ Yoast SEO plugin. -->","yoast_head_json":{"title":"Kontaktieren Sie uns - TeamRetro","description":"Kontaktieren Sie uns - Wenden Sie sich an TeamRetro, wenn Sie Fragen zu unserem agilen Retrospektiv-Tool haben.","robots":{"index":"index","follow":"follow","max-snippet":"max-snippet:-1","max-image-preview":"max-image-preview:large","max-video-preview":"max-video-preview:-1"},"canonical":"https:\/\/ww2.teamretro.com\/de\/kontakt\/","og_locale":"de_DE","og_type":"article","og_title":"Kontaktieren Sie uns - TeamRetro","og_description":"Kontaktieren Sie uns - Wenden Sie sich an TeamRetro, wenn Sie Fragen zu unserem agilen Retrospektiv-Tool haben.","og_url":"https:\/\/ww2.teamretro.com\/de\/kontakt\/","og_site_name":"TeamRetro","article_publisher":"https:\/\/www.facebook.com\/teamretrohq","article_modified_time":"2025-09-23T01:30:46+00:00","og_image":[{"width":412,"height":484,"url":"https:\/\/ww2.teamretro.com\/wp-content\/uploads\/2025\/10\/teamretro-logo-directory-transparent-412x484-1.png","type":"image\/png"}],"twitter_card":"summary_large_image","twitter_site":"@TeamRetroHQ","twitter_misc":{"Gesch\u00e4tzte Lesezeit":"1\u00a0Minute"},"schema":{"@context":"https:\/\/schema.org","@graph":[{"@type":"WebPage","@id":"https:\/\/ww2.teamretro.com\/de\/kontakt\/","url":"https:\/\/ww2.teamretro.com\/de\/kontakt\/","name":"Kontaktieren Sie uns - TeamRetro","isPartOf":{"@id":"https:\/\/ww2.teamretro.com\/de\/#website"},"primaryImageOfPage":{"@id":"https:\/\/ww2.teamretro.com\/de\/kontakt\/#primaryimage"},"image":{"@id":"https:\/\/ww2.teamretro.com\/de\/kontakt\/#primaryimage"},"thumbnailUrl":"https:\/\/ww2.teamretro.com\/wp-content\/uploads\/2025\/10\/teamretro-logo-directory-transparent-412x484-1.png","datePublished":"2018-05-29T04:52:31+00:00","dateModified":"2025-09-23T01:30:46+00:00","description":"Kontaktieren Sie uns - Wenden Sie sich an TeamRetro, wenn Sie Fragen zu unserem agilen Retrospektiv-Tool haben.","breadcrumb":{"@id":"https:\/\/ww2.teamretro.com\/de\/kontakt\/#breadcrumb"},"inLanguage":"de","potentialAction":[{"@type":"ReadAction","target":["https:\/\/ww2.teamretro.com\/de\/kontakt\/"]}]},{"@type":"ImageObject","inLanguage":"de","@id":"https:\/\/ww2.teamretro.com\/de\/kontakt\/#primaryimage","url":"https:\/\/ww2.teamretro.com\/wp-content\/uploads\/2025\/10\/teamretro-logo-directory-transparent-412x484-1.png","contentUrl":"https:\/\/ww2.teamretro.com\/wp-content\/uploads\/2025\/10\/teamretro-logo-directory-transparent-412x484-1.png","width":412,"height":484},{"@type":"BreadcrumbList","@id":"https:\/\/ww2.teamretro.com\/de\/kontakt\/#breadcrumb","itemListElement":[{"@type":"ListItem","position":1,"name":"Home","item":"https:\/\/ww2.teamretro.com\/de\/"},{"@type":"ListItem","position":2,"name":"Kontaktieren Sie uns"}]},{"@type":"WebSite","@id":"https:\/\/ww2.teamretro.com\/de\/#website","url":"https:\/\/ww2.teamretro.com\/de\/","name":"TeamRetro","description":"Agile retrospective tool for distributed teams","publisher":{"@id":"https:\/\/ww2.teamretro.com\/de\/#organization"},"potentialAction":[{"@type":"SearchAction","target":{"@type":"EntryPoint","urlTemplate":"https:\/\/ww2.teamretro.com\/de\/?s={search_term_string}"},"query-input":{"@type":"PropertyValueSpecification","valueRequired":true,"valueName":"search_term_string"}}],"inLanguage":"de"},{"@type":"Organization","@id":"https:\/\/ww2.teamretro.com\/de\/#organization","name":"TeamRetro","url":"https:\/\/ww2.teamretro.com\/de\/","logo":{"@type":"ImageObject","inLanguage":"de","@id":"https:\/\/ww2.teamretro.com\/de\/#\/schema\/logo\/image\/","url":"https:\/\/ww2.teamretro.com\/wp-content\/uploads\/2018\/06\/footer-teamretro-logo.png","contentUrl":"https:\/\/ww2.teamretro.com\/wp-content\/uploads\/2018\/06\/footer-teamretro-logo.png","width":170,"height":200,"caption":"TeamRetro"},"image":{"@id":"https:\/\/ww2.teamretro.com\/de\/#\/schema\/logo\/image\/"},"sameAs":["https:\/\/www.facebook.com\/teamretrohq","https:\/\/x.com\/TeamRetroHQ","https:\/\/www.linkedin.com\/company\/teamretro","https:\/\/www.youtube.com\/channel\/UCXj_X9Riv6SEb6GtxNYpFbQ\/videos?view_as=subscriber"]}]}},"_links":{"self":[{"href":"https:\/\/ww2.teamretro.com\/de\/wp-json\/wp\/v2\/pages\/14172","targetHints":{"allow":["GET"]}}],"collection":[{"href":"https:\/\/ww2.teamretro.com\/de\/wp-json\/wp\/v2\/pages"}],"about":[{"href":"https:\/\/ww2.teamretro.com\/de\/wp-json\/wp\/v2\/types\/page"}],"author":[{"embeddable":true,"href":"https:\/\/ww2.teamretro.com\/de\/wp-json\/wp\/v2\/users\/1"}],"replies":[{"embeddable":true,"href":"https:\/\/ww2.teamretro.com\/de\/wp-json\/wp\/v2\/comments?post=14172"}],"version-history":[{"count":0,"href":"https:\/\/ww2.teamretro.com\/de\/wp-json\/wp\/v2\/pages\/14172\/revisions"}],"wp:featuredmedia":[{"embeddable":true,"href":"https:\/\/ww2.teamretro.com\/de\/wp-json\/wp\/v2\/media\/47242"}],"wp:attachment":[{"href":"https:\/\/ww2.teamretro.com\/de\/wp-json\/wp\/v2\/media?parent=14172"}],"curies":[{"name":"wp","href":"https:\/\/api.w.org\/{rel}","templated":true}]}}