{"id":14143,"date":"2018-07-12T08:41:13","date_gmt":"2018-07-12T00:41:13","guid":{"rendered":"https:\/\/ww2.teamretro.com\/rueckwirkende-oberste-direktive"},"modified":"2025-10-27T22:43:40","modified_gmt":"2025-10-27T14:43:40","slug":"retrospektive-hauptdirektive","status":"publish","type":"page","link":"https:\/\/ww2.teamretro.com\/de\/retrospektive-hauptdirektive\/","title":{"rendered":"Retrospektive Prime Direktive"},"content":{"rendered":"<p><div class=\"fusion-fullwidth fullwidth-box fusion-builder-row-1 fusion-flex-container nonhundred-percent-fullwidth non-hundred-percent-height-scrolling\" style=\"--awb-border-radius-top-left:0px;--awb-border-radius-top-right:0px;--awb-border-radius-bottom-right:0px;--awb-border-radius-bottom-left:0px;--awb-padding-top:150px;--awb-padding-bottom:100px;--awb-background-color:#71d2c9;--awb-flex-wrap:wrap;\" ><div class=\"fusion-builder-row fusion-row fusion-flex-align-items-flex-start fusion-flex-content-wrap\" style=\"max-width:1248px;margin-left: calc(-4% \/ 2 );margin-right: calc(-4% \/ 2 );\"><div class=\"fusion-layout-column fusion_builder_column fusion-builder-column-0 fusion_builder_column_1_1 1_1 fusion-flex-column\" style=\"--awb-bg-size:cover;--awb-width-large:100%;--awb-margin-top-large:0px;--awb-spacing-right-large:1.92%;--awb-margin-bottom-large:20px;--awb-spacing-left-large:1.92%;--awb-width-medium:100%;--awb-spacing-right-medium:1.92%;--awb-spacing-left-medium:1.92%;--awb-width-small:100%;--awb-spacing-right-small:1.92%;--awb-spacing-left-small:1.92%;\"><div class=\"fusion-column-wrapper fusion-flex-justify-content-flex-start fusion-content-layout-column\"><div class=\"fusion-text fusion-text-1\"><h1 style=\"text-align: center;\">Die r\u00fcckwirkende Hauptrichtlinie<\/h1>\n<\/div><\/div><\/div><\/div><\/div><div class=\"fusion-fullwidth fullwidth-box fusion-builder-row-2 fusion-flex-container nonhundred-percent-fullwidth non-hundred-percent-height-scrolling\" style=\"--awb-border-radius-top-left:0px;--awb-border-radius-top-right:0px;--awb-border-radius-bottom-right:0px;--awb-border-radius-bottom-left:0px;--awb-padding-top:100px;--awb-padding-bottom:100px;--awb-background-color:#e9ecef;--awb-flex-wrap:wrap;\" ><div class=\"fusion-builder-row fusion-row fusion-flex-align-items-flex-start fusion-flex-content-wrap\" style=\"max-width:1248px;margin-left: calc(-4% \/ 2 );margin-right: calc(-4% \/ 2 );\"><div class=\"fusion-layout-column fusion_builder_column fusion-builder-column-1 fusion_builder_column_1_1 1_1 fusion-flex-column\" style=\"--awb-bg-size:cover;--awb-width-large:100%;--awb-margin-top-large:0px;--awb-spacing-right-large:1.92%;--awb-margin-bottom-large:20px;--awb-spacing-left-large:1.92%;--awb-width-medium:100%;--awb-spacing-right-medium:1.92%;--awb-spacing-left-medium:1.92%;--awb-width-small:100%;--awb-spacing-right-small:1.92%;--awb-spacing-left-small:1.92%;\"><div class=\"fusion-column-wrapper fusion-flex-justify-content-flex-start fusion-content-layout-column\"><div class=\"fusion-text fusion-text-2\"><blockquote>\n<p style=\"text-align: center;\">&#8220;Unabh\u00e4ngig davon, was wir herausfinden, sind wir davon \u00fcberzeugt, dass jeder das Beste getan hat, was er mit seinem damaligen Wissen, seinen F\u00e4higkeiten und Fertigkeiten, den verf\u00fcgbaren Ressourcen und der gegebenen Situation tun konnte.<\/p>\n<\/blockquote>\n<p style=\"text-align: center;\">Norm Kerth, Projekt-Retrospektiven: Ein Handbuch f\u00fcr Team-Reviews<\/p>\n<\/div><\/div><\/div><\/div><\/div><\/p>\n","protected":false},"excerpt":{"rendered":"","protected":false},"author":1,"featured_media":0,"parent":0,"menu_order":0,"comment_status":"closed","ping_status":"closed","template":"100-width.php","meta":{"_acf_changed":false,"inline_featured_image":false,"footnotes":""},"class_list":["post-14143","page","type-page","status-publish","hentry"],"acf":[],"yoast_head":"<!-- This site is optimized with the Yoast SEO plugin v27.1.1 - https:\/\/yoast.com\/product\/yoast-seo-wordpress\/ -->\n<title>Was ist eine Retrospektive der Prime Direktive? | TeamRetro<\/title>\n<meta name=\"description\" content=\"Erfahren Sie, wie die \u201ePrime Directive\u201c der Retrospektive Teams hilft, kontinuierlich zu reflektieren und zu wachsen.\" \/>\n<meta name=\"robots\" content=\"index, follow, max-snippet:-1, max-image-preview:large, max-video-preview:-1\" \/>\n<link rel=\"canonical\" href=\"https:\/\/ww2.teamretro.com\/de\/retrospektive-hauptdirektive\/\" \/>\n<meta property=\"og:locale\" content=\"de_DE\" \/>\n<meta property=\"og:type\" content=\"article\" \/>\n<meta property=\"og:title\" content=\"Was ist eine Retrospektive der Prime Direktive? | TeamRetro\" \/>\n<meta property=\"og:description\" content=\"Erfahren Sie, wie die \u201ePrime Directive\u201c der Retrospektive Teams hilft, kontinuierlich zu reflektieren und zu wachsen.\" \/>\n<meta property=\"og:url\" content=\"https:\/\/ww2.teamretro.com\/de\/retrospektive-hauptdirektive\/\" \/>\n<meta property=\"og:site_name\" content=\"TeamRetro\" \/>\n<meta property=\"article:publisher\" content=\"https:\/\/www.facebook.com\/teamretrohq\" \/>\n<meta property=\"article:modified_time\" content=\"2025-10-27T14:43:40+00:00\" \/>\n<meta name=\"twitter:card\" content=\"summary_large_image\" \/>\n<meta name=\"twitter:site\" content=\"@TeamRetroHQ\" \/>\n<meta name=\"twitter:label1\" content=\"Gesch\u00e4tzte Lesezeit\" \/>\n\t<meta name=\"twitter:data1\" content=\"1\u00a0Minute\" \/>\n<script type=\"application\/ld+json\" class=\"yoast-schema-graph\">{\"@context\":\"https:\/\/schema.org\",\"@graph\":[{\"@type\":\"WebPage\",\"@id\":\"https:\/\/ww2.teamretro.com\/de\/retrospektive-hauptdirektive\/\",\"url\":\"https:\/\/ww2.teamretro.com\/de\/retrospektive-hauptdirektive\/\",\"name\":\"Was ist eine Retrospektive der Prime Direktive? | TeamRetro\",\"isPartOf\":{\"@id\":\"https:\/\/ww2.teamretro.com\/de\/#website\"},\"datePublished\":\"2018-07-12T00:41:13+00:00\",\"dateModified\":\"2025-10-27T14:43:40+00:00\",\"description\":\"Erfahren Sie, wie die \u201ePrime Directive\u201c der Retrospektive Teams hilft, kontinuierlich zu reflektieren und zu wachsen.\",\"breadcrumb\":{\"@id\":\"https:\/\/ww2.teamretro.com\/de\/retrospektive-hauptdirektive\/#breadcrumb\"},\"inLanguage\":\"de\",\"potentialAction\":[{\"@type\":\"ReadAction\",\"target\":[\"https:\/\/ww2.teamretro.com\/de\/retrospektive-hauptdirektive\/\"]}]},{\"@type\":\"BreadcrumbList\",\"@id\":\"https:\/\/ww2.teamretro.com\/de\/retrospektive-hauptdirektive\/#breadcrumb\",\"itemListElement\":[{\"@type\":\"ListItem\",\"position\":1,\"name\":\"Home\",\"item\":\"https:\/\/ww2.teamretro.com\/de\/\"},{\"@type\":\"ListItem\",\"position\":2,\"name\":\"Retrospektive Prime Direktive\"}]},{\"@type\":\"WebSite\",\"@id\":\"https:\/\/ww2.teamretro.com\/de\/#website\",\"url\":\"https:\/\/ww2.teamretro.com\/de\/\",\"name\":\"TeamRetro\",\"description\":\"Agile retrospective tool for distributed teams\",\"publisher\":{\"@id\":\"https:\/\/ww2.teamretro.com\/de\/#organization\"},\"potentialAction\":[{\"@type\":\"SearchAction\",\"target\":{\"@type\":\"EntryPoint\",\"urlTemplate\":\"https:\/\/ww2.teamretro.com\/de\/?s={search_term_string}\"},\"query-input\":{\"@type\":\"PropertyValueSpecification\",\"valueRequired\":true,\"valueName\":\"search_term_string\"}}],\"inLanguage\":\"de\"},{\"@type\":\"Organization\",\"@id\":\"https:\/\/ww2.teamretro.com\/de\/#organization\",\"name\":\"TeamRetro\",\"url\":\"https:\/\/ww2.teamretro.com\/de\/\",\"logo\":{\"@type\":\"ImageObject\",\"inLanguage\":\"de\",\"@id\":\"https:\/\/ww2.teamretro.com\/de\/#\/schema\/logo\/image\/\",\"url\":\"https:\/\/ww2.teamretro.com\/wp-content\/uploads\/2018\/06\/footer-teamretro-logo.png\",\"contentUrl\":\"https:\/\/ww2.teamretro.com\/wp-content\/uploads\/2018\/06\/footer-teamretro-logo.png\",\"width\":170,\"height\":200,\"caption\":\"TeamRetro\"},\"image\":{\"@id\":\"https:\/\/ww2.teamretro.com\/de\/#\/schema\/logo\/image\/\"},\"sameAs\":[\"https:\/\/www.facebook.com\/teamretrohq\",\"https:\/\/x.com\/TeamRetroHQ\",\"https:\/\/www.linkedin.com\/company\/teamretro\",\"https:\/\/www.youtube.com\/channel\/UCXj_X9Riv6SEb6GtxNYpFbQ\/videos?view_as=subscriber\"]}]}<\/script>\n<!-- \/ Yoast SEO plugin. -->","yoast_head_json":{"title":"Was ist eine Retrospektive der Prime Direktive? | TeamRetro","description":"Erfahren Sie, wie die \u201ePrime Directive\u201c der Retrospektive Teams hilft, kontinuierlich zu reflektieren und zu wachsen.","robots":{"index":"index","follow":"follow","max-snippet":"max-snippet:-1","max-image-preview":"max-image-preview:large","max-video-preview":"max-video-preview:-1"},"canonical":"https:\/\/ww2.teamretro.com\/de\/retrospektive-hauptdirektive\/","og_locale":"de_DE","og_type":"article","og_title":"Was ist eine Retrospektive der Prime Direktive? | TeamRetro","og_description":"Erfahren Sie, wie die \u201ePrime Directive\u201c der Retrospektive Teams hilft, kontinuierlich zu reflektieren und zu wachsen.","og_url":"https:\/\/ww2.teamretro.com\/de\/retrospektive-hauptdirektive\/","og_site_name":"TeamRetro","article_publisher":"https:\/\/www.facebook.com\/teamretrohq","article_modified_time":"2025-10-27T14:43:40+00:00","twitter_card":"summary_large_image","twitter_site":"@TeamRetroHQ","twitter_misc":{"Gesch\u00e4tzte Lesezeit":"1\u00a0Minute"},"schema":{"@context":"https:\/\/schema.org","@graph":[{"@type":"WebPage","@id":"https:\/\/ww2.teamretro.com\/de\/retrospektive-hauptdirektive\/","url":"https:\/\/ww2.teamretro.com\/de\/retrospektive-hauptdirektive\/","name":"Was ist eine Retrospektive der Prime Direktive? | TeamRetro","isPartOf":{"@id":"https:\/\/ww2.teamretro.com\/de\/#website"},"datePublished":"2018-07-12T00:41:13+00:00","dateModified":"2025-10-27T14:43:40+00:00","description":"Erfahren Sie, wie die \u201ePrime Directive\u201c der Retrospektive Teams hilft, kontinuierlich zu reflektieren und zu wachsen.","breadcrumb":{"@id":"https:\/\/ww2.teamretro.com\/de\/retrospektive-hauptdirektive\/#breadcrumb"},"inLanguage":"de","potentialAction":[{"@type":"ReadAction","target":["https:\/\/ww2.teamretro.com\/de\/retrospektive-hauptdirektive\/"]}]},{"@type":"BreadcrumbList","@id":"https:\/\/ww2.teamretro.com\/de\/retrospektive-hauptdirektive\/#breadcrumb","itemListElement":[{"@type":"ListItem","position":1,"name":"Home","item":"https:\/\/ww2.teamretro.com\/de\/"},{"@type":"ListItem","position":2,"name":"Retrospektive Prime Direktive"}]},{"@type":"WebSite","@id":"https:\/\/ww2.teamretro.com\/de\/#website","url":"https:\/\/ww2.teamretro.com\/de\/","name":"TeamRetro","description":"Agile retrospective tool for distributed teams","publisher":{"@id":"https:\/\/ww2.teamretro.com\/de\/#organization"},"potentialAction":[{"@type":"SearchAction","target":{"@type":"EntryPoint","urlTemplate":"https:\/\/ww2.teamretro.com\/de\/?s={search_term_string}"},"query-input":{"@type":"PropertyValueSpecification","valueRequired":true,"valueName":"search_term_string"}}],"inLanguage":"de"},{"@type":"Organization","@id":"https:\/\/ww2.teamretro.com\/de\/#organization","name":"TeamRetro","url":"https:\/\/ww2.teamretro.com\/de\/","logo":{"@type":"ImageObject","inLanguage":"de","@id":"https:\/\/ww2.teamretro.com\/de\/#\/schema\/logo\/image\/","url":"https:\/\/ww2.teamretro.com\/wp-content\/uploads\/2018\/06\/footer-teamretro-logo.png","contentUrl":"https:\/\/ww2.teamretro.com\/wp-content\/uploads\/2018\/06\/footer-teamretro-logo.png","width":170,"height":200,"caption":"TeamRetro"},"image":{"@id":"https:\/\/ww2.teamretro.com\/de\/#\/schema\/logo\/image\/"},"sameAs":["https:\/\/www.facebook.com\/teamretrohq","https:\/\/x.com\/TeamRetroHQ","https:\/\/www.linkedin.com\/company\/teamretro","https:\/\/www.youtube.com\/channel\/UCXj_X9Riv6SEb6GtxNYpFbQ\/videos?view_as=subscriber"]}]}},"_links":{"self":[{"href":"https:\/\/ww2.teamretro.com\/de\/wp-json\/wp\/v2\/pages\/14143","targetHints":{"allow":["GET"]}}],"collection":[{"href":"https:\/\/ww2.teamretro.com\/de\/wp-json\/wp\/v2\/pages"}],"about":[{"href":"https:\/\/ww2.teamretro.com\/de\/wp-json\/wp\/v2\/types\/page"}],"author":[{"embeddable":true,"href":"https:\/\/ww2.teamretro.com\/de\/wp-json\/wp\/v2\/users\/1"}],"replies":[{"embeddable":true,"href":"https:\/\/ww2.teamretro.com\/de\/wp-json\/wp\/v2\/comments?post=14143"}],"version-history":[{"count":0,"href":"https:\/\/ww2.teamretro.com\/de\/wp-json\/wp\/v2\/pages\/14143\/revisions"}],"wp:attachment":[{"href":"https:\/\/ww2.teamretro.com\/de\/wp-json\/wp\/v2\/media?parent=14143"}],"curies":[{"name":"wp","href":"https:\/\/api.w.org\/{rel}","templated":true}]}}